{"id":3861,"date":"2024-11-04T19:45:52","date_gmt":"2024-11-04T19:45:52","guid":{"rendered":"https:\/\/newjfglobal.com\/?page_id=3861"},"modified":"2025-10-19T13:57:46","modified_gmt":"2025-10-19T13:57:46","slug":"technical-services","status":"publish","type":"page","link":"https:\/\/newjfglobal.com\/es\/technical-services\/","title":{"rendered":"Technical Services"},"content":{"rendered":"\n<div class=\"wp-block-uagb-container uagb-block-iaajtzen alignfull uagb-is-root-container\"><div class=\"uagb-container-inner-blocks-wrap\">\n<div class=\"wp-block-uagb-info-box uagb-block-zqatx0km uagb-infobox__content-wrap  uagb-infobox-icon-above-title uagb-infobox-image-valign-top\"><div class=\"uagb-ifb-content\"><div class=\"uagb-ifb-title-wrap\"><h1 class=\"uagb-ifb-title\">Servicios T\u00e9cnicos<\/h1><\/div><\/div><\/div>\n<\/div><\/div>\n\n\n\n<div class=\"wp-block-uagb-container uagb-block-aaa9eadd alignfull uagb-is-root-container\"><div class=\"uagb-container-inner-blocks-wrap\">\n<div class=\"wp-block-uagb-advanced-heading uagb-block-a2ed8bfe\"><p class=\"uagb-heading-text\">Nuestro experimentado equipo de servicios t\u00e9cnicos est\u00e1 listo para brindar a nuestros clientes soporte y soluciones de primer nivel, tanto en el sitio como de forma remota, para garantizar que nuestros materiales de embalaje funcionen de manera efectiva con sus m\u00e1quinas para minimizar el tiempo de inactividad.<\/p><\/div>\n<\/div><\/div>\n\n\n\n<div class=\"wp-block-uagb-container mobile-reverse uagb-block-219fa353 alignfull uagb-is-root-container\"><div class=\"uagb-container-inner-blocks-wrap\">\n<div class=\"wp-block-uagb-container streamlined-production uagb-block-4ef183ec\">\n<div class=\"wp-block-uagb-advanced-heading uagb-block-9d9bbe3a\"><h2 class=\"uagb-heading-text\"><strong>Garant\u00eda de calidad e integraci\u00f3n perfecta<\/strong><\/h2><\/div>\n\n\n\n<div class=\"wp-block-uagb-advanced-heading uagb-block-92286f94\"><p class=\"uagb-heading-text\">Probamos nuestros materiales en las m\u00e1quinas de nuestros clientes para verificar la conformidad con las especificaciones y la calidad antes de confirmar el pedido. Durante estas pruebas, los clientes pueden evaluar la durabilidad, la funcionalidad y el atractivo visual de nuestros embalajes para garantizar que el producto llegue en perfectas condiciones, diferenci\u00e1ndolo de la competencia. Adem\u00e1s, ofrecemos soporte t\u00e9cnico durante la fase inicial de implementaci\u00f3n para facilitar una integraci\u00f3n fluida de nuestros materiales con sus m\u00e1quinas.<\/p><\/div>\n<\/div>\n\n\n\n<div class=\"wp-block-uagb-container uagb-block-09b9b99d\">\n<div class=\"wp-block-uagb-image uagb-block-38feb8ec wp-block-uagb-image--layout-default wp-block-uagb-image--effect-static wp-block-uagb-image--align-none\"><figure class=\"wp-block-uagb-image__figure\"><img decoding=\"async\" srcset=\"https:\/\/newjfglobal.com\/wp-content\/uploads\/2024\/11\/quality.png ,https:\/\/newjfglobal.com\/wp-content\/uploads\/2024\/11\/quality.png 780w, https:\/\/newjfglobal.com\/wp-content\/uploads\/2024\/11\/quality.png 360w\" sizes=\"auto, (max-width: 480px) 150px\" src=\"https:\/\/newjfglobal.com\/wp-content\/uploads\/2024\/11\/quality.png\" alt=\"\" class=\"uag-image-854\" width=\"550\" height=\"427\" title=\"quality\" loading=\"lazy\" role=\"img\"\/><\/figure><\/div>\n<\/div>\n<\/div><\/div>\n\n\n\n<div class=\"wp-block-uagb-container uagb-block-4ff448f2 alignfull uagb-is-root-container\"><div class=\"uagb-container-inner-blocks-wrap\">\n<div class=\"wp-block-uagb-container uagb-block-09e7da95\">\n<div class=\"wp-block-uagb-image uagb-block-a86a5ce5 wp-block-uagb-image--layout-default wp-block-uagb-image--effect-static wp-block-uagb-image--align-none\"><figure class=\"wp-block-uagb-image__figure\"><img decoding=\"async\" srcset=\"https:\/\/newjfglobal.com\/wp-content\/uploads\/2024\/11\/filling.png ,https:\/\/newjfglobal.com\/wp-content\/uploads\/2024\/11\/filling.png 780w, https:\/\/newjfglobal.com\/wp-content\/uploads\/2024\/11\/filling.png 360w\" sizes=\"auto, (max-width: 480px) 150px\" src=\"https:\/\/newjfglobal.com\/wp-content\/uploads\/2024\/11\/filling.png\" alt=\"\" class=\"uag-image-853\" width=\"550\" height=\"427\" title=\"filling\" loading=\"lazy\" role=\"img\"\/><\/figure><\/div>\n<\/div>\n\n\n\n<div class=\"wp-block-uagb-container streamlined-production uagb-block-8ba142f4\">\n<div class=\"wp-block-uagb-advanced-heading uagb-block-52082dd8\"><h2 class=\"uagb-heading-text\"><strong>Mejora de las operaciones de la m\u00e1quina de llenado<\/strong><\/h2><\/div>\n\n\n\n<div class=\"wp-block-uagb-advanced-heading uagb-block-7699339d\"><p class=\"uagb-heading-text\">Para apoyar el crecimiento de nuestros clientes mediante la introducci\u00f3n de nuevas categor\u00edas de productos o el aumento de la capacidad de producci\u00f3n, ofrecemos servicios de suministro, instalaci\u00f3n y mantenimiento de m\u00e1quinas llenadoras. Gracias a la colaboraci\u00f3n con nuestros socios globales, mantenemos un alto est\u00e1ndar de calidad de servicio que permite a nuestros clientes lograr una mayor eficiencia operativa.<\/p><\/div>\n<\/div>\n<\/div><\/div>\n\n\n\n<div class=\"wp-block-uagb-container uagb-block-nhmyhbgx alignfull uagb-is-root-container\"><div class=\"uagb-container-inner-blocks-wrap\">\n<div class=\"wp-block-uagb-info-box uagb-block-5vqvjezi uagb-infobox__content-wrap  uagb-infobox-icon-above-title uagb-infobox-image-valign-top get-started-container\"><div class=\"uagb-ifb-content\"><div class=\"uagb-ifb-title-wrap\"><h2 class=\"uagb-ifb-title\">Empezar<\/h2><\/div><p class=\"uagb-ifb-desc\">Cont\u00e1ctenos para conocer c\u00f3mo NewJF puede abordar las necesidades de su negocio con nuestras soluciones.<br><a href=\"mailto:enquiry@newjfglobal.com\"><\/a><\/p><\/div><\/div>\n\n\n\n<div class=\"wp-block-uagb-buttons uagb-buttons__outer-wrap uagb-btn__default-btn uagb-btn-tablet__default-btn uagb-btn-mobile__default-btn uagb-block-90071695\"><div class=\"uagb-buttons__wrap uagb-buttons-layout-wrap \">\n<div class=\"wp-block-uagb-buttons-child uagb-buttons__outer-wrap uagb-block-71dbbd49 wp-block-button\"><div class=\"uagb-button__wrapper\"><a class=\"uagb-buttons-repeater wp-block-button__link\" aria-label=\"\" href=\"https:\/\/newjfglobal.com\/es\/contact\/\" rel=\"follow noopener\" target=\"_self\" role=\"button\"><div class=\"uagb-button__link\">Contacta con nosotros<\/div><\/a><\/div><\/div>\n<\/div><\/div>\n<\/div><\/div>\n","protected":false},"excerpt":{"rendered":"<p>Nuestro experimentado equipo de servicios t\u00e9cnicos est\u00e1 listo para brindar a nuestros clientes soporte y soluciones de primer nivel, tanto en el sitio como de forma remota, para garantizar que nuestros materiales de embalaje funcionen de manera efectiva con sus m\u00e1quinas para minimizar el tiempo de inactividad. Garant\u00eda de calidad e integraci\u00f3n perfecta Probamos nuestros [&hellip;]<\/p>\n","protected":false},"author":2,"featured_media":0,"parent":0,"menu_order":0,"comment_status":"closed","ping_status":"closed","template":"","meta":{"_coblocks_attr":"","_coblocks_dimensions":"","_coblocks_responsive_height":"","_coblocks_accordion_ie_support":"","_uag_custom_page_level_css":"","_swt_meta_header_display":false,"_swt_meta_footer_display":false,"_swt_meta_site_title_display":false,"_swt_meta_sticky_header":false,"_swt_meta_transparent_header":false,"footnotes":""},"class_list":["post-3861","page","type-page","status-publish","hentry"],"yoast_head":"<!-- This site is optimized with the Yoast SEO plugin v27.4 - https:\/\/yoast.com\/product\/yoast-seo-wordpress\/ -->\n<title>Technical Services - NewJF Packaging<\/title>\n<meta name=\"robots\" content=\"index, follow, max-snippet:-1, max-image-preview:large, max-video-preview:-1\" \/>\n<link rel=\"canonical\" href=\"https:\/\/newjfglobal.com\/es\/technical-services\/\" \/>\n<meta property=\"og:locale\" content=\"es_ES\" \/>\n<meta property=\"og:type\" content=\"article\" \/>\n<meta property=\"og:title\" content=\"Technical Services - NewJF Packaging\" \/>\n<meta property=\"og:description\" content=\"Nuestro experimentado equipo de servicios t\u00e9cnicos est\u00e1 listo para brindar a nuestros clientes soporte y soluciones de primer nivel, tanto en el sitio como de forma remota, para garantizar que nuestros materiales de embalaje funcionen de manera efectiva con sus m\u00e1quinas para minimizar el tiempo de inactividad. Garant\u00eda de calidad e integraci\u00f3n perfecta Probamos nuestros [&hellip;]\" \/>\n<meta property=\"og:url\" content=\"https:\/\/newjfglobal.com\/es\/technical-services\/\" \/>\n<meta property=\"og:site_name\" content=\"NewJF Packaging\" \/>\n<meta property=\"article:modified_time\" content=\"2025-10-19T13:57:46+00:00\" \/>\n<meta property=\"og:image\" content=\"https:\/\/newjfglobal.com\/wp-content\/uploads\/2024\/11\/quality.png\" \/>\n<meta name=\"twitter:card\" content=\"summary_large_image\" \/>\n<meta name=\"twitter:label1\" content=\"Tiempo de lectura\" \/>\n\t<meta name=\"twitter:data1\" content=\"2 minutos\" \/>\n<script type=\"application\/ld+json\" class=\"yoast-schema-graph\">{\"@context\":\"https:\\\/\\\/schema.org\",\"@graph\":[{\"@type\":\"WebPage\",\"@id\":\"https:\\\/\\\/newjfglobal.com\\\/es\\\/technical-services\\\/\",\"url\":\"https:\\\/\\\/newjfglobal.com\\\/es\\\/technical-services\\\/\",\"name\":\"Technical Services - NewJF Packaging\",\"isPartOf\":{\"@id\":\"https:\\\/\\\/newjfglobal.com\\\/es\\\/#website\"},\"primaryImageOfPage\":{\"@id\":\"https:\\\/\\\/newjfglobal.com\\\/es\\\/technical-services\\\/#primaryimage\"},\"image\":{\"@id\":\"https:\\\/\\\/newjfglobal.com\\\/es\\\/technical-services\\\/#primaryimage\"},\"thumbnailUrl\":\"https:\\\/\\\/newjfglobal.com\\\/wp-content\\\/uploads\\\/2024\\\/11\\\/quality.png\",\"datePublished\":\"2024-11-04T19:45:52+00:00\",\"dateModified\":\"2025-10-19T13:57:46+00:00\",\"breadcrumb\":{\"@id\":\"https:\\\/\\\/newjfglobal.com\\\/es\\\/technical-services\\\/#breadcrumb\"},\"inLanguage\":\"es\",\"potentialAction\":[{\"@type\":\"ReadAction\",\"target\":[\"https:\\\/\\\/newjfglobal.com\\\/es\\\/technical-services\\\/\"]}]},{\"@type\":\"ImageObject\",\"inLanguage\":\"es\",\"@id\":\"https:\\\/\\\/newjfglobal.com\\\/es\\\/technical-services\\\/#primaryimage\",\"url\":\"https:\\\/\\\/newjfglobal.com\\\/wp-content\\\/uploads\\\/2024\\\/11\\\/quality.png\",\"contentUrl\":\"https:\\\/\\\/newjfglobal.com\\\/wp-content\\\/uploads\\\/2024\\\/11\\\/quality.png\"},{\"@type\":\"BreadcrumbList\",\"@id\":\"https:\\\/\\\/newjfglobal.com\\\/es\\\/technical-services\\\/#breadcrumb\",\"itemListElement\":[{\"@type\":\"ListItem\",\"position\":1,\"name\":\"Home\",\"item\":\"https:\\\/\\\/newjfglobal.com\\\/es\\\/\"},{\"@type\":\"ListItem\",\"position\":2,\"name\":\"Technical Services\"}]},{\"@type\":\"WebSite\",\"@id\":\"https:\\\/\\\/newjfglobal.com\\\/es\\\/#website\",\"url\":\"https:\\\/\\\/newjfglobal.com\\\/es\\\/\",\"name\":\"NewJF Packaging\",\"description\":\"\",\"publisher\":{\"@id\":\"https:\\\/\\\/newjfglobal.com\\\/es\\\/#organization\"},\"potentialAction\":[{\"@type\":\"SearchAction\",\"target\":{\"@type\":\"EntryPoint\",\"urlTemplate\":\"https:\\\/\\\/newjfglobal.com\\\/es\\\/?s={search_term_string}\"},\"query-input\":{\"@type\":\"PropertyValueSpecification\",\"valueRequired\":true,\"valueName\":\"search_term_string\"}}],\"inLanguage\":\"es\"},{\"@type\":\"Organization\",\"@id\":\"https:\\\/\\\/newjfglobal.com\\\/es\\\/#organization\",\"name\":\"NewJF Packaging\",\"url\":\"https:\\\/\\\/newjfglobal.com\\\/es\\\/\",\"logo\":{\"@type\":\"ImageObject\",\"inLanguage\":\"es\",\"@id\":\"https:\\\/\\\/newjfglobal.com\\\/es\\\/#\\\/schema\\\/logo\\\/image\\\/\",\"url\":\"https:\\\/\\\/newjfglobal.com\\\/wp-content\\\/uploads\\\/2024\\\/10\\\/logo.png\",\"contentUrl\":\"https:\\\/\\\/newjfglobal.com\\\/wp-content\\\/uploads\\\/2024\\\/10\\\/logo.png\",\"width\":276,\"height\":73,\"caption\":\"NewJF Packaging\"},\"image\":{\"@id\":\"https:\\\/\\\/newjfglobal.com\\\/es\\\/#\\\/schema\\\/logo\\\/image\\\/\"}}]}<\/script>\n<!-- \/ Yoast SEO plugin. -->","yoast_head_json":{"title":"Technical Services - NewJF Packaging","robots":{"index":"index","follow":"follow","max-snippet":"max-snippet:-1","max-image-preview":"max-image-preview:large","max-video-preview":"max-video-preview:-1"},"canonical":"https:\/\/newjfglobal.com\/es\/technical-services\/","og_locale":"es_ES","og_type":"article","og_title":"Technical Services - NewJF Packaging","og_description":"Nuestro experimentado equipo de servicios t\u00e9cnicos est\u00e1 listo para brindar a nuestros clientes soporte y soluciones de primer nivel, tanto en el sitio como de forma remota, para garantizar que nuestros materiales de embalaje funcionen de manera efectiva con sus m\u00e1quinas para minimizar el tiempo de inactividad. Garant\u00eda de calidad e integraci\u00f3n perfecta Probamos nuestros [&hellip;]","og_url":"https:\/\/newjfglobal.com\/es\/technical-services\/","og_site_name":"NewJF Packaging","article_modified_time":"2025-10-19T13:57:46+00:00","og_image":[{"url":"https:\/\/newjfglobal.com\/wp-content\/uploads\/2024\/11\/quality.png","type":"","width":"","height":""}],"twitter_card":"summary_large_image","twitter_misc":{"Tiempo de lectura":"2 minutos"},"schema":{"@context":"https:\/\/schema.org","@graph":[{"@type":"WebPage","@id":"https:\/\/newjfglobal.com\/es\/technical-services\/","url":"https:\/\/newjfglobal.com\/es\/technical-services\/","name":"Technical Services - NewJF Packaging","isPartOf":{"@id":"https:\/\/newjfglobal.com\/es\/#website"},"primaryImageOfPage":{"@id":"https:\/\/newjfglobal.com\/es\/technical-services\/#primaryimage"},"image":{"@id":"https:\/\/newjfglobal.com\/es\/technical-services\/#primaryimage"},"thumbnailUrl":"https:\/\/newjfglobal.com\/wp-content\/uploads\/2024\/11\/quality.png","datePublished":"2024-11-04T19:45:52+00:00","dateModified":"2025-10-19T13:57:46+00:00","breadcrumb":{"@id":"https:\/\/newjfglobal.com\/es\/technical-services\/#breadcrumb"},"inLanguage":"es","potentialAction":[{"@type":"ReadAction","target":["https:\/\/newjfglobal.com\/es\/technical-services\/"]}]},{"@type":"ImageObject","inLanguage":"es","@id":"https:\/\/newjfglobal.com\/es\/technical-services\/#primaryimage","url":"https:\/\/newjfglobal.com\/wp-content\/uploads\/2024\/11\/quality.png","contentUrl":"https:\/\/newjfglobal.com\/wp-content\/uploads\/2024\/11\/quality.png"},{"@type":"BreadcrumbList","@id":"https:\/\/newjfglobal.com\/es\/technical-services\/#breadcrumb","itemListElement":[{"@type":"ListItem","position":1,"name":"Home","item":"https:\/\/newjfglobal.com\/es\/"},{"@type":"ListItem","position":2,"name":"Technical Services"}]},{"@type":"WebSite","@id":"https:\/\/newjfglobal.com\/es\/#website","url":"https:\/\/newjfglobal.com\/es\/","name":"NewJF Packaging","description":"","publisher":{"@id":"https:\/\/newjfglobal.com\/es\/#organization"},"potentialAction":[{"@type":"SearchAction","target":{"@type":"EntryPoint","urlTemplate":"https:\/\/newjfglobal.com\/es\/?s={search_term_string}"},"query-input":{"@type":"PropertyValueSpecification","valueRequired":true,"valueName":"search_term_string"}}],"inLanguage":"es"},{"@type":"Organization","@id":"https:\/\/newjfglobal.com\/es\/#organization","name":"NewJF Packaging","url":"https:\/\/newjfglobal.com\/es\/","logo":{"@type":"ImageObject","inLanguage":"es","@id":"https:\/\/newjfglobal.com\/es\/#\/schema\/logo\/image\/","url":"https:\/\/newjfglobal.com\/wp-content\/uploads\/2024\/10\/logo.png","contentUrl":"https:\/\/newjfglobal.com\/wp-content\/uploads\/2024\/10\/logo.png","width":276,"height":73,"caption":"NewJF Packaging"},"image":{"@id":"https:\/\/newjfglobal.com\/es\/#\/schema\/logo\/image\/"}}]}},"uagb_featured_image_src":{"full":false,"thumbnail":false,"medium":false,"medium_large":false,"large":false,"1536x1536":false,"2048x2048":false},"uagb_author_info":{"display_name":"sylvialee","author_link":"https:\/\/newjfglobal.com\/es\/author\/sylvialee\/"},"uagb_comment_info":0,"uagb_excerpt":"Nuestro experimentado equipo de servicios t\u00e9cnicos est\u00e1 listo para brindar a nuestros clientes soporte y soluciones de primer nivel, tanto en el sitio como de forma remota, para garantizar que nuestros materiales de embalaje funcionen de manera efectiva con sus m\u00e1quinas para minimizar el tiempo de inactividad. Garant\u00eda de calidad e integraci\u00f3n perfecta Probamos nuestros&hellip;","_links":{"self":[{"href":"https:\/\/newjfglobal.com\/es\/wp-json\/wp\/v2\/pages\/3861","targetHints":{"allow":["GET"]}}],"collection":[{"href":"https:\/\/newjfglobal.com\/es\/wp-json\/wp\/v2\/pages"}],"about":[{"href":"https:\/\/newjfglobal.com\/es\/wp-json\/wp\/v2\/types\/page"}],"author":[{"embeddable":true,"href":"https:\/\/newjfglobal.com\/es\/wp-json\/wp\/v2\/users\/2"}],"replies":[{"embeddable":true,"href":"https:\/\/newjfglobal.com\/es\/wp-json\/wp\/v2\/comments?post=3861"}],"version-history":[{"count":2,"href":"https:\/\/newjfglobal.com\/es\/wp-json\/wp\/v2\/pages\/3861\/revisions"}],"predecessor-version":[{"id":4391,"href":"https:\/\/newjfglobal.com\/es\/wp-json\/wp\/v2\/pages\/3861\/revisions\/4391"}],"wp:attachment":[{"href":"https:\/\/newjfglobal.com\/es\/wp-json\/wp\/v2\/media?parent=3861"}],"curies":[{"name":"wp","href":"https:\/\/api.w.org\/{rel}","templated":true}]}}