{"id":3866,"date":"2024-11-04T18:11:41","date_gmt":"2024-11-04T18:11:41","guid":{"rendered":"https:\/\/newjfglobal.com\/?page_id=3866"},"modified":"2025-10-19T13:58:04","modified_gmt":"2025-10-19T13:58:04","slug":"innovation","status":"publish","type":"page","link":"https:\/\/newjfglobal.com\/es\/innovation\/","title":{"rendered":"Innovation"},"content":{"rendered":"\n<div class=\"wp-block-uagb-container uagb-block-iaajtzen alignfull uagb-is-root-container\"><div class=\"uagb-container-inner-blocks-wrap\">\n<div class=\"wp-block-uagb-info-box uagb-block-zqatx0km uagb-infobox__content-wrap  uagb-infobox-icon-above-title uagb-infobox-image-valign-top\"><div class=\"uagb-ifb-content\"><div class=\"uagb-ifb-title-wrap\"><h1 class=\"uagb-ifb-title\">Innovaci\u00f3n<\/h1><\/div><\/div><\/div>\n<\/div><\/div>\n\n\n\n<div class=\"wp-block-uagb-container uagb-block-aaa9eadd alignfull uagb-is-root-container\"><div class=\"uagb-container-inner-blocks-wrap\">\n<p class=\"has-text-align-center has-poppins-font-family has-custom-font\" style=\"font-size:18px;line-height:1.4;font-family:poppins\">En respuesta a la creciente demanda de garantizar la seguridad de los productos l\u00e1cteos, la necesidad de lograr un equilibrio entre calidad y eficiencia, la creciente preferencia por envases ecol\u00f3gicos y el objetivo colectivo de minimizar el desperdicio, innovamos continuamente para satisfacer las expectativas cambiantes del mercado.<\/p>\n<\/div><\/div>\n\n\n\n<div class=\"wp-block-uagb-container uagb-block-219fa353 alignfull uagb-is-root-container\"><div class=\"uagb-container-inner-blocks-wrap\">\n<div class=\"wp-block-uagb-container streamlined-production uagb-block-4ef183ec\">\n<div class=\"wp-block-uagb-advanced-heading uagb-block-9d9bbe3a\"><h2 class=\"uagb-heading-text\"><strong>Gesti\u00f3n de producci\u00f3n optimizada<\/strong><\/h2><\/div>\n\n\n\n<div class=\"wp-block-uagb-advanced-heading uagb-block-a2ed8bfe\"><p class=\"uagb-heading-text\">Para mejorar la eficiencia de la producci\u00f3n, los productos con las mismas especificaciones se agrupan en lotes seg\u00fan las caracter\u00edsticas y los requisitos de impresi\u00f3n de diferentes clientes.<\/p><\/div>\n\n\n\n<div class=\"wp-block-uagb-advanced-heading uagb-block-5ee985d6\"><h2 class=\"uagb-heading-text\"><strong>Proceso de producci\u00f3n rastreable<\/strong><br><\/h2><\/div>\n\n\n\n<div class=\"wp-block-uagb-advanced-heading uagb-block-2fe69c34\"><p class=\"uagb-heading-text\">Nuestro sistema de producci\u00f3n integrado permite un seguimiento preciso del estado de los lotes de productos, lo que facilita el control oportuno del proceso de producci\u00f3n. Esta capacidad nos permite identificar r\u00e1pidamente problemas y realizar ajustes en los equipos, lo que se traduce en una mejora del rendimiento del producto y una gesti\u00f3n eficaz de los costes de producci\u00f3n.<\/p><\/div>\n\n\n\n<div class=\"wp-block-uagb-advanced-heading uagb-block-120edd79\"><h2 class=\"uagb-heading-text\"><strong>Servicio de producci\u00f3n personalizado<br><\/strong><\/h2><\/div>\n\n\n\n<div class=\"wp-block-uagb-advanced-heading uagb-block-9c68925c\"><p class=\"uagb-heading-text\">Comprendemos las diferentes necesidades de nuestros clientes, ubicados en diversas ubicaciones geogr\u00e1ficas, que operan en entornos de producci\u00f3n \u00fanicos y utilizan distintos modelos de m\u00e1quinas de llenado. Factores como la altitud, la presi\u00f3n atmosf\u00e9rica, la temperatura y la humedad son cruciales en las especificaciones de envasado as\u00e9ptico, especialmente para clientes con instalaciones en todo el mundo. Para abordar estas variaciones, documentamos meticulosamente los detalles y las bases de producci\u00f3n de nuestros clientes. Este enfoque nos permite adaptar nuestro proceso de producci\u00f3n a las necesidades espec\u00edficas de cada cliente mediante la personalizaci\u00f3n y los ajustes necesarios.<\/p><\/div>\n<\/div>\n\n\n\n<div class=\"wp-block-uagb-container uagb-block-09b9b99d\">\n<div class=\"wp-block-uagb-image uagb-block-38feb8ec wp-block-uagb-image--layout-default wp-block-uagb-image--effect-static wp-block-uagb-image--align-none\"><figure class=\"wp-block-uagb-image__figure\"><img decoding=\"async\" srcset=\"https:\/\/newjfglobal.com\/wp-content\/uploads\/2025\/06\/Innovation_IMG_4259-1024x768.jpeg ,https:\/\/newjfglobal.com\/wp-content\/uploads\/2025\/06\/Innovation_IMG_4259-scaled.jpeg 780w, https:\/\/newjfglobal.com\/wp-content\/uploads\/2025\/06\/Innovation_IMG_4259-scaled.jpeg 360w\" sizes=\"auto, (max-width: 480px) 150px\" src=\"https:\/\/newjfglobal.com\/wp-content\/uploads\/2025\/06\/Innovation_IMG_4259-1024x768.jpeg\" alt=\"\" class=\"uag-image-1067\" width=\"1024\" height=\"768\" title=\"Innovation_IMG_4259\" loading=\"lazy\" role=\"img\"\/><\/figure><\/div>\n<\/div>\n<\/div><\/div>\n\n\n\n<div class=\"wp-block-uagb-container uagb-block-4ff448f2 alignfull uagb-is-root-container\"><div class=\"uagb-container-inner-blocks-wrap\">\n<div class=\"wp-block-uagb-container uagb-block-09e7da95\">\n<div class=\"wp-block-uagb-image uagb-block-a86a5ce5 wp-block-uagb-image--layout-default wp-block-uagb-image--effect-static wp-block-uagb-image--align-none\"><figure class=\"wp-block-uagb-image__figure\"><img decoding=\"async\" srcset=\"https:\/\/newjfglobal.com\/wp-content\/uploads\/2025\/06\/Innovation_IMG_4271-1024x768.jpeg ,https:\/\/newjfglobal.com\/wp-content\/uploads\/2025\/06\/Innovation_IMG_4271-scaled.jpeg 780w, https:\/\/newjfglobal.com\/wp-content\/uploads\/2025\/06\/Innovation_IMG_4271-scaled.jpeg 360w\" sizes=\"auto, (max-width: 480px) 150px\" src=\"https:\/\/newjfglobal.com\/wp-content\/uploads\/2025\/06\/Innovation_IMG_4271-1024x768.jpeg\" alt=\"\" class=\"uag-image-1069\" width=\"1024\" height=\"768\" title=\"Innovation_IMG_4271\" loading=\"lazy\" role=\"img\"\/><\/figure><\/div>\n<\/div>\n\n\n\n<div class=\"wp-block-uagb-container streamlined-production uagb-block-8ba142f4\">\n<div class=\"wp-block-uagb-advanced-heading uagb-block-52082dd8\"><h2 class=\"uagb-heading-text\"><strong>Seguimiento de c\u00f3digos QR y an\u00e1lisis de big data<\/strong><\/h2><\/div>\n\n\n\n<div class=\"wp-block-uagb-advanced-heading uagb-block-7699339d\"><p class=\"uagb-heading-text\">Nuestra tecnolog\u00eda nos permite asignar un c\u00f3digo QR exclusivo a cada envase as\u00e9ptico, lo que permite a los clientes de los sectores de leche l\u00edquida y bebidas no carbonatadas amplificar su valor comercial a trav\u00e9s de una mejor trazabilidad, marketing, an\u00e1lisis de datos y eficiencia operativa.<\/p><\/div>\n\n\n\n<div class=\"wp-block-uagb-advanced-heading uagb-block-91bb4942\"><h2 class=\"uagb-heading-text\">Optimizaci\u00f3n de las operaciones del almac\u00e9n<\/h2><\/div>\n\n\n\n<div class=\"wp-block-uagb-advanced-heading uagb-block-836f3906\"><p class=\"uagb-heading-text\">Mejoramos nuestras operaciones de almacenamiento implementando tecnolog\u00eda avanzada de transformaci\u00f3n digital para optimizar el proceso de gesti\u00f3n. Esto incluye un sistema neum\u00e1tico de presi\u00f3n negativa de fase fina para el almacenamiento y transporte seguro de materias primas clave, como el polietileno. Adem\u00e1s, utilizamos equipos automatizados para garantizar una alta eficiencia de producci\u00f3n y una calidad constante del producto durante todo el proceso.<\/p><\/div>\n\n\n\n<div class=\"wp-block-uagb-advanced-heading uagb-block-0fabe555\"><h2 class=\"uagb-heading-text\"><strong>Dar forma a los est\u00e1ndares t\u00e9cnicos de la industria<\/strong><\/h2><\/div>\n\n\n\n<div class=\"wp-block-uagb-advanced-heading uagb-block-d80a0b7a\"><p class=\"uagb-heading-text\">Nos enorgullece ser los art\u00edfices de diversas normas t\u00e9cnicas del sector, como la \u00ab20193206-T-469 Prueba de permeabilidad al ox\u00edgeno de materiales de envasado para pel\u00edculas y l\u00e1minas de pl\u00e1stico, m\u00e9todo de detecci\u00f3n mediante medidor de Coulomb\u00bb, la \u00abGB\/T 18706-2008 Materiales compuestos de matriz de papel para el envasado de alimentos l\u00edquidos con alto contenido de frescura\u00bb y la \u00abBB\/T 0052-2009 Pel\u00edculas y bolsas coextruidas para envasado de leche l\u00edquida\u00bb, entre otras. Nuestro compromiso con la excelencia se refleja en nuestro liderazgo en el establecimiento y desarrollo de m\u00faltiples normas t\u00e9cnicas del sector.<\/p><\/div>\n<\/div>\n<\/div><\/div>\n\n\n\n<div class=\"wp-block-uagb-container uagb-block-nhmyhbgx alignfull uagb-is-root-container\"><div class=\"uagb-container-inner-blocks-wrap\">\n<div class=\"wp-block-uagb-info-box uagb-block-5vqvjezi uagb-infobox__content-wrap  uagb-infobox-icon-above-title uagb-infobox-image-valign-top get-started-container\"><div class=\"uagb-ifb-content\"><div class=\"uagb-ifb-title-wrap\"><h2 class=\"uagb-ifb-title\">Empezar<\/h2><\/div><p class=\"uagb-ifb-desc\">Cont\u00e1ctenos para conocer c\u00f3mo NewJF puede abordar las necesidades de su negocio con nuestras soluciones.<br><a href=\"mailto:enquiry@newjfglobal.com\"><\/a><\/p><\/div><\/div>\n\n\n\n<div class=\"wp-block-uagb-buttons uagb-buttons__outer-wrap uagb-btn__default-btn uagb-btn-tablet__default-btn uagb-btn-mobile__default-btn uagb-block-90071695\"><div class=\"uagb-buttons__wrap uagb-buttons-layout-wrap \">\n<div class=\"wp-block-uagb-buttons-child uagb-buttons__outer-wrap uagb-block-71dbbd49 wp-block-button\"><div class=\"uagb-button__wrapper\"><a class=\"uagb-buttons-repeater wp-block-button__link\" aria-label=\"\" href=\"https:\/\/newjfglobal.com\/es\/contact\/\" rel=\"follow noopener\" target=\"_self\" role=\"button\"><div class=\"uagb-button__link\">Contacta con nosotros<\/div><\/a><\/div><\/div>\n<\/div><\/div>\n<\/div><\/div>\n","protected":false},"excerpt":{"rendered":"<p>En respuesta a la creciente demanda de garantizar la seguridad de los productos l\u00e1cteos, la necesidad de lograr un equilibrio entre calidad y eficiencia, la creciente preferencia por envases ecol\u00f3gicos y el objetivo colectivo de minimizar el desperdicio, innovamos continuamente para satisfacer las expectativas cambiantes del mercado. Gesti\u00f3n de producci\u00f3n optimizada Para mejorar la eficiencia [&hellip;]<\/p>\n","protected":false},"author":2,"featured_media":0,"parent":0,"menu_order":0,"comment_status":"closed","ping_status":"closed","template":"","meta":{"_coblocks_attr":"","_coblocks_dimensions":"","_coblocks_responsive_height":"","_coblocks_accordion_ie_support":"","_uag_custom_page_level_css":"","_swt_meta_header_display":false,"_swt_meta_footer_display":false,"_swt_meta_site_title_display":false,"_swt_meta_sticky_header":false,"_swt_meta_transparent_header":false,"footnotes":""},"class_list":["post-3866","page","type-page","status-publish","hentry"],"yoast_head":"<!-- This site is optimized with the Yoast SEO plugin v27.4 - https:\/\/yoast.com\/product\/yoast-seo-wordpress\/ -->\n<title>Innovation - NewJF Packaging<\/title>\n<meta name=\"robots\" content=\"index, follow, max-snippet:-1, max-image-preview:large, max-video-preview:-1\" \/>\n<link rel=\"canonical\" href=\"https:\/\/newjfglobal.com\/es\/innovation\/\" \/>\n<meta property=\"og:locale\" content=\"es_ES\" \/>\n<meta property=\"og:type\" content=\"article\" \/>\n<meta property=\"og:title\" content=\"Innovation - NewJF Packaging\" \/>\n<meta property=\"og:description\" content=\"En respuesta a la creciente demanda de garantizar la seguridad de los productos l\u00e1cteos, la necesidad de lograr un equilibrio entre calidad y eficiencia, la creciente preferencia por envases ecol\u00f3gicos y el objetivo colectivo de minimizar el desperdicio, innovamos continuamente para satisfacer las expectativas cambiantes del mercado. Gesti\u00f3n de producci\u00f3n optimizada Para mejorar la eficiencia [&hellip;]\" \/>\n<meta property=\"og:url\" content=\"https:\/\/newjfglobal.com\/es\/innovation\/\" \/>\n<meta property=\"og:site_name\" content=\"NewJF Packaging\" \/>\n<meta property=\"article:modified_time\" content=\"2025-10-19T13:58:04+00:00\" \/>\n<meta property=\"og:image\" content=\"https:\/\/newjfglobal.com\/wp-content\/uploads\/2025\/06\/Innovation_IMG_4259-1024x768.jpeg\" \/>\n<meta name=\"twitter:card\" content=\"summary_large_image\" \/>\n<meta name=\"twitter:label1\" content=\"Tiempo de lectura\" \/>\n\t<meta name=\"twitter:data1\" content=\"3 minutos\" \/>\n<script type=\"application\/ld+json\" class=\"yoast-schema-graph\">{\"@context\":\"https:\\\/\\\/schema.org\",\"@graph\":[{\"@type\":\"WebPage\",\"@id\":\"https:\\\/\\\/newjfglobal.com\\\/es\\\/innovation\\\/\",\"url\":\"https:\\\/\\\/newjfglobal.com\\\/es\\\/innovation\\\/\",\"name\":\"Innovation - NewJF Packaging\",\"isPartOf\":{\"@id\":\"https:\\\/\\\/newjfglobal.com\\\/es\\\/#website\"},\"primaryImageOfPage\":{\"@id\":\"https:\\\/\\\/newjfglobal.com\\\/es\\\/innovation\\\/#primaryimage\"},\"image\":{\"@id\":\"https:\\\/\\\/newjfglobal.com\\\/es\\\/innovation\\\/#primaryimage\"},\"thumbnailUrl\":\"https:\\\/\\\/newjfglobal.com\\\/wp-content\\\/uploads\\\/2025\\\/06\\\/Innovation_IMG_4259-1024x768.jpeg\",\"datePublished\":\"2024-11-04T18:11:41+00:00\",\"dateModified\":\"2025-10-19T13:58:04+00:00\",\"breadcrumb\":{\"@id\":\"https:\\\/\\\/newjfglobal.com\\\/es\\\/innovation\\\/#breadcrumb\"},\"inLanguage\":\"es\",\"potentialAction\":[{\"@type\":\"ReadAction\",\"target\":[\"https:\\\/\\\/newjfglobal.com\\\/es\\\/innovation\\\/\"]}]},{\"@type\":\"ImageObject\",\"inLanguage\":\"es\",\"@id\":\"https:\\\/\\\/newjfglobal.com\\\/es\\\/innovation\\\/#primaryimage\",\"url\":\"https:\\\/\\\/newjfglobal.com\\\/wp-content\\\/uploads\\\/2025\\\/06\\\/Innovation_IMG_4259-1024x768.jpeg\",\"contentUrl\":\"https:\\\/\\\/newjfglobal.com\\\/wp-content\\\/uploads\\\/2025\\\/06\\\/Innovation_IMG_4259-1024x768.jpeg\"},{\"@type\":\"BreadcrumbList\",\"@id\":\"https:\\\/\\\/newjfglobal.com\\\/es\\\/innovation\\\/#breadcrumb\",\"itemListElement\":[{\"@type\":\"ListItem\",\"position\":1,\"name\":\"Home\",\"item\":\"https:\\\/\\\/newjfglobal.com\\\/es\\\/\"},{\"@type\":\"ListItem\",\"position\":2,\"name\":\"Innovation\"}]},{\"@type\":\"WebSite\",\"@id\":\"https:\\\/\\\/newjfglobal.com\\\/es\\\/#website\",\"url\":\"https:\\\/\\\/newjfglobal.com\\\/es\\\/\",\"name\":\"NewJF Packaging\",\"description\":\"\",\"publisher\":{\"@id\":\"https:\\\/\\\/newjfglobal.com\\\/es\\\/#organization\"},\"potentialAction\":[{\"@type\":\"SearchAction\",\"target\":{\"@type\":\"EntryPoint\",\"urlTemplate\":\"https:\\\/\\\/newjfglobal.com\\\/es\\\/?s={search_term_string}\"},\"query-input\":{\"@type\":\"PropertyValueSpecification\",\"valueRequired\":true,\"valueName\":\"search_term_string\"}}],\"inLanguage\":\"es\"},{\"@type\":\"Organization\",\"@id\":\"https:\\\/\\\/newjfglobal.com\\\/es\\\/#organization\",\"name\":\"NewJF Packaging\",\"url\":\"https:\\\/\\\/newjfglobal.com\\\/es\\\/\",\"logo\":{\"@type\":\"ImageObject\",\"inLanguage\":\"es\",\"@id\":\"https:\\\/\\\/newjfglobal.com\\\/es\\\/#\\\/schema\\\/logo\\\/image\\\/\",\"url\":\"https:\\\/\\\/newjfglobal.com\\\/wp-content\\\/uploads\\\/2024\\\/10\\\/logo.png\",\"contentUrl\":\"https:\\\/\\\/newjfglobal.com\\\/wp-content\\\/uploads\\\/2024\\\/10\\\/logo.png\",\"width\":276,\"height\":73,\"caption\":\"NewJF Packaging\"},\"image\":{\"@id\":\"https:\\\/\\\/newjfglobal.com\\\/es\\\/#\\\/schema\\\/logo\\\/image\\\/\"}}]}<\/script>\n<!-- \/ Yoast SEO plugin. -->","yoast_head_json":{"title":"Innovation - NewJF Packaging","robots":{"index":"index","follow":"follow","max-snippet":"max-snippet:-1","max-image-preview":"max-image-preview:large","max-video-preview":"max-video-preview:-1"},"canonical":"https:\/\/newjfglobal.com\/es\/innovation\/","og_locale":"es_ES","og_type":"article","og_title":"Innovation - NewJF Packaging","og_description":"En respuesta a la creciente demanda de garantizar la seguridad de los productos l\u00e1cteos, la necesidad de lograr un equilibrio entre calidad y eficiencia, la creciente preferencia por envases ecol\u00f3gicos y el objetivo colectivo de minimizar el desperdicio, innovamos continuamente para satisfacer las expectativas cambiantes del mercado. Gesti\u00f3n de producci\u00f3n optimizada Para mejorar la eficiencia [&hellip;]","og_url":"https:\/\/newjfglobal.com\/es\/innovation\/","og_site_name":"NewJF Packaging","article_modified_time":"2025-10-19T13:58:04+00:00","og_image":[{"url":"https:\/\/newjfglobal.com\/wp-content\/uploads\/2025\/06\/Innovation_IMG_4259-1024x768.jpeg","type":"","width":"","height":""}],"twitter_card":"summary_large_image","twitter_misc":{"Tiempo de lectura":"3 minutos"},"schema":{"@context":"https:\/\/schema.org","@graph":[{"@type":"WebPage","@id":"https:\/\/newjfglobal.com\/es\/innovation\/","url":"https:\/\/newjfglobal.com\/es\/innovation\/","name":"Innovation - NewJF Packaging","isPartOf":{"@id":"https:\/\/newjfglobal.com\/es\/#website"},"primaryImageOfPage":{"@id":"https:\/\/newjfglobal.com\/es\/innovation\/#primaryimage"},"image":{"@id":"https:\/\/newjfglobal.com\/es\/innovation\/#primaryimage"},"thumbnailUrl":"https:\/\/newjfglobal.com\/wp-content\/uploads\/2025\/06\/Innovation_IMG_4259-1024x768.jpeg","datePublished":"2024-11-04T18:11:41+00:00","dateModified":"2025-10-19T13:58:04+00:00","breadcrumb":{"@id":"https:\/\/newjfglobal.com\/es\/innovation\/#breadcrumb"},"inLanguage":"es","potentialAction":[{"@type":"ReadAction","target":["https:\/\/newjfglobal.com\/es\/innovation\/"]}]},{"@type":"ImageObject","inLanguage":"es","@id":"https:\/\/newjfglobal.com\/es\/innovation\/#primaryimage","url":"https:\/\/newjfglobal.com\/wp-content\/uploads\/2025\/06\/Innovation_IMG_4259-1024x768.jpeg","contentUrl":"https:\/\/newjfglobal.com\/wp-content\/uploads\/2025\/06\/Innovation_IMG_4259-1024x768.jpeg"},{"@type":"BreadcrumbList","@id":"https:\/\/newjfglobal.com\/es\/innovation\/#breadcrumb","itemListElement":[{"@type":"ListItem","position":1,"name":"Home","item":"https:\/\/newjfglobal.com\/es\/"},{"@type":"ListItem","position":2,"name":"Innovation"}]},{"@type":"WebSite","@id":"https:\/\/newjfglobal.com\/es\/#website","url":"https:\/\/newjfglobal.com\/es\/","name":"NewJF Packaging","description":"","publisher":{"@id":"https:\/\/newjfglobal.com\/es\/#organization"},"potentialAction":[{"@type":"SearchAction","target":{"@type":"EntryPoint","urlTemplate":"https:\/\/newjfglobal.com\/es\/?s={search_term_string}"},"query-input":{"@type":"PropertyValueSpecification","valueRequired":true,"valueName":"search_term_string"}}],"inLanguage":"es"},{"@type":"Organization","@id":"https:\/\/newjfglobal.com\/es\/#organization","name":"NewJF Packaging","url":"https:\/\/newjfglobal.com\/es\/","logo":{"@type":"ImageObject","inLanguage":"es","@id":"https:\/\/newjfglobal.com\/es\/#\/schema\/logo\/image\/","url":"https:\/\/newjfglobal.com\/wp-content\/uploads\/2024\/10\/logo.png","contentUrl":"https:\/\/newjfglobal.com\/wp-content\/uploads\/2024\/10\/logo.png","width":276,"height":73,"caption":"NewJF Packaging"},"image":{"@id":"https:\/\/newjfglobal.com\/es\/#\/schema\/logo\/image\/"}}]}},"uagb_featured_image_src":{"full":false,"thumbnail":false,"medium":false,"medium_large":false,"large":false,"1536x1536":false,"2048x2048":false},"uagb_author_info":{"display_name":"sylvialee","author_link":"https:\/\/newjfglobal.com\/es\/author\/sylvialee\/"},"uagb_comment_info":0,"uagb_excerpt":"En respuesta a la creciente demanda de garantizar la seguridad de los productos l\u00e1cteos, la necesidad de lograr un equilibrio entre calidad y eficiencia, la creciente preferencia por envases ecol\u00f3gicos y el objetivo colectivo de minimizar el desperdicio, innovamos continuamente para satisfacer las expectativas cambiantes del mercado. Gesti\u00f3n de producci\u00f3n optimizada Para mejorar la eficiencia&hellip;","_links":{"self":[{"href":"https:\/\/newjfglobal.com\/es\/wp-json\/wp\/v2\/pages\/3866","targetHints":{"allow":["GET"]}}],"collection":[{"href":"https:\/\/newjfglobal.com\/es\/wp-json\/wp\/v2\/pages"}],"about":[{"href":"https:\/\/newjfglobal.com\/es\/wp-json\/wp\/v2\/types\/page"}],"author":[{"embeddable":true,"href":"https:\/\/newjfglobal.com\/es\/wp-json\/wp\/v2\/users\/2"}],"replies":[{"embeddable":true,"href":"https:\/\/newjfglobal.com\/es\/wp-json\/wp\/v2\/comments?post=3866"}],"version-history":[{"count":2,"href":"https:\/\/newjfglobal.com\/es\/wp-json\/wp\/v2\/pages\/3866\/revisions"}],"predecessor-version":[{"id":4398,"href":"https:\/\/newjfglobal.com\/es\/wp-json\/wp\/v2\/pages\/3866\/revisions\/4398"}],"wp:attachment":[{"href":"https:\/\/newjfglobal.com\/es\/wp-json\/wp\/v2\/media?parent=3866"}],"curies":[{"name":"wp","href":"https:\/\/api.w.org\/{rel}","templated":true}]}}