{"id":3988,"date":"2025-10-14T09:13:14","date_gmt":"2025-10-14T09:13:14","guid":{"rendered":"https:\/\/newjfglobal.com\/?page_id=3988"},"modified":"2025-11-13T06:07:46","modified_gmt":"2025-11-13T06:07:46","slug":"local-support","status":"publish","type":"page","link":"https:\/\/newjfglobal.com\/es\/local-support\/","title":{"rendered":"Local Support"},"content":{"rendered":"\n<div class=\"wp-block-uagb-container uagb-block-iaajtzen alignfull uagb-is-root-container\"><div class=\"uagb-container-inner-blocks-wrap\">\n<div class=\"wp-block-uagb-info-box uagb-block-zqatx0km uagb-infobox__content-wrap  uagb-infobox-icon-above-title uagb-infobox-image-valign-top\"><div class=\"uagb-ifb-content\"><div class=\"uagb-ifb-title-wrap\"><h1 class=\"uagb-ifb-title\">Soporte Local<\/h1><\/div><\/div><\/div>\n<\/div><\/div>\n\n\n\n<div class=\"wp-block-uagb-container uagb-block-731697cd alignfull uagb-is-root-container\"><div class=\"uagb-container-inner-blocks-wrap\">\n<div class=\"wp-block-uagb-container uagb-block-0041238e\">\n<div class=\"wp-block-uagb-advanced-heading uagb-block-e536c587\"><p class=\"uagb-heading-text\">Nuestros representantes de Desarrollo de Negocio y especialistas en Atenci\u00f3n al Cliente ofrecen soporte multiling\u00fce en mercados claves y zonas horarias. Ubicados cerca de las regiones a las que prestan servicio, aportan un profundo conocimiento de las necesidades comerciales locales y las particularidades culturales. Ya sea una reuni\u00f3n presencial en sus instalaciones, soporte continuo o servicio para sus l\u00edneas de envasado, nuestro equipo act\u00faa como su principal punto de contacto, garantizando una comunicaci\u00f3n fluida entre usted y su proveedor.<br><br>El manejo de pedidos se gestiona de forma centralizada en varios idiomas, lo que proporciona un servicio consistente y eficiente en todas las regiones.<\/p><\/div>\n<\/div>\n\n\n\n<div class=\"wp-block-uagb-container o-m1 uagb-block-5b90de61\">\n<div class=\"wp-block-uagb-image uagb-block-7f92f571 wp-block-uagb-image--layout-default wp-block-uagb-image--effect-static wp-block-uagb-image--align-none\"><figure class=\"wp-block-uagb-image__figure\"><img decoding=\"async\" srcset=\"https:\/\/newjfglobal.com\/wp-content\/uploads\/2025\/10\/pexels-mikhail-nilov-7682356-scaled.jpg ,https:\/\/newjfglobal.com\/wp-content\/uploads\/2025\/10\/pexels-mikhail-nilov-7682356-scaled.jpg 780w, https:\/\/newjfglobal.com\/wp-content\/uploads\/2025\/10\/pexels-mikhail-nilov-7682356-scaled.jpg 360w\" sizes=\"auto, (max-width: 480px) 150px\" src=\"https:\/\/newjfglobal.com\/wp-content\/uploads\/2025\/10\/pexels-mikhail-nilov-7682356-scaled.jpg\" alt=\"\" class=\"uag-image-2160\" width=\"2560\" height=\"400\" title=\"pexels-mikhail-nilov-7682356\" loading=\"lazy\" role=\"img\"\/><\/figure><\/div>\n<\/div>\n<\/div><\/div>\n\n\n\n<div class=\"wp-block-uagb-container uagb-block-nhmyhbgx alignfull uagb-is-root-container\"><div class=\"uagb-container-inner-blocks-wrap\">\n<div class=\"wp-block-uagb-info-box uagb-block-5vqvjezi uagb-infobox__content-wrap  uagb-infobox-icon-above-title uagb-infobox-image-valign-top get-started-container\"><div class=\"uagb-ifb-content\"><div class=\"uagb-ifb-title-wrap\"><h2 class=\"uagb-ifb-title\">Empezar<\/h2><\/div><p class=\"uagb-ifb-desc\">Cont\u00e1ctenos para conocer c\u00f3mo NewJF puede abordar las necesidades de su negocio con nuestras soluciones.<br><a href=\"mailto:enquiry@newjfglobal.com\"><\/a><\/p><\/div><\/div>\n\n\n\n<div class=\"wp-block-uagb-buttons uagb-buttons__outer-wrap uagb-btn__default-btn uagb-btn-tablet__default-btn uagb-btn-mobile__default-btn uagb-block-90071695\"><div class=\"uagb-buttons__wrap uagb-buttons-layout-wrap \">\n<div class=\"wp-block-uagb-buttons-child uagb-buttons__outer-wrap uagb-block-71dbbd49 wp-block-button\"><div class=\"uagb-button__wrapper\"><a class=\"uagb-buttons-repeater wp-block-button__link\" aria-label=\"\" href=\"https:\/\/newjfglobal.com\/es\/contact\/\" rel=\"follow noopener\" target=\"_self\" role=\"button\"><div class=\"uagb-button__link\">Contacta con nosotros<\/div><\/a><\/div><\/div>\n<\/div><\/div>\n<\/div><\/div>\n","protected":false},"excerpt":{"rendered":"<p>Nuestros representantes de Desarrollo de Negocio y especialistas en Atenci\u00f3n al Cliente ofrecen soporte multiling\u00fce en mercados claves y zonas horarias. Ubicados cerca de las regiones a las que prestan servicio, aportan un profundo conocimiento de las necesidades comerciales locales y las particularidades culturales. Ya sea una reuni\u00f3n presencial en sus instalaciones, soporte continuo o [&hellip;]<\/p>\n","protected":false},"author":2,"featured_media":0,"parent":0,"menu_order":0,"comment_status":"closed","ping_status":"closed","template":"","meta":{"_coblocks_attr":"","_coblocks_dimensions":"","_coblocks_responsive_height":"","_coblocks_accordion_ie_support":"","_uag_custom_page_level_css":"","_swt_meta_header_display":false,"_swt_meta_footer_display":false,"_swt_meta_site_title_display":false,"_swt_meta_sticky_header":false,"_swt_meta_transparent_header":false,"footnotes":""},"class_list":["post-3988","page","type-page","status-publish","hentry"],"yoast_head":"<!-- This site is optimized with the Yoast SEO plugin v27.4 - https:\/\/yoast.com\/product\/yoast-seo-wordpress\/ -->\n<title>Local Support - NewJF Packaging<\/title>\n<meta name=\"robots\" content=\"index, follow, max-snippet:-1, max-image-preview:large, max-video-preview:-1\" \/>\n<link rel=\"canonical\" href=\"https:\/\/newjfglobal.com\/es\/local-support\/\" \/>\n<meta property=\"og:locale\" content=\"es_ES\" \/>\n<meta property=\"og:type\" content=\"article\" \/>\n<meta property=\"og:title\" content=\"Local Support - NewJF Packaging\" \/>\n<meta property=\"og:description\" content=\"Nuestros representantes de Desarrollo de Negocio y especialistas en Atenci\u00f3n al Cliente ofrecen soporte multiling\u00fce en mercados claves y zonas horarias. Ubicados cerca de las regiones a las que prestan servicio, aportan un profundo conocimiento de las necesidades comerciales locales y las particularidades culturales. Ya sea una reuni\u00f3n presencial en sus instalaciones, soporte continuo o [&hellip;]\" \/>\n<meta property=\"og:url\" content=\"https:\/\/newjfglobal.com\/es\/local-support\/\" \/>\n<meta property=\"og:site_name\" content=\"NewJF Packaging\" \/>\n<meta property=\"article:modified_time\" content=\"2025-11-13T06:07:46+00:00\" \/>\n<meta property=\"og:image\" content=\"https:\/\/newjfglobal.com\/wp-content\/uploads\/2025\/10\/pexels-mikhail-nilov-7682356-scaled.jpg\" \/>\n<meta name=\"twitter:card\" content=\"summary_large_image\" \/>\n<meta name=\"twitter:label1\" content=\"Tiempo de lectura\" \/>\n\t<meta name=\"twitter:data1\" content=\"2 minutos\" \/>\n<script type=\"application\/ld+json\" class=\"yoast-schema-graph\">{\"@context\":\"https:\\\/\\\/schema.org\",\"@graph\":[{\"@type\":\"WebPage\",\"@id\":\"https:\\\/\\\/newjfglobal.com\\\/es\\\/local-support\\\/\",\"url\":\"https:\\\/\\\/newjfglobal.com\\\/es\\\/local-support\\\/\",\"name\":\"Local Support - NewJF Packaging\",\"isPartOf\":{\"@id\":\"https:\\\/\\\/newjfglobal.com\\\/es\\\/#website\"},\"primaryImageOfPage\":{\"@id\":\"https:\\\/\\\/newjfglobal.com\\\/es\\\/local-support\\\/#primaryimage\"},\"image\":{\"@id\":\"https:\\\/\\\/newjfglobal.com\\\/es\\\/local-support\\\/#primaryimage\"},\"thumbnailUrl\":\"https:\\\/\\\/newjfglobal.com\\\/wp-content\\\/uploads\\\/2025\\\/10\\\/pexels-mikhail-nilov-7682356-scaled.jpg\",\"datePublished\":\"2025-10-14T09:13:14+00:00\",\"dateModified\":\"2025-11-13T06:07:46+00:00\",\"breadcrumb\":{\"@id\":\"https:\\\/\\\/newjfglobal.com\\\/es\\\/local-support\\\/#breadcrumb\"},\"inLanguage\":\"es\",\"potentialAction\":[{\"@type\":\"ReadAction\",\"target\":[\"https:\\\/\\\/newjfglobal.com\\\/es\\\/local-support\\\/\"]}]},{\"@type\":\"ImageObject\",\"inLanguage\":\"es\",\"@id\":\"https:\\\/\\\/newjfglobal.com\\\/es\\\/local-support\\\/#primaryimage\",\"url\":\"https:\\\/\\\/newjfglobal.com\\\/wp-content\\\/uploads\\\/2025\\\/10\\\/pexels-mikhail-nilov-7682356-scaled.jpg\",\"contentUrl\":\"https:\\\/\\\/newjfglobal.com\\\/wp-content\\\/uploads\\\/2025\\\/10\\\/pexels-mikhail-nilov-7682356-scaled.jpg\"},{\"@type\":\"BreadcrumbList\",\"@id\":\"https:\\\/\\\/newjfglobal.com\\\/es\\\/local-support\\\/#breadcrumb\",\"itemListElement\":[{\"@type\":\"ListItem\",\"position\":1,\"name\":\"Home\",\"item\":\"https:\\\/\\\/newjfglobal.com\\\/es\\\/\"},{\"@type\":\"ListItem\",\"position\":2,\"name\":\"Local Support\"}]},{\"@type\":\"WebSite\",\"@id\":\"https:\\\/\\\/newjfglobal.com\\\/es\\\/#website\",\"url\":\"https:\\\/\\\/newjfglobal.com\\\/es\\\/\",\"name\":\"NewJF Packaging\",\"description\":\"\",\"publisher\":{\"@id\":\"https:\\\/\\\/newjfglobal.com\\\/es\\\/#organization\"},\"potentialAction\":[{\"@type\":\"SearchAction\",\"target\":{\"@type\":\"EntryPoint\",\"urlTemplate\":\"https:\\\/\\\/newjfglobal.com\\\/es\\\/?s={search_term_string}\"},\"query-input\":{\"@type\":\"PropertyValueSpecification\",\"valueRequired\":true,\"valueName\":\"search_term_string\"}}],\"inLanguage\":\"es\"},{\"@type\":\"Organization\",\"@id\":\"https:\\\/\\\/newjfglobal.com\\\/es\\\/#organization\",\"name\":\"NewJF Packaging\",\"url\":\"https:\\\/\\\/newjfglobal.com\\\/es\\\/\",\"logo\":{\"@type\":\"ImageObject\",\"inLanguage\":\"es\",\"@id\":\"https:\\\/\\\/newjfglobal.com\\\/es\\\/#\\\/schema\\\/logo\\\/image\\\/\",\"url\":\"https:\\\/\\\/newjfglobal.com\\\/wp-content\\\/uploads\\\/2024\\\/10\\\/logo.png\",\"contentUrl\":\"https:\\\/\\\/newjfglobal.com\\\/wp-content\\\/uploads\\\/2024\\\/10\\\/logo.png\",\"width\":276,\"height\":73,\"caption\":\"NewJF Packaging\"},\"image\":{\"@id\":\"https:\\\/\\\/newjfglobal.com\\\/es\\\/#\\\/schema\\\/logo\\\/image\\\/\"}}]}<\/script>\n<!-- \/ Yoast SEO plugin. -->","yoast_head_json":{"title":"Local Support - NewJF Packaging","robots":{"index":"index","follow":"follow","max-snippet":"max-snippet:-1","max-image-preview":"max-image-preview:large","max-video-preview":"max-video-preview:-1"},"canonical":"https:\/\/newjfglobal.com\/es\/local-support\/","og_locale":"es_ES","og_type":"article","og_title":"Local Support - NewJF Packaging","og_description":"Nuestros representantes de Desarrollo de Negocio y especialistas en Atenci\u00f3n al Cliente ofrecen soporte multiling\u00fce en mercados claves y zonas horarias. Ubicados cerca de las regiones a las que prestan servicio, aportan un profundo conocimiento de las necesidades comerciales locales y las particularidades culturales. Ya sea una reuni\u00f3n presencial en sus instalaciones, soporte continuo o [&hellip;]","og_url":"https:\/\/newjfglobal.com\/es\/local-support\/","og_site_name":"NewJF Packaging","article_modified_time":"2025-11-13T06:07:46+00:00","og_image":[{"url":"https:\/\/newjfglobal.com\/wp-content\/uploads\/2025\/10\/pexels-mikhail-nilov-7682356-scaled.jpg","type":"","width":"","height":""}],"twitter_card":"summary_large_image","twitter_misc":{"Tiempo de lectura":"2 minutos"},"schema":{"@context":"https:\/\/schema.org","@graph":[{"@type":"WebPage","@id":"https:\/\/newjfglobal.com\/es\/local-support\/","url":"https:\/\/newjfglobal.com\/es\/local-support\/","name":"Local Support - NewJF Packaging","isPartOf":{"@id":"https:\/\/newjfglobal.com\/es\/#website"},"primaryImageOfPage":{"@id":"https:\/\/newjfglobal.com\/es\/local-support\/#primaryimage"},"image":{"@id":"https:\/\/newjfglobal.com\/es\/local-support\/#primaryimage"},"thumbnailUrl":"https:\/\/newjfglobal.com\/wp-content\/uploads\/2025\/10\/pexels-mikhail-nilov-7682356-scaled.jpg","datePublished":"2025-10-14T09:13:14+00:00","dateModified":"2025-11-13T06:07:46+00:00","breadcrumb":{"@id":"https:\/\/newjfglobal.com\/es\/local-support\/#breadcrumb"},"inLanguage":"es","potentialAction":[{"@type":"ReadAction","target":["https:\/\/newjfglobal.com\/es\/local-support\/"]}]},{"@type":"ImageObject","inLanguage":"es","@id":"https:\/\/newjfglobal.com\/es\/local-support\/#primaryimage","url":"https:\/\/newjfglobal.com\/wp-content\/uploads\/2025\/10\/pexels-mikhail-nilov-7682356-scaled.jpg","contentUrl":"https:\/\/newjfglobal.com\/wp-content\/uploads\/2025\/10\/pexels-mikhail-nilov-7682356-scaled.jpg"},{"@type":"BreadcrumbList","@id":"https:\/\/newjfglobal.com\/es\/local-support\/#breadcrumb","itemListElement":[{"@type":"ListItem","position":1,"name":"Home","item":"https:\/\/newjfglobal.com\/es\/"},{"@type":"ListItem","position":2,"name":"Local Support"}]},{"@type":"WebSite","@id":"https:\/\/newjfglobal.com\/es\/#website","url":"https:\/\/newjfglobal.com\/es\/","name":"NewJF Packaging","description":"","publisher":{"@id":"https:\/\/newjfglobal.com\/es\/#organization"},"potentialAction":[{"@type":"SearchAction","target":{"@type":"EntryPoint","urlTemplate":"https:\/\/newjfglobal.com\/es\/?s={search_term_string}"},"query-input":{"@type":"PropertyValueSpecification","valueRequired":true,"valueName":"search_term_string"}}],"inLanguage":"es"},{"@type":"Organization","@id":"https:\/\/newjfglobal.com\/es\/#organization","name":"NewJF Packaging","url":"https:\/\/newjfglobal.com\/es\/","logo":{"@type":"ImageObject","inLanguage":"es","@id":"https:\/\/newjfglobal.com\/es\/#\/schema\/logo\/image\/","url":"https:\/\/newjfglobal.com\/wp-content\/uploads\/2024\/10\/logo.png","contentUrl":"https:\/\/newjfglobal.com\/wp-content\/uploads\/2024\/10\/logo.png","width":276,"height":73,"caption":"NewJF Packaging"},"image":{"@id":"https:\/\/newjfglobal.com\/es\/#\/schema\/logo\/image\/"}}]}},"uagb_featured_image_src":{"full":false,"thumbnail":false,"medium":false,"medium_large":false,"large":false,"1536x1536":false,"2048x2048":false},"uagb_author_info":{"display_name":"sylvialee","author_link":"https:\/\/newjfglobal.com\/es\/author\/sylvialee\/"},"uagb_comment_info":0,"uagb_excerpt":"Nuestros representantes de Desarrollo de Negocio y especialistas en Atenci\u00f3n al Cliente ofrecen soporte multiling\u00fce en mercados claves y zonas horarias. Ubicados cerca de las regiones a las que prestan servicio, aportan un profundo conocimiento de las necesidades comerciales locales y las particularidades culturales. Ya sea una reuni\u00f3n presencial en sus instalaciones, soporte continuo o&hellip;","_links":{"self":[{"href":"https:\/\/newjfglobal.com\/es\/wp-json\/wp\/v2\/pages\/3988","targetHints":{"allow":["GET"]}}],"collection":[{"href":"https:\/\/newjfglobal.com\/es\/wp-json\/wp\/v2\/pages"}],"about":[{"href":"https:\/\/newjfglobal.com\/es\/wp-json\/wp\/v2\/types\/page"}],"author":[{"embeddable":true,"href":"https:\/\/newjfglobal.com\/es\/wp-json\/wp\/v2\/users\/2"}],"replies":[{"embeddable":true,"href":"https:\/\/newjfglobal.com\/es\/wp-json\/wp\/v2\/comments?post=3988"}],"version-history":[{"count":3,"href":"https:\/\/newjfglobal.com\/es\/wp-json\/wp\/v2\/pages\/3988\/revisions"}],"predecessor-version":[{"id":4699,"href":"https:\/\/newjfglobal.com\/es\/wp-json\/wp\/v2\/pages\/3988\/revisions\/4699"}],"wp:attachment":[{"href":"https:\/\/newjfglobal.com\/es\/wp-json\/wp\/v2\/media?parent=3988"}],"curies":[{"name":"wp","href":"https:\/\/api.w.org\/{rel}","templated":true}]}}