{"id":4012,"date":"2025-10-14T10:44:51","date_gmt":"2025-10-14T10:44:51","guid":{"rendered":"https:\/\/newjfglobal.com\/?page_id=4012"},"modified":"2025-11-13T06:05:19","modified_gmt":"2025-11-13T06:05:19","slug":"business-continuity","status":"publish","type":"page","link":"https:\/\/newjfglobal.com\/es\/business-continuity\/","title":{"rendered":"Business Continuity"},"content":{"rendered":"\n<div class=\"wp-block-uagb-container uagb-block-iaajtzen alignfull uagb-is-root-container\"><div class=\"uagb-container-inner-blocks-wrap\">\n<div class=\"wp-block-uagb-info-box uagb-block-zqatx0km uagb-infobox__content-wrap  uagb-infobox-icon-above-title uagb-infobox-image-valign-top\"><div class=\"uagb-ifb-content\"><div class=\"uagb-ifb-title-wrap\"><h1 class=\"uagb-ifb-title\">Continuidad del negocio<\/h1><\/div><\/div><\/div>\n<\/div><\/div>\n\n\n\n<div class=\"wp-block-uagb-container uagb-block-aaa9eadd alignfull uagb-is-root-container\"><div class=\"uagb-container-inner-blocks-wrap\">\n<div class=\"wp-block-uagb-advanced-heading uagb-block-d7a82915\"><p class=\"uagb-heading-text\">En NJF, entendemos que el suministro ininterrumpido es fundamental para el \u00e9xito de nuestros clientes.<\/p><\/div>\n<\/div><\/div>\n\n\n\n<div class=\"wp-block-uagb-container uagb-block-731697cd alignfull uagb-is-root-container\"><div class=\"uagb-container-inner-blocks-wrap\">\n<div class=\"wp-block-uagb-container uagb-block-0041238e\">\n<div class=\"wp-block-uagb-advanced-heading uagb-block-e536c587\"><p class=\"uagb-heading-text\">Nuestras m\u00faltiples plantas de fabricaci\u00f3n nos permiten lograr un alto grado de redundancia en nuestras operaciones para poder continuar el suministro en caso de imprevistos. Todos nuestros productos se fabrican en m\u00faltiples ubicaciones y hemos establecido una estructura resiliente para evitar la dependencia de una sola instalaci\u00f3n o funci\u00f3n. Nuestros equipos est\u00e1n capacitados para responder con rapidez ante emergencias, minimizando el tiempo de inactividad y manteniendo la calidad del servicio. Ya sea un desastre natural, un evento provocado por el hombre o una interrupci\u00f3n en la cadena de suministro, NJF est\u00e1 preparado para adaptarse y recuperarse con rapidez y precisi\u00f3n.<\/p><\/div>\n<\/div>\n\n\n\n<div class=\"wp-block-uagb-container o-m1 uagb-block-5b90de61\">\n<div class=\"wp-block-uagb-image uagb-block-7f92f571 wp-block-uagb-image--layout-default wp-block-uagb-image--effect-static wp-block-uagb-image--align-none\"><figure class=\"wp-block-uagb-image__figure\"><img decoding=\"async\" srcset=\"https:\/\/newjfglobal.com\/wp-content\/uploads\/2025\/10\/biz-continuity-content-image-3-1024x683.jpg ,https:\/\/newjfglobal.com\/wp-content\/uploads\/2025\/10\/biz-continuity-content-image-3-scaled.jpg 780w, https:\/\/newjfglobal.com\/wp-content\/uploads\/2025\/10\/biz-continuity-content-image-3-scaled.jpg 360w\" sizes=\"auto, (max-width: 480px) 150px\" src=\"https:\/\/newjfglobal.com\/wp-content\/uploads\/2025\/10\/biz-continuity-content-image-3-1024x683.jpg\" alt=\"\" class=\"uag-image-4702\" width=\"550\" height=\"427\" title=\"Logistics and transportation concept on supermarket background.\" loading=\"lazy\" role=\"img\"\/><\/figure><\/div>\n<\/div>\n<\/div><\/div>\n\n\n\n<div class=\"wp-block-uagb-container uagb-block-nhmyhbgx alignfull uagb-is-root-container\"><div class=\"uagb-container-inner-blocks-wrap\">\n<div class=\"wp-block-uagb-info-box uagb-block-5vqvjezi uagb-infobox__content-wrap  uagb-infobox-icon-above-title uagb-infobox-image-valign-top get-started-container\"><div class=\"uagb-ifb-content\"><div class=\"uagb-ifb-title-wrap\"><h2 class=\"uagb-ifb-title\">Empezar<\/h2><\/div><p class=\"uagb-ifb-desc\">Cont\u00e1ctenos para conocer c\u00f3mo NewJF puede abordar las necesidades de su negocio con nuestras soluciones.<br><a href=\"mailto:enquiry@newjfglobal.com\"><\/a><\/p><\/div><\/div>\n\n\n\n<div class=\"wp-block-uagb-buttons uagb-buttons__outer-wrap uagb-btn__default-btn uagb-btn-tablet__default-btn uagb-btn-mobile__default-btn uagb-block-90071695\"><div class=\"uagb-buttons__wrap uagb-buttons-layout-wrap \">\n<div class=\"wp-block-uagb-buttons-child uagb-buttons__outer-wrap uagb-block-71dbbd49 wp-block-button\"><div class=\"uagb-button__wrapper\"><a class=\"uagb-buttons-repeater wp-block-button__link\" aria-label=\"\" href=\"https:\/\/newjfglobal.com\/es\/contact\/\" rel=\"follow noopener\" target=\"_self\" role=\"button\"><div class=\"uagb-button__link\">Contacta con nosotros<\/div><\/a><\/div><\/div>\n<\/div><\/div>\n<\/div><\/div>\n","protected":false},"excerpt":{"rendered":"<p>En NJF, entendemos que el suministro ininterrumpido es fundamental para el \u00e9xito de nuestros clientes. Nuestras m\u00faltiples plantas de fabricaci\u00f3n nos permiten lograr un alto grado de redundancia en nuestras operaciones para poder continuar el suministro en caso de imprevistos. Todos nuestros productos se fabrican en m\u00faltiples ubicaciones y hemos establecido una estructura resiliente para [&hellip;]<\/p>\n","protected":false},"author":2,"featured_media":0,"parent":0,"menu_order":0,"comment_status":"closed","ping_status":"closed","template":"","meta":{"_coblocks_attr":"","_coblocks_dimensions":"","_coblocks_responsive_height":"","_coblocks_accordion_ie_support":"","_uag_custom_page_level_css":"","_swt_meta_header_display":false,"_swt_meta_footer_display":false,"_swt_meta_site_title_display":false,"_swt_meta_sticky_header":false,"_swt_meta_transparent_header":false,"footnotes":""},"class_list":["post-4012","page","type-page","status-publish","hentry"],"yoast_head":"<!-- This site is optimized with the Yoast SEO plugin v27.5 - https:\/\/yoast.com\/product\/yoast-seo-wordpress\/ -->\n<title>Business Continuity - NewJF Packaging<\/title>\n<meta name=\"robots\" content=\"index, follow, max-snippet:-1, max-image-preview:large, max-video-preview:-1\" \/>\n<link rel=\"canonical\" href=\"https:\/\/newjfglobal.com\/es\/business-continuity\/\" \/>\n<meta property=\"og:locale\" content=\"es_ES\" \/>\n<meta property=\"og:type\" content=\"article\" \/>\n<meta property=\"og:title\" content=\"Business Continuity - NewJF Packaging\" \/>\n<meta property=\"og:description\" content=\"En NJF, entendemos que el suministro ininterrumpido es fundamental para el \u00e9xito de nuestros clientes. Nuestras m\u00faltiples plantas de fabricaci\u00f3n nos permiten lograr un alto grado de redundancia en nuestras operaciones para poder continuar el suministro en caso de imprevistos. Todos nuestros productos se fabrican en m\u00faltiples ubicaciones y hemos establecido una estructura resiliente para [&hellip;]\" \/>\n<meta property=\"og:url\" content=\"https:\/\/newjfglobal.com\/es\/business-continuity\/\" \/>\n<meta property=\"og:site_name\" content=\"NewJF Packaging\" \/>\n<meta property=\"article:modified_time\" content=\"2025-11-13T06:05:19+00:00\" \/>\n<meta property=\"og:image\" content=\"https:\/\/newjfglobal.com\/wp-content\/uploads\/2025\/10\/biz-continuity-content-image-3-1024x683.jpg\" \/>\n<meta name=\"twitter:card\" content=\"summary_large_image\" \/>\n<meta name=\"twitter:label1\" content=\"Tiempo de lectura\" \/>\n\t<meta name=\"twitter:data1\" content=\"2 minutos\" \/>\n<script type=\"application\/ld+json\" class=\"yoast-schema-graph\">{\"@context\":\"https:\\\/\\\/schema.org\",\"@graph\":[{\"@type\":\"WebPage\",\"@id\":\"https:\\\/\\\/newjfglobal.com\\\/es\\\/business-continuity\\\/\",\"url\":\"https:\\\/\\\/newjfglobal.com\\\/es\\\/business-continuity\\\/\",\"name\":\"Business Continuity - NewJF Packaging\",\"isPartOf\":{\"@id\":\"https:\\\/\\\/newjfglobal.com\\\/es\\\/#website\"},\"primaryImageOfPage\":{\"@id\":\"https:\\\/\\\/newjfglobal.com\\\/es\\\/business-continuity\\\/#primaryimage\"},\"image\":{\"@id\":\"https:\\\/\\\/newjfglobal.com\\\/es\\\/business-continuity\\\/#primaryimage\"},\"thumbnailUrl\":\"https:\\\/\\\/newjfglobal.com\\\/wp-content\\\/uploads\\\/2025\\\/10\\\/biz-continuity-content-image-3-1024x683.jpg\",\"datePublished\":\"2025-10-14T10:44:51+00:00\",\"dateModified\":\"2025-11-13T06:05:19+00:00\",\"breadcrumb\":{\"@id\":\"https:\\\/\\\/newjfglobal.com\\\/es\\\/business-continuity\\\/#breadcrumb\"},\"inLanguage\":\"es\",\"potentialAction\":[{\"@type\":\"ReadAction\",\"target\":[\"https:\\\/\\\/newjfglobal.com\\\/es\\\/business-continuity\\\/\"]}]},{\"@type\":\"ImageObject\",\"inLanguage\":\"es\",\"@id\":\"https:\\\/\\\/newjfglobal.com\\\/es\\\/business-continuity\\\/#primaryimage\",\"url\":\"https:\\\/\\\/newjfglobal.com\\\/wp-content\\\/uploads\\\/2025\\\/10\\\/biz-continuity-content-image-3-1024x683.jpg\",\"contentUrl\":\"https:\\\/\\\/newjfglobal.com\\\/wp-content\\\/uploads\\\/2025\\\/10\\\/biz-continuity-content-image-3-1024x683.jpg\"},{\"@type\":\"BreadcrumbList\",\"@id\":\"https:\\\/\\\/newjfglobal.com\\\/es\\\/business-continuity\\\/#breadcrumb\",\"itemListElement\":[{\"@type\":\"ListItem\",\"position\":1,\"name\":\"Home\",\"item\":\"https:\\\/\\\/newjfglobal.com\\\/es\\\/\"},{\"@type\":\"ListItem\",\"position\":2,\"name\":\"Business Continuity\"}]},{\"@type\":\"WebSite\",\"@id\":\"https:\\\/\\\/newjfglobal.com\\\/es\\\/#website\",\"url\":\"https:\\\/\\\/newjfglobal.com\\\/es\\\/\",\"name\":\"NewJF Packaging\",\"description\":\"\",\"publisher\":{\"@id\":\"https:\\\/\\\/newjfglobal.com\\\/es\\\/#organization\"},\"potentialAction\":[{\"@type\":\"SearchAction\",\"target\":{\"@type\":\"EntryPoint\",\"urlTemplate\":\"https:\\\/\\\/newjfglobal.com\\\/es\\\/?s={search_term_string}\"},\"query-input\":{\"@type\":\"PropertyValueSpecification\",\"valueRequired\":true,\"valueName\":\"search_term_string\"}}],\"inLanguage\":\"es\"},{\"@type\":\"Organization\",\"@id\":\"https:\\\/\\\/newjfglobal.com\\\/es\\\/#organization\",\"name\":\"NewJF Packaging\",\"url\":\"https:\\\/\\\/newjfglobal.com\\\/es\\\/\",\"logo\":{\"@type\":\"ImageObject\",\"inLanguage\":\"es\",\"@id\":\"https:\\\/\\\/newjfglobal.com\\\/es\\\/#\\\/schema\\\/logo\\\/image\\\/\",\"url\":\"https:\\\/\\\/newjfglobal.com\\\/wp-content\\\/uploads\\\/2024\\\/10\\\/logo.png\",\"contentUrl\":\"https:\\\/\\\/newjfglobal.com\\\/wp-content\\\/uploads\\\/2024\\\/10\\\/logo.png\",\"width\":276,\"height\":73,\"caption\":\"NewJF Packaging\"},\"image\":{\"@id\":\"https:\\\/\\\/newjfglobal.com\\\/es\\\/#\\\/schema\\\/logo\\\/image\\\/\"}}]}<\/script>\n<!-- \/ Yoast SEO plugin. -->","yoast_head_json":{"title":"Business Continuity - NewJF Packaging","robots":{"index":"index","follow":"follow","max-snippet":"max-snippet:-1","max-image-preview":"max-image-preview:large","max-video-preview":"max-video-preview:-1"},"canonical":"https:\/\/newjfglobal.com\/es\/business-continuity\/","og_locale":"es_ES","og_type":"article","og_title":"Business Continuity - NewJF Packaging","og_description":"En NJF, entendemos que el suministro ininterrumpido es fundamental para el \u00e9xito de nuestros clientes. Nuestras m\u00faltiples plantas de fabricaci\u00f3n nos permiten lograr un alto grado de redundancia en nuestras operaciones para poder continuar el suministro en caso de imprevistos. Todos nuestros productos se fabrican en m\u00faltiples ubicaciones y hemos establecido una estructura resiliente para [&hellip;]","og_url":"https:\/\/newjfglobal.com\/es\/business-continuity\/","og_site_name":"NewJF Packaging","article_modified_time":"2025-11-13T06:05:19+00:00","og_image":[{"url":"https:\/\/newjfglobal.com\/wp-content\/uploads\/2025\/10\/biz-continuity-content-image-3-1024x683.jpg","type":"","width":"","height":""}],"twitter_card":"summary_large_image","twitter_misc":{"Tiempo de lectura":"2 minutos"},"schema":{"@context":"https:\/\/schema.org","@graph":[{"@type":"WebPage","@id":"https:\/\/newjfglobal.com\/es\/business-continuity\/","url":"https:\/\/newjfglobal.com\/es\/business-continuity\/","name":"Business Continuity - NewJF Packaging","isPartOf":{"@id":"https:\/\/newjfglobal.com\/es\/#website"},"primaryImageOfPage":{"@id":"https:\/\/newjfglobal.com\/es\/business-continuity\/#primaryimage"},"image":{"@id":"https:\/\/newjfglobal.com\/es\/business-continuity\/#primaryimage"},"thumbnailUrl":"https:\/\/newjfglobal.com\/wp-content\/uploads\/2025\/10\/biz-continuity-content-image-3-1024x683.jpg","datePublished":"2025-10-14T10:44:51+00:00","dateModified":"2025-11-13T06:05:19+00:00","breadcrumb":{"@id":"https:\/\/newjfglobal.com\/es\/business-continuity\/#breadcrumb"},"inLanguage":"es","potentialAction":[{"@type":"ReadAction","target":["https:\/\/newjfglobal.com\/es\/business-continuity\/"]}]},{"@type":"ImageObject","inLanguage":"es","@id":"https:\/\/newjfglobal.com\/es\/business-continuity\/#primaryimage","url":"https:\/\/newjfglobal.com\/wp-content\/uploads\/2025\/10\/biz-continuity-content-image-3-1024x683.jpg","contentUrl":"https:\/\/newjfglobal.com\/wp-content\/uploads\/2025\/10\/biz-continuity-content-image-3-1024x683.jpg"},{"@type":"BreadcrumbList","@id":"https:\/\/newjfglobal.com\/es\/business-continuity\/#breadcrumb","itemListElement":[{"@type":"ListItem","position":1,"name":"Home","item":"https:\/\/newjfglobal.com\/es\/"},{"@type":"ListItem","position":2,"name":"Business Continuity"}]},{"@type":"WebSite","@id":"https:\/\/newjfglobal.com\/es\/#website","url":"https:\/\/newjfglobal.com\/es\/","name":"NewJF Packaging","description":"","publisher":{"@id":"https:\/\/newjfglobal.com\/es\/#organization"},"potentialAction":[{"@type":"SearchAction","target":{"@type":"EntryPoint","urlTemplate":"https:\/\/newjfglobal.com\/es\/?s={search_term_string}"},"query-input":{"@type":"PropertyValueSpecification","valueRequired":true,"valueName":"search_term_string"}}],"inLanguage":"es"},{"@type":"Organization","@id":"https:\/\/newjfglobal.com\/es\/#organization","name":"NewJF Packaging","url":"https:\/\/newjfglobal.com\/es\/","logo":{"@type":"ImageObject","inLanguage":"es","@id":"https:\/\/newjfglobal.com\/es\/#\/schema\/logo\/image\/","url":"https:\/\/newjfglobal.com\/wp-content\/uploads\/2024\/10\/logo.png","contentUrl":"https:\/\/newjfglobal.com\/wp-content\/uploads\/2024\/10\/logo.png","width":276,"height":73,"caption":"NewJF Packaging"},"image":{"@id":"https:\/\/newjfglobal.com\/es\/#\/schema\/logo\/image\/"}}]}},"uagb_featured_image_src":{"full":false,"thumbnail":false,"medium":false,"medium_large":false,"large":false,"1536x1536":false,"2048x2048":false},"uagb_author_info":{"display_name":"sylvialee","author_link":"https:\/\/newjfglobal.com\/es\/author\/sylvialee\/"},"uagb_comment_info":0,"uagb_excerpt":"En NJF, entendemos que el suministro ininterrumpido es fundamental para el \u00e9xito de nuestros clientes. Nuestras m\u00faltiples plantas de fabricaci\u00f3n nos permiten lograr un alto grado de redundancia en nuestras operaciones para poder continuar el suministro en caso de imprevistos. Todos nuestros productos se fabrican en m\u00faltiples ubicaciones y hemos establecido una estructura resiliente para&hellip;","_links":{"self":[{"href":"https:\/\/newjfglobal.com\/es\/wp-json\/wp\/v2\/pages\/4012","targetHints":{"allow":["GET"]}}],"collection":[{"href":"https:\/\/newjfglobal.com\/es\/wp-json\/wp\/v2\/pages"}],"about":[{"href":"https:\/\/newjfglobal.com\/es\/wp-json\/wp\/v2\/types\/page"}],"author":[{"embeddable":true,"href":"https:\/\/newjfglobal.com\/es\/wp-json\/wp\/v2\/users\/2"}],"replies":[{"embeddable":true,"href":"https:\/\/newjfglobal.com\/es\/wp-json\/wp\/v2\/comments?post=4012"}],"version-history":[{"count":3,"href":"https:\/\/newjfglobal.com\/es\/wp-json\/wp\/v2\/pages\/4012\/revisions"}],"predecessor-version":[{"id":4705,"href":"https:\/\/newjfglobal.com\/es\/wp-json\/wp\/v2\/pages\/4012\/revisions\/4705"}],"wp:attachment":[{"href":"https:\/\/newjfglobal.com\/es\/wp-json\/wp\/v2\/media?parent=4012"}],"curies":[{"name":"wp","href":"https:\/\/api.w.org\/{rel}","templated":true}]}}