{"id":4017,"date":"2025-10-01T07:59:05","date_gmt":"2025-10-01T07:59:05","guid":{"rendered":"https:\/\/newjfglobal.com\/?page_id=4017"},"modified":"2025-10-28T08:46:06","modified_gmt":"2025-10-28T08:46:06","slug":"careers","status":"publish","type":"page","link":"https:\/\/newjfglobal.com\/es\/careers\/","title":{"rendered":"Careers"},"content":{"rendered":"\n<div class=\"wp-block-uagb-container uagb-layout-grid uagb-block-4c0a71a7 alignfull uagb-is-root-container\"><div class=\"uagb-container-inner-blocks-wrap\">\n<div class=\"wp-block-uagb-info-box uagb-block-437cbf3d uagb-infobox__content-wrap  uagb-infobox-icon-above-title uagb-infobox-image-valign-top\"><div class=\"uagb-ifb-content\"><div class=\"uagb-ifb-title-wrap\"><h1 class=\"uagb-ifb-title\">Carreras<\/h1><\/div><\/div><\/div>\n<\/div><\/div>\n\n\n\n<div class=\"wp-block-uagb-container uagb-block-12b67a7c alignfull uagb-is-root-container\"><div class=\"uagb-container-inner-blocks-wrap\">\n<div class=\"wp-block-uagb-advanced-heading uagb-block-1b8d124a\"><h2 class=\"uagb-heading-text\"><strong><strong>Trabajar en NJF<\/strong><\/strong><\/h2><\/div>\n\n\n\n<p class=\"has-text-align-left has-poppins-font-family has-custom-font\" style=\"font-size:20px;line-height:1.3;font-family:poppins\">En NJF, nuestro \u00e9xito reside en nuestra gente. Somos un equipo global de personas motivadas, con amplios conocimientos y pasi\u00f3n, de diversos or\u00edgenes, edades, culturas, idiomas, creencias y experiencias. Somos j\u00f3venes, ambiciosos y estamos en constante crecimiento, dedicados a aportar valor a los productores de alimentos l\u00edquidos, a los consumidores y a la sociedad, utilizando la mejor tecnolog\u00eda y actuando con responsabilidad hacia el medio ambiente.<\/p>\n\n\n\n<p class=\"has-text-align-left has-poppins-font-family has-custom-font\" style=\"font-size:20px;line-height:1.3;font-family:poppins\">Estamos unidos en un mismo objetivo: embalaje para un futuro mejor.<\/p>\n\n\n\n<p class=\"has-text-align-left has-poppins-font-family has-custom-font\" style=\"font-size:20px;line-height:1.3;font-family:poppins\">NJF es un empleador que ofrece igualdad de oportunidades y est\u00e1 plenamente comprometido con la creaci\u00f3n y el mantenimiento de un entorno libre de discriminaci\u00f3n. Reclutamos, capacitamos, promovemos, asignamos, compensamos y tratamos a las personas sin importar su raza, color, religi\u00f3n, g\u00e9nero, origen nacional, ciudadan\u00eda, orientaci\u00f3n sexual, edad, discapacidad o estado civil.<\/p>\n\n\n\n<div class=\"wp-block-uagb-advanced-heading uagb-block-9fdf5d14\"><h2 class=\"uagb-heading-text\"><strong>NJF ofrece:<\/strong><\/h2><\/div>\n\n\n\n<ul style=\"font-size:20px;font-family:poppins\" class=\"wp-block-list has-poppins-font-family has-custom-font\">\n<li>Entorno de trabajo: Un entorno empresarial verdaderamente internacional, independiente del g\u00e9nero y basado en el m\u00e9rito.<\/li>\n\n\n\n<li>Paquetes de compensaci\u00f3n competitivos y condiciones de trabajo flexibles.<\/li>\n\n\n\n<li>Capacitaci\u00f3n y evaluaci\u00f3n de habilidades para promover el desarrollo personal.<\/li>\n\n\n\n<li>Desarrollo profesional: planificaci\u00f3n, selecci\u00f3n y adecuaci\u00f3n de habilidades para la promoci\u00f3n en una organizaci\u00f3n din\u00e1mica y en crecimiento.<\/li>\n<\/ul>\n\n\n\n<p class=\"has-text-align-left has-poppins-font-family has-custom-font\" style=\"font-size:20px;line-height:1.3;font-family:poppins\">Nos comprometemos a crear y fomentar equipos inclusivos, porque creemos que la verdadera innovaci\u00f3n ocurre cuando diversas perspectivas se unen para trabajar hacia un objetivo com\u00fan.<\/p>\n\n\n\n<p class=\"has-text-align-left has-poppins-font-family has-custom-font\" style=\"font-size:20px;line-height:1.3;font-family:poppins\">Con sede en China pero con oportunidades en todo el mundo, NJF emplea a m\u00e1s de 2200 profesionales en funciones que incluyen ventas, desarrollo comercial, marketing, soporte t\u00e9cnico, servicio al cliente, garant\u00eda de calidad, operaciones y m\u00e1s.<\/p>\n\n\n\n<div class=\"wp-block-uagb-advanced-heading uagb-block-9e3dfb73\"><h2 class=\"uagb-heading-text\"><strong>Open Jobs<\/strong><\/h2><\/div>\n\n\n\n<figure class=\"wp-block-table is-style-regular\" style=\"font-size:20px\"><table class=\"has-fixed-layout\"><tbody><tr><td><strong>Market<\/strong><\/td><td><strong>Function<\/strong><\/td><td><strong>Roles<\/strong><\/td><\/tr><tr><td>Europe<\/td><td>Sales and Business Development<\/td><td>Key Account Director \/ Manager &#8211; Germany<\/td><\/tr><tr><td>Europe<\/td><td>Sales and Business Development<\/td><td>Key Account Director \/ Manager &#8211; Central and Eastern Europe<\/td><\/tr><tr><td>Europe<\/td><td>Sales and Business Development<\/td><td>Key Account Director \/ Manager &#8211; Scandinavia<\/td><\/tr><tr><td>Europe<\/td><td>Technical Services<\/td><td>Field Engineer<\/td><\/tr><tr><td>Europe<\/td><td>Finance and Accounting<\/td><td>Finance and Accounting Manager &#8211; Swiss based<\/td><\/tr><tr><td>Europe<\/td><td>Marketing<\/td><td>Marketing Manager &#8211; International<\/td><\/tr><tr><td>The Americas<\/td><td>Project Management Office<\/td><td>Project Management &#8211; Latin America<\/td><\/tr><tr><td>The Americas<\/td><td>Sales and Business Development<\/td><td>Key Account Director \/ Manager &#8211; North America<\/td><\/tr><tr><td>Middle East<\/td><td>Project Manager Office<\/td><td>Project Manager<\/td><\/tr><tr><td>Middle East<\/td><td>Technical Services<\/td><td>Field Engineer<\/td><\/tr><tr><td>Middle East<\/td><td>Technical Services<\/td><td>MMI Specialist<\/td><\/tr><tr><td>Africa<\/td><td>Technical Services<\/td><td>Field Engineer &#8211; North Africa<\/td><\/tr><tr><td>Africa<\/td><td>Sales and Business Development<\/td><td>Key Account Director &#8211; Central Africa<\/td><\/tr><tr><td>South East Asia<\/td><td>Sales and Business Development<\/td><td>Key Account Director &#8211; Indonesia<\/td><\/tr><tr><td>South East Asia<\/td><td>Sales and Business Development<\/td><td>Key Account Director &#8211; Thailand<\/td><\/tr><tr><td>South East Asia<\/td><td>Technical Services<\/td><td>Field Engineer &#8211; The Philippines<\/td><\/tr><tr><td>South East Asia<\/td><td>Technical Services<\/td><td>Field Engineer &#8211; Thailand<\/td><\/tr><tr><td>South East Asia<\/td><td>Marketing<\/td><td>Marketing Manager &#8211; South East Asia<\/td><\/tr><tr><td>South East Asia<\/td><td>Finance and Accounting<\/td><td>Finance and Accounting Manager &#8211; Singapore based<\/td><\/tr><tr><td>Global<\/td><td>Project Management Office<\/td><td>Project Director &#8211; to be based in either Hong Kong, Thailand, Abu Dhabi or Switzerland<\/td><\/tr><tr><td>Global<\/td><td>Expansion<\/td><td>Global Expansion Manager &#8211; to be based in either Hong Kong, Thailand, Abu Dhabi or Switzerland<\/td><\/tr><\/tbody><\/table><\/figure>\n\n\n\n<p class=\"has-text-align-left has-poppins-font-family has-custom-font\" style=\"font-size:20px;line-height:1.3;font-family:poppins\">\u00bfTe interesa unirte a nosotros? Explora las vacantes actuales escribi\u00e9ndonos a <a href=\"mailto:enquiry@newjfglobal.com\">enquiry@newjfglobal.com<\/a>.<\/p>\n\n\n\n<p class=\"has-text-align-left has-poppins-font-family has-custom-font\" style=\"font-size:20px;line-height:1.3;font-family:poppins\">Para saber m\u00e1s sobre NJF, haga clic aqu\u00ed: <a href=\"https:\/\/newjfglobal.com\/es\/about\/\">https:\/\/newjfglobal.com\/es\/about\/<\/a><\/p>\n<\/div><\/div>\n\n\n\n<div class=\"wp-block-uagb-container uagb-block-nhmyhbgx alignfull uagb-is-root-container\"><div class=\"uagb-container-inner-blocks-wrap\">\n<div class=\"wp-block-uagb-info-box uagb-block-5vqvjezi uagb-infobox__content-wrap  uagb-infobox-icon-above-title uagb-infobox-image-valign-top get-started-container\"><div class=\"uagb-ifb-content\"><div class=\"uagb-ifb-title-wrap\"><h2 class=\"uagb-ifb-title\">Empezar<\/h2><\/div><p class=\"uagb-ifb-desc\">Cont\u00e1ctenos para conocer c\u00f3mo NewJF puede abordar las necesidades de su negocio con nuestras soluciones.<br><a href=\"mailto:enquiry@newjfglobal.com\"><\/a><\/p><\/div><\/div>\n\n\n\n<div class=\"wp-block-uagb-buttons uagb-buttons__outer-wrap uagb-btn__default-btn uagb-btn-tablet__default-btn uagb-btn-mobile__default-btn uagb-block-90071695\"><div class=\"uagb-buttons__wrap uagb-buttons-layout-wrap \">\n<div class=\"wp-block-uagb-buttons-child uagb-buttons__outer-wrap uagb-block-71dbbd49 wp-block-button\"><div class=\"uagb-button__wrapper\"><a class=\"uagb-buttons-repeater wp-block-button__link\" aria-label=\"\" href=\"https:\/\/newjfglobal.com\/es\/contact\/\" rel=\"follow noopener\" target=\"_self\" role=\"button\"><div class=\"uagb-button__link\">Contacta con nosotros<\/div><\/a><\/div><\/div>\n<\/div><\/div>\n<\/div><\/div>\n","protected":false},"excerpt":{"rendered":"<p>Trabajar en NJF En NJF, nuestro \u00e9xito reside en nuestra gente. Somos un equipo global de personas motivadas, con amplios conocimientos y pasi\u00f3n, de diversos or\u00edgenes, edades, culturas, idiomas, creencias y experiencias. Somos j\u00f3venes, ambiciosos y estamos en constante crecimiento, dedicados a aportar valor a los productores de alimentos l\u00edquidos, a los consumidores y a [&hellip;]<\/p>\n","protected":false},"author":2,"featured_media":0,"parent":0,"menu_order":0,"comment_status":"closed","ping_status":"closed","template":"","meta":{"_coblocks_attr":"","_coblocks_dimensions":"","_coblocks_responsive_height":"","_coblocks_accordion_ie_support":"","_uag_custom_page_level_css":"","_swt_meta_header_display":false,"_swt_meta_footer_display":false,"_swt_meta_site_title_display":false,"_swt_meta_sticky_header":false,"_swt_meta_transparent_header":false,"footnotes":""},"class_list":["post-4017","page","type-page","status-publish","hentry"],"yoast_head":"<!-- This site is optimized with the Yoast SEO plugin v27.4 - https:\/\/yoast.com\/product\/yoast-seo-wordpress\/ -->\n<title>Careers - NewJF Packaging<\/title>\n<meta name=\"robots\" content=\"index, follow, max-snippet:-1, max-image-preview:large, max-video-preview:-1\" \/>\n<link rel=\"canonical\" href=\"https:\/\/newjfglobal.com\/es\/careers\/\" \/>\n<meta property=\"og:locale\" content=\"es_ES\" \/>\n<meta property=\"og:type\" content=\"article\" \/>\n<meta property=\"og:title\" content=\"Careers - NewJF Packaging\" \/>\n<meta property=\"og:description\" content=\"Trabajar en NJF En NJF, nuestro \u00e9xito reside en nuestra gente. Somos un equipo global de personas motivadas, con amplios conocimientos y pasi\u00f3n, de diversos or\u00edgenes, edades, culturas, idiomas, creencias y experiencias. Somos j\u00f3venes, ambiciosos y estamos en constante crecimiento, dedicados a aportar valor a los productores de alimentos l\u00edquidos, a los consumidores y a [&hellip;]\" \/>\n<meta property=\"og:url\" content=\"https:\/\/newjfglobal.com\/es\/careers\/\" \/>\n<meta property=\"og:site_name\" content=\"NewJF Packaging\" \/>\n<meta property=\"article:modified_time\" content=\"2025-10-28T08:46:06+00:00\" \/>\n<meta name=\"twitter:card\" content=\"summary_large_image\" \/>\n<meta name=\"twitter:label1\" content=\"Tiempo de lectura\" \/>\n\t<meta name=\"twitter:data1\" content=\"2 minutos\" \/>\n<script type=\"application\/ld+json\" class=\"yoast-schema-graph\">{\"@context\":\"https:\\\/\\\/schema.org\",\"@graph\":[{\"@type\":\"WebPage\",\"@id\":\"https:\\\/\\\/newjfglobal.com\\\/es\\\/careers\\\/\",\"url\":\"https:\\\/\\\/newjfglobal.com\\\/es\\\/careers\\\/\",\"name\":\"Careers - NewJF Packaging\",\"isPartOf\":{\"@id\":\"https:\\\/\\\/newjfglobal.com\\\/es\\\/#website\"},\"datePublished\":\"2025-10-01T07:59:05+00:00\",\"dateModified\":\"2025-10-28T08:46:06+00:00\",\"breadcrumb\":{\"@id\":\"https:\\\/\\\/newjfglobal.com\\\/es\\\/careers\\\/#breadcrumb\"},\"inLanguage\":\"es\",\"potentialAction\":[{\"@type\":\"ReadAction\",\"target\":[\"https:\\\/\\\/newjfglobal.com\\\/es\\\/careers\\\/\"]}]},{\"@type\":\"BreadcrumbList\",\"@id\":\"https:\\\/\\\/newjfglobal.com\\\/es\\\/careers\\\/#breadcrumb\",\"itemListElement\":[{\"@type\":\"ListItem\",\"position\":1,\"name\":\"Home\",\"item\":\"https:\\\/\\\/newjfglobal.com\\\/es\\\/\"},{\"@type\":\"ListItem\",\"position\":2,\"name\":\"Careers\"}]},{\"@type\":\"WebSite\",\"@id\":\"https:\\\/\\\/newjfglobal.com\\\/es\\\/#website\",\"url\":\"https:\\\/\\\/newjfglobal.com\\\/es\\\/\",\"name\":\"NewJF Packaging\",\"description\":\"\",\"publisher\":{\"@id\":\"https:\\\/\\\/newjfglobal.com\\\/es\\\/#organization\"},\"potentialAction\":[{\"@type\":\"SearchAction\",\"target\":{\"@type\":\"EntryPoint\",\"urlTemplate\":\"https:\\\/\\\/newjfglobal.com\\\/es\\\/?s={search_term_string}\"},\"query-input\":{\"@type\":\"PropertyValueSpecification\",\"valueRequired\":true,\"valueName\":\"search_term_string\"}}],\"inLanguage\":\"es\"},{\"@type\":\"Organization\",\"@id\":\"https:\\\/\\\/newjfglobal.com\\\/es\\\/#organization\",\"name\":\"NewJF Packaging\",\"url\":\"https:\\\/\\\/newjfglobal.com\\\/es\\\/\",\"logo\":{\"@type\":\"ImageObject\",\"inLanguage\":\"es\",\"@id\":\"https:\\\/\\\/newjfglobal.com\\\/es\\\/#\\\/schema\\\/logo\\\/image\\\/\",\"url\":\"https:\\\/\\\/newjfglobal.com\\\/wp-content\\\/uploads\\\/2024\\\/10\\\/logo.png\",\"contentUrl\":\"https:\\\/\\\/newjfglobal.com\\\/wp-content\\\/uploads\\\/2024\\\/10\\\/logo.png\",\"width\":276,\"height\":73,\"caption\":\"NewJF Packaging\"},\"image\":{\"@id\":\"https:\\\/\\\/newjfglobal.com\\\/es\\\/#\\\/schema\\\/logo\\\/image\\\/\"}}]}<\/script>\n<!-- \/ Yoast SEO plugin. -->","yoast_head_json":{"title":"Careers - NewJF Packaging","robots":{"index":"index","follow":"follow","max-snippet":"max-snippet:-1","max-image-preview":"max-image-preview:large","max-video-preview":"max-video-preview:-1"},"canonical":"https:\/\/newjfglobal.com\/es\/careers\/","og_locale":"es_ES","og_type":"article","og_title":"Careers - NewJF Packaging","og_description":"Trabajar en NJF En NJF, nuestro \u00e9xito reside en nuestra gente. Somos un equipo global de personas motivadas, con amplios conocimientos y pasi\u00f3n, de diversos or\u00edgenes, edades, culturas, idiomas, creencias y experiencias. Somos j\u00f3venes, ambiciosos y estamos en constante crecimiento, dedicados a aportar valor a los productores de alimentos l\u00edquidos, a los consumidores y a [&hellip;]","og_url":"https:\/\/newjfglobal.com\/es\/careers\/","og_site_name":"NewJF Packaging","article_modified_time":"2025-10-28T08:46:06+00:00","twitter_card":"summary_large_image","twitter_misc":{"Tiempo de lectura":"2 minutos"},"schema":{"@context":"https:\/\/schema.org","@graph":[{"@type":"WebPage","@id":"https:\/\/newjfglobal.com\/es\/careers\/","url":"https:\/\/newjfglobal.com\/es\/careers\/","name":"Careers - NewJF Packaging","isPartOf":{"@id":"https:\/\/newjfglobal.com\/es\/#website"},"datePublished":"2025-10-01T07:59:05+00:00","dateModified":"2025-10-28T08:46:06+00:00","breadcrumb":{"@id":"https:\/\/newjfglobal.com\/es\/careers\/#breadcrumb"},"inLanguage":"es","potentialAction":[{"@type":"ReadAction","target":["https:\/\/newjfglobal.com\/es\/careers\/"]}]},{"@type":"BreadcrumbList","@id":"https:\/\/newjfglobal.com\/es\/careers\/#breadcrumb","itemListElement":[{"@type":"ListItem","position":1,"name":"Home","item":"https:\/\/newjfglobal.com\/es\/"},{"@type":"ListItem","position":2,"name":"Careers"}]},{"@type":"WebSite","@id":"https:\/\/newjfglobal.com\/es\/#website","url":"https:\/\/newjfglobal.com\/es\/","name":"NewJF Packaging","description":"","publisher":{"@id":"https:\/\/newjfglobal.com\/es\/#organization"},"potentialAction":[{"@type":"SearchAction","target":{"@type":"EntryPoint","urlTemplate":"https:\/\/newjfglobal.com\/es\/?s={search_term_string}"},"query-input":{"@type":"PropertyValueSpecification","valueRequired":true,"valueName":"search_term_string"}}],"inLanguage":"es"},{"@type":"Organization","@id":"https:\/\/newjfglobal.com\/es\/#organization","name":"NewJF Packaging","url":"https:\/\/newjfglobal.com\/es\/","logo":{"@type":"ImageObject","inLanguage":"es","@id":"https:\/\/newjfglobal.com\/es\/#\/schema\/logo\/image\/","url":"https:\/\/newjfglobal.com\/wp-content\/uploads\/2024\/10\/logo.png","contentUrl":"https:\/\/newjfglobal.com\/wp-content\/uploads\/2024\/10\/logo.png","width":276,"height":73,"caption":"NewJF Packaging"},"image":{"@id":"https:\/\/newjfglobal.com\/es\/#\/schema\/logo\/image\/"}}]}},"uagb_featured_image_src":{"full":false,"thumbnail":false,"medium":false,"medium_large":false,"large":false,"1536x1536":false,"2048x2048":false},"uagb_author_info":{"display_name":"sylvialee","author_link":"https:\/\/newjfglobal.com\/es\/author\/sylvialee\/"},"uagb_comment_info":0,"uagb_excerpt":"Trabajar en NJF En NJF, nuestro \u00e9xito reside en nuestra gente. Somos un equipo global de personas motivadas, con amplios conocimientos y pasi\u00f3n, de diversos or\u00edgenes, edades, culturas, idiomas, creencias y experiencias. Somos j\u00f3venes, ambiciosos y estamos en constante crecimiento, dedicados a aportar valor a los productores de alimentos l\u00edquidos, a los consumidores y a&hellip;","_links":{"self":[{"href":"https:\/\/newjfglobal.com\/es\/wp-json\/wp\/v2\/pages\/4017","targetHints":{"allow":["GET"]}}],"collection":[{"href":"https:\/\/newjfglobal.com\/es\/wp-json\/wp\/v2\/pages"}],"about":[{"href":"https:\/\/newjfglobal.com\/es\/wp-json\/wp\/v2\/types\/page"}],"author":[{"embeddable":true,"href":"https:\/\/newjfglobal.com\/es\/wp-json\/wp\/v2\/users\/2"}],"replies":[{"embeddable":true,"href":"https:\/\/newjfglobal.com\/es\/wp-json\/wp\/v2\/comments?post=4017"}],"version-history":[{"count":7,"href":"https:\/\/newjfglobal.com\/es\/wp-json\/wp\/v2\/pages\/4017\/revisions"}],"predecessor-version":[{"id":5218,"href":"https:\/\/newjfglobal.com\/es\/wp-json\/wp\/v2\/pages\/4017\/revisions\/5218"}],"wp:attachment":[{"href":"https:\/\/newjfglobal.com\/es\/wp-json\/wp\/v2\/media?parent=4017"}],"curies":[{"name":"wp","href":"https:\/\/api.w.org\/{rel}","templated":true}]}}