{"id":3500,"date":"2024-11-04T19:45:52","date_gmt":"2024-11-04T19:45:52","guid":{"rendered":"https:\/\/newjfglobal.com\/?page_id=3500"},"modified":"2025-10-19T10:35:24","modified_gmt":"2025-10-19T10:35:24","slug":"technical-services","status":"publish","type":"page","link":"https:\/\/newjfglobal.com\/fr\/technical-services\/","title":{"rendered":"Technical Services"},"content":{"rendered":"\n<div class=\"wp-block-uagb-container uagb-block-iaajtzen alignfull uagb-is-root-container\"><div class=\"uagb-container-inner-blocks-wrap\">\n<div class=\"wp-block-uagb-info-box uagb-block-zqatx0km uagb-infobox__content-wrap  uagb-infobox-icon-above-title uagb-infobox-image-valign-top\"><div class=\"uagb-ifb-content\"><div class=\"uagb-ifb-title-wrap\"><h1 class=\"uagb-ifb-title\">Le service technique<\/h1><\/div><\/div><\/div>\n<\/div><\/div>\n\n\n\n<div class=\"wp-block-uagb-container uagb-block-aaa9eadd alignfull uagb-is-root-container\"><div class=\"uagb-container-inner-blocks-wrap\">\n<div class=\"wp-block-uagb-advanced-heading uagb-block-a2ed8bfe\"><p class=\"uagb-heading-text\">Notre \u00e9quipe de services techniques exp\u00e9riment\u00e9e est pr\u00eate \u00e0 fournir \u00e0 nos clients une assistance et des solutions de premier ordre, tant sur site qu&rsquo;\u00e0 distance, afin de garantir que nos mat\u00e9riaux d&#8217;emballage fonctionnent efficacement avec leurs machines et de r\u00e9duire au minimum les temps d&rsquo;arr\u00eat.<\/p><\/div>\n<\/div><\/div>\n\n\n\n<div class=\"wp-block-uagb-container mobile-reverse uagb-block-219fa353 alignfull uagb-is-root-container\"><div class=\"uagb-container-inner-blocks-wrap\">\n<div class=\"wp-block-uagb-container streamlined-production uagb-block-4ef183ec\">\n<div class=\"wp-block-uagb-advanced-heading uagb-block-9d9bbe3a\"><h2 class=\"uagb-heading-text\"><strong>Assurance qualit\u00e9 et int\u00e9gration transparente<\/strong><\/h2><\/div>\n\n\n\n<div class=\"wp-block-uagb-advanced-heading uagb-block-92286f94\"><p class=\"uagb-heading-text\">Nous testons nos mat\u00e9riaux sur les machines de nos clients afin de v\u00e9rifier leur conformit\u00e9 aux sp\u00e9cifications et leur qualit\u00e9 avant de confirmer la commande. Au cours de ces essais, les clients peuvent \u00e9valuer la durabilit\u00e9, la fonctionnalit\u00e9 et l&rsquo;attrait visuel de nos emballages afin de s&rsquo;assurer que le produit arrive en parfait \u00e9tat, ce qui le distingue de ses concurrents. De plus, nous fournissons une assistance technique pendant la phase de d\u00e9ploiement initial afin de faciliter l&rsquo;int\u00e9gration transparente de nos mat\u00e9riaux dans leurs machines.<\/p><\/div>\n<\/div>\n\n\n\n<div class=\"wp-block-uagb-container uagb-block-09b9b99d\">\n<div class=\"wp-block-uagb-image uagb-block-38feb8ec wp-block-uagb-image--layout-default wp-block-uagb-image--effect-static wp-block-uagb-image--align-none\"><figure class=\"wp-block-uagb-image__figure\"><img decoding=\"async\" srcset=\"https:\/\/newjfglobal.com\/wp-content\/uploads\/2024\/11\/quality.png ,https:\/\/newjfglobal.com\/wp-content\/uploads\/2024\/11\/quality.png 780w, https:\/\/newjfglobal.com\/wp-content\/uploads\/2024\/11\/quality.png 360w\" sizes=\"auto, (max-width: 480px) 150px\" src=\"https:\/\/newjfglobal.com\/wp-content\/uploads\/2024\/11\/quality.png\" alt=\"\" class=\"uag-image-854\" width=\"550\" height=\"427\" title=\"quality\" loading=\"lazy\" role=\"img\"\/><\/figure><\/div>\n<\/div>\n<\/div><\/div>\n\n\n\n<div class=\"wp-block-uagb-container uagb-block-4ff448f2 alignfull uagb-is-root-container\"><div class=\"uagb-container-inner-blocks-wrap\">\n<div class=\"wp-block-uagb-container uagb-block-09e7da95\">\n<div class=\"wp-block-uagb-image uagb-block-a86a5ce5 wp-block-uagb-image--layout-default wp-block-uagb-image--effect-static wp-block-uagb-image--align-none\"><figure class=\"wp-block-uagb-image__figure\"><img decoding=\"async\" srcset=\"https:\/\/newjfglobal.com\/wp-content\/uploads\/2024\/11\/filling.png ,https:\/\/newjfglobal.com\/wp-content\/uploads\/2024\/11\/filling.png 780w, https:\/\/newjfglobal.com\/wp-content\/uploads\/2024\/11\/filling.png 360w\" sizes=\"auto, (max-width: 480px) 150px\" src=\"https:\/\/newjfglobal.com\/wp-content\/uploads\/2024\/11\/filling.png\" alt=\"\" class=\"uag-image-853\" width=\"550\" height=\"427\" title=\"filling\" loading=\"lazy\" role=\"img\"\/><\/figure><\/div>\n<\/div>\n\n\n\n<div class=\"wp-block-uagb-container streamlined-production uagb-block-8ba142f4\">\n<div class=\"wp-block-uagb-advanced-heading uagb-block-52082dd8\"><h2 class=\"uagb-heading-text\"><strong>Am\u00e9lioration du fonctionnement des machines de remplissage<\/strong><\/h2><\/div>\n\n\n\n<div class=\"wp-block-uagb-advanced-heading uagb-block-7699339d\"><p class=\"uagb-heading-text\">Afin de soutenir la croissance de nos clients en leur permettant d&rsquo;entrer dans de nouvelles cat\u00e9gories de produits ou d&rsquo;augmenter leur capacit\u00e9 de production, nous fournissons des services d&rsquo;approvisionnement, d&rsquo;installation et de maintenance de machines de remplissage. Gr\u00e2ce \u00e0 notre collaboration avec nos partenaires internationaux, nous maintenons un niveau \u00e9lev\u00e9 de qualit\u00e9 de service qui permet \u00e0 nos clients d&rsquo;atteindre une plus grande efficacit\u00e9 op\u00e9rationnelle.<\/p><\/div>\n<\/div>\n<\/div><\/div>\n\n\n\n<div class=\"wp-block-uagb-container uagb-block-nhmyhbgx alignfull uagb-is-root-container\"><div class=\"uagb-container-inner-blocks-wrap\">\n<div class=\"wp-block-uagb-info-box uagb-block-5vqvjezi uagb-infobox__content-wrap  uagb-infobox-icon-above-title uagb-infobox-image-valign-top get-started-container\"><div class=\"uagb-ifb-content\"><div class=\"uagb-ifb-title-wrap\"><h2 class=\"uagb-ifb-title\">Commencer<\/h2><\/div><p class=\"uagb-ifb-desc\">Contactez-nous pour d\u00e9couvrir comment NewJF peut r\u00e9pondre aux besoins de votre entreprise gr\u00e2ce \u00e0 nos solutions.<br><a href=\"mailto:enquiry@newjfglobal.com\"><\/a><\/p><\/div><\/div>\n\n\n\n<div class=\"wp-block-uagb-buttons uagb-buttons__outer-wrap uagb-btn__default-btn uagb-btn-tablet__default-btn uagb-btn-mobile__default-btn uagb-block-90071695\"><div class=\"uagb-buttons__wrap uagb-buttons-layout-wrap \">\n<div class=\"wp-block-uagb-buttons-child uagb-buttons__outer-wrap uagb-block-71dbbd49 wp-block-button\"><div class=\"uagb-button__wrapper\"><a class=\"uagb-buttons-repeater wp-block-button__link\" aria-label=\"\" href=\"https:\/\/newjfglobal.com\/fr\/contact\/\" rel=\"follow noopener\" target=\"_self\" role=\"button\"><div class=\"uagb-button__link\">Contactez-nous<\/div><\/a><\/div><\/div>\n<\/div><\/div>\n<\/div><\/div>\n","protected":false},"excerpt":{"rendered":"<p>Notre \u00e9quipe de services techniques exp\u00e9riment\u00e9e est pr\u00eate \u00e0 fournir \u00e0 nos clients une assistance et des solutions de premier ordre, tant sur site qu&rsquo;\u00e0 distance, afin de garantir que nos mat\u00e9riaux d&#8217;emballage fonctionnent efficacement avec leurs machines et de r\u00e9duire au minimum les temps d&rsquo;arr\u00eat. Assurance qualit\u00e9 et int\u00e9gration transparente Nous testons nos mat\u00e9riaux [&hellip;]<\/p>\n","protected":false},"author":2,"featured_media":0,"parent":0,"menu_order":0,"comment_status":"closed","ping_status":"closed","template":"","meta":{"_coblocks_attr":"","_coblocks_dimensions":"","_coblocks_responsive_height":"","_coblocks_accordion_ie_support":"","_uag_custom_page_level_css":"","_swt_meta_header_display":false,"_swt_meta_footer_display":false,"_swt_meta_site_title_display":false,"_swt_meta_sticky_header":false,"_swt_meta_transparent_header":false,"footnotes":""},"class_list":["post-3500","page","type-page","status-publish","hentry"],"yoast_head":"<!-- This site is optimized with the Yoast SEO plugin v27.4 - https:\/\/yoast.com\/product\/yoast-seo-wordpress\/ -->\n<title>Technical Services - NewJF Packaging<\/title>\n<meta name=\"robots\" content=\"index, follow, max-snippet:-1, max-image-preview:large, max-video-preview:-1\" \/>\n<link rel=\"canonical\" href=\"https:\/\/newjfglobal.com\/fr\/technical-services\/\" \/>\n<meta property=\"og:locale\" content=\"fr_FR\" \/>\n<meta property=\"og:type\" content=\"article\" \/>\n<meta property=\"og:title\" content=\"Technical Services - NewJF Packaging\" \/>\n<meta property=\"og:description\" content=\"Notre \u00e9quipe de services techniques exp\u00e9riment\u00e9e est pr\u00eate \u00e0 fournir \u00e0 nos clients une assistance et des solutions de premier ordre, tant sur site qu&rsquo;\u00e0 distance, afin de garantir que nos mat\u00e9riaux d&#8217;emballage fonctionnent efficacement avec leurs machines et de r\u00e9duire au minimum les temps d&rsquo;arr\u00eat. Assurance qualit\u00e9 et int\u00e9gration transparente Nous testons nos mat\u00e9riaux [&hellip;]\" \/>\n<meta property=\"og:url\" content=\"https:\/\/newjfglobal.com\/fr\/technical-services\/\" \/>\n<meta property=\"og:site_name\" content=\"NewJF Packaging\" \/>\n<meta property=\"article:modified_time\" content=\"2025-10-19T10:35:24+00:00\" \/>\n<meta property=\"og:image\" content=\"https:\/\/newjfglobal.com\/wp-content\/uploads\/2024\/11\/quality.png\" \/>\n<meta name=\"twitter:card\" content=\"summary_large_image\" \/>\n<meta name=\"twitter:label1\" content=\"Dur\u00e9e de lecture estim\u00e9e\" \/>\n\t<meta name=\"twitter:data1\" content=\"2 minutes\" \/>\n<script type=\"application\/ld+json\" class=\"yoast-schema-graph\">{\"@context\":\"https:\\\/\\\/schema.org\",\"@graph\":[{\"@type\":\"WebPage\",\"@id\":\"https:\\\/\\\/newjfglobal.com\\\/fr\\\/technical-services\\\/\",\"url\":\"https:\\\/\\\/newjfglobal.com\\\/fr\\\/technical-services\\\/\",\"name\":\"Technical Services - NewJF Packaging\",\"isPartOf\":{\"@id\":\"https:\\\/\\\/newjfglobal.com\\\/fr\\\/#website\"},\"primaryImageOfPage\":{\"@id\":\"https:\\\/\\\/newjfglobal.com\\\/fr\\\/technical-services\\\/#primaryimage\"},\"image\":{\"@id\":\"https:\\\/\\\/newjfglobal.com\\\/fr\\\/technical-services\\\/#primaryimage\"},\"thumbnailUrl\":\"https:\\\/\\\/newjfglobal.com\\\/wp-content\\\/uploads\\\/2024\\\/11\\\/quality.png\",\"datePublished\":\"2024-11-04T19:45:52+00:00\",\"dateModified\":\"2025-10-19T10:35:24+00:00\",\"breadcrumb\":{\"@id\":\"https:\\\/\\\/newjfglobal.com\\\/fr\\\/technical-services\\\/#breadcrumb\"},\"inLanguage\":\"fr-FR\",\"potentialAction\":[{\"@type\":\"ReadAction\",\"target\":[\"https:\\\/\\\/newjfglobal.com\\\/fr\\\/technical-services\\\/\"]}]},{\"@type\":\"ImageObject\",\"inLanguage\":\"fr-FR\",\"@id\":\"https:\\\/\\\/newjfglobal.com\\\/fr\\\/technical-services\\\/#primaryimage\",\"url\":\"https:\\\/\\\/newjfglobal.com\\\/wp-content\\\/uploads\\\/2024\\\/11\\\/quality.png\",\"contentUrl\":\"https:\\\/\\\/newjfglobal.com\\\/wp-content\\\/uploads\\\/2024\\\/11\\\/quality.png\"},{\"@type\":\"BreadcrumbList\",\"@id\":\"https:\\\/\\\/newjfglobal.com\\\/fr\\\/technical-services\\\/#breadcrumb\",\"itemListElement\":[{\"@type\":\"ListItem\",\"position\":1,\"name\":\"Home\",\"item\":\"https:\\\/\\\/newjfglobal.com\\\/fr\\\/\"},{\"@type\":\"ListItem\",\"position\":2,\"name\":\"Technical Services\"}]},{\"@type\":\"WebSite\",\"@id\":\"https:\\\/\\\/newjfglobal.com\\\/fr\\\/#website\",\"url\":\"https:\\\/\\\/newjfglobal.com\\\/fr\\\/\",\"name\":\"NewJF Packaging\",\"description\":\"\",\"publisher\":{\"@id\":\"https:\\\/\\\/newjfglobal.com\\\/fr\\\/#organization\"},\"potentialAction\":[{\"@type\":\"SearchAction\",\"target\":{\"@type\":\"EntryPoint\",\"urlTemplate\":\"https:\\\/\\\/newjfglobal.com\\\/fr\\\/?s={search_term_string}\"},\"query-input\":{\"@type\":\"PropertyValueSpecification\",\"valueRequired\":true,\"valueName\":\"search_term_string\"}}],\"inLanguage\":\"fr-FR\"},{\"@type\":\"Organization\",\"@id\":\"https:\\\/\\\/newjfglobal.com\\\/fr\\\/#organization\",\"name\":\"NewJF Packaging\",\"url\":\"https:\\\/\\\/newjfglobal.com\\\/fr\\\/\",\"logo\":{\"@type\":\"ImageObject\",\"inLanguage\":\"fr-FR\",\"@id\":\"https:\\\/\\\/newjfglobal.com\\\/fr\\\/#\\\/schema\\\/logo\\\/image\\\/\",\"url\":\"https:\\\/\\\/newjfglobal.com\\\/wp-content\\\/uploads\\\/2024\\\/10\\\/logo.png\",\"contentUrl\":\"https:\\\/\\\/newjfglobal.com\\\/wp-content\\\/uploads\\\/2024\\\/10\\\/logo.png\",\"width\":276,\"height\":73,\"caption\":\"NewJF Packaging\"},\"image\":{\"@id\":\"https:\\\/\\\/newjfglobal.com\\\/fr\\\/#\\\/schema\\\/logo\\\/image\\\/\"}}]}<\/script>\n<!-- \/ Yoast SEO plugin. -->","yoast_head_json":{"title":"Technical Services - NewJF Packaging","robots":{"index":"index","follow":"follow","max-snippet":"max-snippet:-1","max-image-preview":"max-image-preview:large","max-video-preview":"max-video-preview:-1"},"canonical":"https:\/\/newjfglobal.com\/fr\/technical-services\/","og_locale":"fr_FR","og_type":"article","og_title":"Technical Services - NewJF Packaging","og_description":"Notre \u00e9quipe de services techniques exp\u00e9riment\u00e9e est pr\u00eate \u00e0 fournir \u00e0 nos clients une assistance et des solutions de premier ordre, tant sur site qu&rsquo;\u00e0 distance, afin de garantir que nos mat\u00e9riaux d&#8217;emballage fonctionnent efficacement avec leurs machines et de r\u00e9duire au minimum les temps d&rsquo;arr\u00eat. Assurance qualit\u00e9 et int\u00e9gration transparente Nous testons nos mat\u00e9riaux [&hellip;]","og_url":"https:\/\/newjfglobal.com\/fr\/technical-services\/","og_site_name":"NewJF Packaging","article_modified_time":"2025-10-19T10:35:24+00:00","og_image":[{"url":"https:\/\/newjfglobal.com\/wp-content\/uploads\/2024\/11\/quality.png","type":"","width":"","height":""}],"twitter_card":"summary_large_image","twitter_misc":{"Dur\u00e9e de lecture estim\u00e9e":"2 minutes"},"schema":{"@context":"https:\/\/schema.org","@graph":[{"@type":"WebPage","@id":"https:\/\/newjfglobal.com\/fr\/technical-services\/","url":"https:\/\/newjfglobal.com\/fr\/technical-services\/","name":"Technical Services - NewJF Packaging","isPartOf":{"@id":"https:\/\/newjfglobal.com\/fr\/#website"},"primaryImageOfPage":{"@id":"https:\/\/newjfglobal.com\/fr\/technical-services\/#primaryimage"},"image":{"@id":"https:\/\/newjfglobal.com\/fr\/technical-services\/#primaryimage"},"thumbnailUrl":"https:\/\/newjfglobal.com\/wp-content\/uploads\/2024\/11\/quality.png","datePublished":"2024-11-04T19:45:52+00:00","dateModified":"2025-10-19T10:35:24+00:00","breadcrumb":{"@id":"https:\/\/newjfglobal.com\/fr\/technical-services\/#breadcrumb"},"inLanguage":"fr-FR","potentialAction":[{"@type":"ReadAction","target":["https:\/\/newjfglobal.com\/fr\/technical-services\/"]}]},{"@type":"ImageObject","inLanguage":"fr-FR","@id":"https:\/\/newjfglobal.com\/fr\/technical-services\/#primaryimage","url":"https:\/\/newjfglobal.com\/wp-content\/uploads\/2024\/11\/quality.png","contentUrl":"https:\/\/newjfglobal.com\/wp-content\/uploads\/2024\/11\/quality.png"},{"@type":"BreadcrumbList","@id":"https:\/\/newjfglobal.com\/fr\/technical-services\/#breadcrumb","itemListElement":[{"@type":"ListItem","position":1,"name":"Home","item":"https:\/\/newjfglobal.com\/fr\/"},{"@type":"ListItem","position":2,"name":"Technical Services"}]},{"@type":"WebSite","@id":"https:\/\/newjfglobal.com\/fr\/#website","url":"https:\/\/newjfglobal.com\/fr\/","name":"NewJF Packaging","description":"","publisher":{"@id":"https:\/\/newjfglobal.com\/fr\/#organization"},"potentialAction":[{"@type":"SearchAction","target":{"@type":"EntryPoint","urlTemplate":"https:\/\/newjfglobal.com\/fr\/?s={search_term_string}"},"query-input":{"@type":"PropertyValueSpecification","valueRequired":true,"valueName":"search_term_string"}}],"inLanguage":"fr-FR"},{"@type":"Organization","@id":"https:\/\/newjfglobal.com\/fr\/#organization","name":"NewJF Packaging","url":"https:\/\/newjfglobal.com\/fr\/","logo":{"@type":"ImageObject","inLanguage":"fr-FR","@id":"https:\/\/newjfglobal.com\/fr\/#\/schema\/logo\/image\/","url":"https:\/\/newjfglobal.com\/wp-content\/uploads\/2024\/10\/logo.png","contentUrl":"https:\/\/newjfglobal.com\/wp-content\/uploads\/2024\/10\/logo.png","width":276,"height":73,"caption":"NewJF Packaging"},"image":{"@id":"https:\/\/newjfglobal.com\/fr\/#\/schema\/logo\/image\/"}}]}},"uagb_featured_image_src":{"full":false,"thumbnail":false,"medium":false,"medium_large":false,"large":false,"1536x1536":false,"2048x2048":false},"uagb_author_info":{"display_name":"sylvialee","author_link":"https:\/\/newjfglobal.com\/fr\/author\/sylvialee\/"},"uagb_comment_info":0,"uagb_excerpt":"Notre \u00e9quipe de services techniques exp\u00e9riment\u00e9e est pr\u00eate \u00e0 fournir \u00e0 nos clients une assistance et des solutions de premier ordre, tant sur site qu&rsquo;\u00e0 distance, afin de garantir que nos mat\u00e9riaux d&#8217;emballage fonctionnent efficacement avec leurs machines et de r\u00e9duire au minimum les temps d&rsquo;arr\u00eat. Assurance qualit\u00e9 et int\u00e9gration transparente Nous testons nos mat\u00e9riaux\u2026","_links":{"self":[{"href":"https:\/\/newjfglobal.com\/fr\/wp-json\/wp\/v2\/pages\/3500","targetHints":{"allow":["GET"]}}],"collection":[{"href":"https:\/\/newjfglobal.com\/fr\/wp-json\/wp\/v2\/pages"}],"about":[{"href":"https:\/\/newjfglobal.com\/fr\/wp-json\/wp\/v2\/types\/page"}],"author":[{"embeddable":true,"href":"https:\/\/newjfglobal.com\/fr\/wp-json\/wp\/v2\/users\/2"}],"replies":[{"embeddable":true,"href":"https:\/\/newjfglobal.com\/fr\/wp-json\/wp\/v2\/comments?post=3500"}],"version-history":[{"count":2,"href":"https:\/\/newjfglobal.com\/fr\/wp-json\/wp\/v2\/pages\/3500\/revisions"}],"predecessor-version":[{"id":4243,"href":"https:\/\/newjfglobal.com\/fr\/wp-json\/wp\/v2\/pages\/3500\/revisions\/4243"}],"wp:attachment":[{"href":"https:\/\/newjfglobal.com\/fr\/wp-json\/wp\/v2\/media?parent=3500"}],"curies":[{"name":"wp","href":"https:\/\/api.w.org\/{rel}","templated":true}]}}