{"id":3505,"date":"2024-11-04T18:11:41","date_gmt":"2024-11-04T18:11:41","guid":{"rendered":"https:\/\/newjfglobal.com\/?page_id=3505"},"modified":"2025-10-19T10:33:57","modified_gmt":"2025-10-19T10:33:57","slug":"innovation","status":"publish","type":"page","link":"https:\/\/newjfglobal.com\/fr\/innovation\/","title":{"rendered":"Innovation"},"content":{"rendered":"\n<div class=\"wp-block-uagb-container uagb-block-iaajtzen alignfull uagb-is-root-container\"><div class=\"uagb-container-inner-blocks-wrap\">\n<div class=\"wp-block-uagb-info-box uagb-block-zqatx0km uagb-infobox__content-wrap  uagb-infobox-icon-above-title uagb-infobox-image-valign-top\"><div class=\"uagb-ifb-content\"><div class=\"uagb-ifb-title-wrap\"><h1 class=\"uagb-ifb-title\">L&rsquo;innovation<\/h1><\/div><\/div><\/div>\n<\/div><\/div>\n\n\n\n<div class=\"wp-block-uagb-container uagb-block-aaa9eadd alignfull uagb-is-root-container\"><div class=\"uagb-container-inner-blocks-wrap\">\n<p class=\"has-text-align-center has-poppins-font-family has-custom-font\" style=\"font-size:18px;line-height:1.4;font-family:poppins\">En r\u00e9ponse \u00e0 la demande croissante en mati\u00e8re de s\u00e9curit\u00e9 des produits laitiers, \u00e0 la n\u00e9cessit\u00e9 de trouver un \u00e9quilibre entre qualit\u00e9 et efficacit\u00e9, \u00e0 la pr\u00e9f\u00e9rence grandissante pour les emballages \u00e9cologiques et \u00e0 l&rsquo;objectif collectif de r\u00e9duction des d\u00e9chets, nous innovons en permanence afin de r\u00e9pondre aux attentes \u00e9volutives du march\u00e9.<\/p>\n<\/div><\/div>\n\n\n\n<div class=\"wp-block-uagb-container uagb-block-219fa353 alignfull uagb-is-root-container\"><div class=\"uagb-container-inner-blocks-wrap\">\n<div class=\"wp-block-uagb-container streamlined-production uagb-block-4ef183ec\">\n<div class=\"wp-block-uagb-advanced-heading uagb-block-9d9bbe3a\"><h2 class=\"uagb-heading-text\"><strong>Gestion rationalis\u00e9e de la production<\/strong><\/h2><\/div>\n\n\n\n<div class=\"wp-block-uagb-advanced-heading uagb-block-a2ed8bfe\"><p class=\"uagb-heading-text\">Afin d&rsquo;am\u00e9liorer l&rsquo;efficacit\u00e9 de la production, les produits pr\u00e9sentant les m\u00eames sp\u00e9cifications sont regroup\u00e9s en lots en fonction des caract\u00e9ristiques et des exigences d&rsquo;impression des diff\u00e9rents clients.<\/p><\/div>\n\n\n\n<div class=\"wp-block-uagb-advanced-heading uagb-block-5ee985d6\"><h2 class=\"uagb-heading-text\"><strong>Processus de production tra\u00e7able<\/strong><br><\/h2><\/div>\n\n\n\n<div class=\"wp-block-uagb-advanced-heading uagb-block-2fe69c34\"><p class=\"uagb-heading-text\">Notre syst\u00e8me de production int\u00e9gr\u00e9 permet un suivi pr\u00e9cis du statut des lots de produits, facilitant ainsi le contr\u00f4le en temps opportun du processus de production. Cette capacit\u00e9 nous permet d&rsquo;identifier rapidement les probl\u00e8mes et d&rsquo;apporter des ajustements \u00e0 l&rsquo;\u00e9quipement, ce qui se traduit par une am\u00e9lioration du rendement des produits et une gestion efficace des co\u00fbts de production.<\/p><\/div>\n\n\n\n<div class=\"wp-block-uagb-advanced-heading uagb-block-120edd79\"><h2 class=\"uagb-heading-text\"><strong>Service de production personnalis\u00e9<br><\/strong><\/h2><\/div>\n\n\n\n<div class=\"wp-block-uagb-advanced-heading uagb-block-9c68925c\"><p class=\"uagb-heading-text\">Nous comprenons les diff\u00e9rentes exigences des clients situ\u00e9s dans diverses zones g\u00e9ographiques, op\u00e9rant dans des environnements de production uniques et utilisant des mod\u00e8les de machines de remplissage distincts. Des facteurs tels que l&rsquo;altitude, la pression atmosph\u00e9rique, la temp\u00e9rature et l&rsquo;humidit\u00e9 jouent un r\u00f4le crucial dans les sp\u00e9cifications d&#8217;emballage aseptique, en particulier pour les clients poss\u00e9dant des installations dans le monde entier. Pour tenir compte de ces variations, nous documentons m\u00e9ticuleusement les d\u00e9tails relatifs aux clients et aux sites de production. Cette approche nous permet d&rsquo;adapter notre processus de production afin de r\u00e9pondre aux besoins sp\u00e9cifiques de chaque client gr\u00e2ce \u00e0 la personnalisation et \u00e0 des ajustements.<\/p><\/div>\n<\/div>\n\n\n\n<div class=\"wp-block-uagb-container uagb-block-09b9b99d\">\n<div class=\"wp-block-uagb-image uagb-block-38feb8ec wp-block-uagb-image--layout-default wp-block-uagb-image--effect-static wp-block-uagb-image--align-none\"><figure class=\"wp-block-uagb-image__figure\"><img decoding=\"async\" srcset=\"https:\/\/newjfglobal.com\/wp-content\/uploads\/2025\/06\/Innovation_IMG_4259-1024x768.jpeg ,https:\/\/newjfglobal.com\/wp-content\/uploads\/2025\/06\/Innovation_IMG_4259-scaled.jpeg 780w, https:\/\/newjfglobal.com\/wp-content\/uploads\/2025\/06\/Innovation_IMG_4259-scaled.jpeg 360w\" sizes=\"auto, (max-width: 480px) 150px\" src=\"https:\/\/newjfglobal.com\/wp-content\/uploads\/2025\/06\/Innovation_IMG_4259-1024x768.jpeg\" alt=\"\" class=\"uag-image-1067\" width=\"1024\" height=\"768\" title=\"Innovation_IMG_4259\" loading=\"lazy\" role=\"img\"\/><\/figure><\/div>\n<\/div>\n<\/div><\/div>\n\n\n\n<div class=\"wp-block-uagb-container uagb-block-4ff448f2 alignfull uagb-is-root-container\"><div class=\"uagb-container-inner-blocks-wrap\">\n<div class=\"wp-block-uagb-container uagb-block-09e7da95\">\n<div class=\"wp-block-uagb-image uagb-block-a86a5ce5 wp-block-uagb-image--layout-default wp-block-uagb-image--effect-static wp-block-uagb-image--align-none\"><figure class=\"wp-block-uagb-image__figure\"><img decoding=\"async\" srcset=\"https:\/\/newjfglobal.com\/wp-content\/uploads\/2025\/06\/Innovation_IMG_4271-1024x768.jpeg ,https:\/\/newjfglobal.com\/wp-content\/uploads\/2025\/06\/Innovation_IMG_4271-scaled.jpeg 780w, https:\/\/newjfglobal.com\/wp-content\/uploads\/2025\/06\/Innovation_IMG_4271-scaled.jpeg 360w\" sizes=\"auto, (max-width: 480px) 150px\" src=\"https:\/\/newjfglobal.com\/wp-content\/uploads\/2025\/06\/Innovation_IMG_4271-1024x768.jpeg\" alt=\"\" class=\"uag-image-1069\" width=\"1024\" height=\"768\" title=\"Innovation_IMG_4271\" loading=\"lazy\" role=\"img\"\/><\/figure><\/div>\n<\/div>\n\n\n\n<div class=\"wp-block-uagb-container streamlined-production uagb-block-8ba142f4\">\n<div class=\"wp-block-uagb-advanced-heading uagb-block-52082dd8\"><h2 class=\"uagb-heading-text\"><strong>Suivi des codes QR et analyses de m\u00e9gadonn\u00e9es<\/strong><\/h2><\/div>\n\n\n\n<div class=\"wp-block-uagb-advanced-heading uagb-block-7699339d\"><p class=\"uagb-heading-text\">Notre technologie nous permet d&rsquo;attribuer un code QR exclusif \u00e0 chaque emballage aseptique, ce qui permet aux clients des secteurs du lait liquide et des boissons non gazeuses d&rsquo;amplifier leur valeur commerciale gr\u00e2ce \u00e0 une meilleure tra\u00e7abilit\u00e9, un marketing am\u00e9lior\u00e9, une analyse des donn\u00e9es et une efficacit\u00e9 op\u00e9rationnelle accrue.<\/p><\/div>\n\n\n\n<div class=\"wp-block-uagb-advanced-heading uagb-block-91bb4942\"><h2 class=\"uagb-heading-text\">Optimisation des op\u00e9rations d&rsquo;entreposage<\/h2><\/div>\n\n\n\n<div class=\"wp-block-uagb-advanced-heading uagb-block-836f3906\"><p class=\"uagb-heading-text\">Nous am\u00e9liorons nos op\u00e9rations d&rsquo;entreposage en mettant en \u0153uvre une technologie de transformation num\u00e9rique avanc\u00e9e afin d&rsquo;optimiser le processus de gestion. Cela comprend un syst\u00e8me pneumatique \u00e0 pression n\u00e9gative en phase mince pour le stockage et le transport s\u00e9curis\u00e9s des mati\u00e8res premi\u00e8res cl\u00e9s, telles que le poly\u00e9thyl\u00e8ne. De plus, nous utilisons des \u00e9quipements automatis\u00e9s pour garantir une efficacit\u00e9 de production \u00e9lev\u00e9e et une qualit\u00e9 constante des produits tout au long du processus de production.<\/p><\/div>\n\n\n\n<div class=\"wp-block-uagb-advanced-heading uagb-block-0fabe555\"><h2 class=\"uagb-heading-text\"><strong>D\u00e9finir les normes techniques de l&rsquo;industrie<\/strong><\/h2><\/div>\n\n\n\n<div class=\"wp-block-uagb-advanced-heading uagb-block-d80a0b7a\"><p class=\"uagb-heading-text\">Nous sommes fiers d&rsquo;\u00eatre les architectes de diverses normes techniques industrielles, telles que \u00ab 20193206-T-469 Test de perm\u00e9abilit\u00e9 \u00e0 l&rsquo;oxyg\u00e8ne des mat\u00e9riaux d&#8217;emballage pour films et feuilles plastiques &#8211; M\u00e9thode de d\u00e9tection par coulombim\u00e8tre \u00bb, \u00ab GB\/T 18706-2008 Mat\u00e9riaux composites \u00e0 matrice papier pour l&#8217;emballage de produits alimentaires liquides frais \u00bb et \u00ab BB\/T 0052-2009 Films et sachets coextrud\u00e9s pour l&#8217;emballage du lait liquide \u00bb, entre autres. Notre engagement envers l&rsquo;excellence se refl\u00e8te dans notre leadership dans l&rsquo;\u00e9tablissement et l&rsquo;\u00e9laboration de multiples normes techniques au sein de l&rsquo;industrie.<\/p><\/div>\n<\/div>\n<\/div><\/div>\n\n\n\n<div class=\"wp-block-uagb-container uagb-block-nhmyhbgx alignfull uagb-is-root-container\"><div class=\"uagb-container-inner-blocks-wrap\">\n<div class=\"wp-block-uagb-info-box uagb-block-5vqvjezi uagb-infobox__content-wrap  uagb-infobox-icon-above-title uagb-infobox-image-valign-top get-started-container\"><div class=\"uagb-ifb-content\"><div class=\"uagb-ifb-title-wrap\"><h2 class=\"uagb-ifb-title\">Commencer<\/h2><\/div><p class=\"uagb-ifb-desc\">Contactez-nous pour d\u00e9couvrir comment NewJF peut r\u00e9pondre aux besoins de votre entreprise gr\u00e2ce \u00e0 nos solutions.<br><a href=\"mailto:enquiry@newjfglobal.com\"><\/a><\/p><\/div><\/div>\n\n\n\n<div class=\"wp-block-uagb-buttons uagb-buttons__outer-wrap uagb-btn__default-btn uagb-btn-tablet__default-btn uagb-btn-mobile__default-btn uagb-block-90071695\"><div class=\"uagb-buttons__wrap uagb-buttons-layout-wrap \">\n<div class=\"wp-block-uagb-buttons-child uagb-buttons__outer-wrap uagb-block-71dbbd49 wp-block-button\"><div class=\"uagb-button__wrapper\"><a class=\"uagb-buttons-repeater wp-block-button__link\" aria-label=\"\" href=\"https:\/\/newjfglobal.com\/fr\/contact\/\" rel=\"follow noopener\" target=\"_self\" role=\"button\"><div class=\"uagb-button__link\">Contactez-nous<\/div><\/a><\/div><\/div>\n<\/div><\/div>\n<\/div><\/div>\n","protected":false},"excerpt":{"rendered":"<p>En r\u00e9ponse \u00e0 la demande croissante en mati\u00e8re de s\u00e9curit\u00e9 des produits laitiers, \u00e0 la n\u00e9cessit\u00e9 de trouver un \u00e9quilibre entre qualit\u00e9 et efficacit\u00e9, \u00e0 la pr\u00e9f\u00e9rence grandissante pour les emballages \u00e9cologiques et \u00e0 l&rsquo;objectif collectif de r\u00e9duction des d\u00e9chets, nous innovons en permanence afin de r\u00e9pondre aux attentes \u00e9volutives du march\u00e9. Gestion rationalis\u00e9e de [&hellip;]<\/p>\n","protected":false},"author":2,"featured_media":0,"parent":0,"menu_order":0,"comment_status":"closed","ping_status":"closed","template":"","meta":{"_coblocks_attr":"","_coblocks_dimensions":"","_coblocks_responsive_height":"","_coblocks_accordion_ie_support":"","_uag_custom_page_level_css":"","_swt_meta_header_display":false,"_swt_meta_footer_display":false,"_swt_meta_site_title_display":false,"_swt_meta_sticky_header":false,"_swt_meta_transparent_header":false,"footnotes":""},"class_list":["post-3505","page","type-page","status-publish","hentry"],"yoast_head":"<!-- This site is optimized with the Yoast SEO plugin v27.4 - https:\/\/yoast.com\/product\/yoast-seo-wordpress\/ -->\n<title>Innovation - NewJF Packaging<\/title>\n<meta name=\"robots\" content=\"index, follow, max-snippet:-1, max-image-preview:large, max-video-preview:-1\" \/>\n<link rel=\"canonical\" href=\"https:\/\/newjfglobal.com\/fr\/innovation\/\" \/>\n<meta property=\"og:locale\" content=\"fr_FR\" \/>\n<meta property=\"og:type\" content=\"article\" \/>\n<meta property=\"og:title\" content=\"Innovation - NewJF Packaging\" \/>\n<meta property=\"og:description\" content=\"En r\u00e9ponse \u00e0 la demande croissante en mati\u00e8re de s\u00e9curit\u00e9 des produits laitiers, \u00e0 la n\u00e9cessit\u00e9 de trouver un \u00e9quilibre entre qualit\u00e9 et efficacit\u00e9, \u00e0 la pr\u00e9f\u00e9rence grandissante pour les emballages \u00e9cologiques et \u00e0 l&rsquo;objectif collectif de r\u00e9duction des d\u00e9chets, nous innovons en permanence afin de r\u00e9pondre aux attentes \u00e9volutives du march\u00e9. Gestion rationalis\u00e9e de [&hellip;]\" \/>\n<meta property=\"og:url\" content=\"https:\/\/newjfglobal.com\/fr\/innovation\/\" \/>\n<meta property=\"og:site_name\" content=\"NewJF Packaging\" \/>\n<meta property=\"article:modified_time\" content=\"2025-10-19T10:33:57+00:00\" \/>\n<meta property=\"og:image\" content=\"https:\/\/newjfglobal.com\/wp-content\/uploads\/2025\/06\/Innovation_IMG_4259-1024x768.jpeg\" \/>\n<meta name=\"twitter:card\" content=\"summary_large_image\" \/>\n<meta name=\"twitter:label1\" content=\"Dur\u00e9e de lecture estim\u00e9e\" \/>\n\t<meta name=\"twitter:data1\" content=\"3 minutes\" \/>\n<script type=\"application\/ld+json\" class=\"yoast-schema-graph\">{\"@context\":\"https:\\\/\\\/schema.org\",\"@graph\":[{\"@type\":\"WebPage\",\"@id\":\"https:\\\/\\\/newjfglobal.com\\\/fr\\\/innovation\\\/\",\"url\":\"https:\\\/\\\/newjfglobal.com\\\/fr\\\/innovation\\\/\",\"name\":\"Innovation - NewJF Packaging\",\"isPartOf\":{\"@id\":\"https:\\\/\\\/newjfglobal.com\\\/fr\\\/#website\"},\"primaryImageOfPage\":{\"@id\":\"https:\\\/\\\/newjfglobal.com\\\/fr\\\/innovation\\\/#primaryimage\"},\"image\":{\"@id\":\"https:\\\/\\\/newjfglobal.com\\\/fr\\\/innovation\\\/#primaryimage\"},\"thumbnailUrl\":\"https:\\\/\\\/newjfglobal.com\\\/wp-content\\\/uploads\\\/2025\\\/06\\\/Innovation_IMG_4259-1024x768.jpeg\",\"datePublished\":\"2024-11-04T18:11:41+00:00\",\"dateModified\":\"2025-10-19T10:33:57+00:00\",\"breadcrumb\":{\"@id\":\"https:\\\/\\\/newjfglobal.com\\\/fr\\\/innovation\\\/#breadcrumb\"},\"inLanguage\":\"fr-FR\",\"potentialAction\":[{\"@type\":\"ReadAction\",\"target\":[\"https:\\\/\\\/newjfglobal.com\\\/fr\\\/innovation\\\/\"]}]},{\"@type\":\"ImageObject\",\"inLanguage\":\"fr-FR\",\"@id\":\"https:\\\/\\\/newjfglobal.com\\\/fr\\\/innovation\\\/#primaryimage\",\"url\":\"https:\\\/\\\/newjfglobal.com\\\/wp-content\\\/uploads\\\/2025\\\/06\\\/Innovation_IMG_4259-1024x768.jpeg\",\"contentUrl\":\"https:\\\/\\\/newjfglobal.com\\\/wp-content\\\/uploads\\\/2025\\\/06\\\/Innovation_IMG_4259-1024x768.jpeg\"},{\"@type\":\"BreadcrumbList\",\"@id\":\"https:\\\/\\\/newjfglobal.com\\\/fr\\\/innovation\\\/#breadcrumb\",\"itemListElement\":[{\"@type\":\"ListItem\",\"position\":1,\"name\":\"Home\",\"item\":\"https:\\\/\\\/newjfglobal.com\\\/fr\\\/\"},{\"@type\":\"ListItem\",\"position\":2,\"name\":\"Innovation\"}]},{\"@type\":\"WebSite\",\"@id\":\"https:\\\/\\\/newjfglobal.com\\\/fr\\\/#website\",\"url\":\"https:\\\/\\\/newjfglobal.com\\\/fr\\\/\",\"name\":\"NewJF Packaging\",\"description\":\"\",\"publisher\":{\"@id\":\"https:\\\/\\\/newjfglobal.com\\\/fr\\\/#organization\"},\"potentialAction\":[{\"@type\":\"SearchAction\",\"target\":{\"@type\":\"EntryPoint\",\"urlTemplate\":\"https:\\\/\\\/newjfglobal.com\\\/fr\\\/?s={search_term_string}\"},\"query-input\":{\"@type\":\"PropertyValueSpecification\",\"valueRequired\":true,\"valueName\":\"search_term_string\"}}],\"inLanguage\":\"fr-FR\"},{\"@type\":\"Organization\",\"@id\":\"https:\\\/\\\/newjfglobal.com\\\/fr\\\/#organization\",\"name\":\"NewJF Packaging\",\"url\":\"https:\\\/\\\/newjfglobal.com\\\/fr\\\/\",\"logo\":{\"@type\":\"ImageObject\",\"inLanguage\":\"fr-FR\",\"@id\":\"https:\\\/\\\/newjfglobal.com\\\/fr\\\/#\\\/schema\\\/logo\\\/image\\\/\",\"url\":\"https:\\\/\\\/newjfglobal.com\\\/wp-content\\\/uploads\\\/2024\\\/10\\\/logo.png\",\"contentUrl\":\"https:\\\/\\\/newjfglobal.com\\\/wp-content\\\/uploads\\\/2024\\\/10\\\/logo.png\",\"width\":276,\"height\":73,\"caption\":\"NewJF Packaging\"},\"image\":{\"@id\":\"https:\\\/\\\/newjfglobal.com\\\/fr\\\/#\\\/schema\\\/logo\\\/image\\\/\"}}]}<\/script>\n<!-- \/ Yoast SEO plugin. -->","yoast_head_json":{"title":"Innovation - NewJF Packaging","robots":{"index":"index","follow":"follow","max-snippet":"max-snippet:-1","max-image-preview":"max-image-preview:large","max-video-preview":"max-video-preview:-1"},"canonical":"https:\/\/newjfglobal.com\/fr\/innovation\/","og_locale":"fr_FR","og_type":"article","og_title":"Innovation - NewJF Packaging","og_description":"En r\u00e9ponse \u00e0 la demande croissante en mati\u00e8re de s\u00e9curit\u00e9 des produits laitiers, \u00e0 la n\u00e9cessit\u00e9 de trouver un \u00e9quilibre entre qualit\u00e9 et efficacit\u00e9, \u00e0 la pr\u00e9f\u00e9rence grandissante pour les emballages \u00e9cologiques et \u00e0 l&rsquo;objectif collectif de r\u00e9duction des d\u00e9chets, nous innovons en permanence afin de r\u00e9pondre aux attentes \u00e9volutives du march\u00e9. Gestion rationalis\u00e9e de [&hellip;]","og_url":"https:\/\/newjfglobal.com\/fr\/innovation\/","og_site_name":"NewJF Packaging","article_modified_time":"2025-10-19T10:33:57+00:00","og_image":[{"url":"https:\/\/newjfglobal.com\/wp-content\/uploads\/2025\/06\/Innovation_IMG_4259-1024x768.jpeg","type":"","width":"","height":""}],"twitter_card":"summary_large_image","twitter_misc":{"Dur\u00e9e de lecture estim\u00e9e":"3 minutes"},"schema":{"@context":"https:\/\/schema.org","@graph":[{"@type":"WebPage","@id":"https:\/\/newjfglobal.com\/fr\/innovation\/","url":"https:\/\/newjfglobal.com\/fr\/innovation\/","name":"Innovation - NewJF Packaging","isPartOf":{"@id":"https:\/\/newjfglobal.com\/fr\/#website"},"primaryImageOfPage":{"@id":"https:\/\/newjfglobal.com\/fr\/innovation\/#primaryimage"},"image":{"@id":"https:\/\/newjfglobal.com\/fr\/innovation\/#primaryimage"},"thumbnailUrl":"https:\/\/newjfglobal.com\/wp-content\/uploads\/2025\/06\/Innovation_IMG_4259-1024x768.jpeg","datePublished":"2024-11-04T18:11:41+00:00","dateModified":"2025-10-19T10:33:57+00:00","breadcrumb":{"@id":"https:\/\/newjfglobal.com\/fr\/innovation\/#breadcrumb"},"inLanguage":"fr-FR","potentialAction":[{"@type":"ReadAction","target":["https:\/\/newjfglobal.com\/fr\/innovation\/"]}]},{"@type":"ImageObject","inLanguage":"fr-FR","@id":"https:\/\/newjfglobal.com\/fr\/innovation\/#primaryimage","url":"https:\/\/newjfglobal.com\/wp-content\/uploads\/2025\/06\/Innovation_IMG_4259-1024x768.jpeg","contentUrl":"https:\/\/newjfglobal.com\/wp-content\/uploads\/2025\/06\/Innovation_IMG_4259-1024x768.jpeg"},{"@type":"BreadcrumbList","@id":"https:\/\/newjfglobal.com\/fr\/innovation\/#breadcrumb","itemListElement":[{"@type":"ListItem","position":1,"name":"Home","item":"https:\/\/newjfglobal.com\/fr\/"},{"@type":"ListItem","position":2,"name":"Innovation"}]},{"@type":"WebSite","@id":"https:\/\/newjfglobal.com\/fr\/#website","url":"https:\/\/newjfglobal.com\/fr\/","name":"NewJF Packaging","description":"","publisher":{"@id":"https:\/\/newjfglobal.com\/fr\/#organization"},"potentialAction":[{"@type":"SearchAction","target":{"@type":"EntryPoint","urlTemplate":"https:\/\/newjfglobal.com\/fr\/?s={search_term_string}"},"query-input":{"@type":"PropertyValueSpecification","valueRequired":true,"valueName":"search_term_string"}}],"inLanguage":"fr-FR"},{"@type":"Organization","@id":"https:\/\/newjfglobal.com\/fr\/#organization","name":"NewJF Packaging","url":"https:\/\/newjfglobal.com\/fr\/","logo":{"@type":"ImageObject","inLanguage":"fr-FR","@id":"https:\/\/newjfglobal.com\/fr\/#\/schema\/logo\/image\/","url":"https:\/\/newjfglobal.com\/wp-content\/uploads\/2024\/10\/logo.png","contentUrl":"https:\/\/newjfglobal.com\/wp-content\/uploads\/2024\/10\/logo.png","width":276,"height":73,"caption":"NewJF Packaging"},"image":{"@id":"https:\/\/newjfglobal.com\/fr\/#\/schema\/logo\/image\/"}}]}},"uagb_featured_image_src":{"full":false,"thumbnail":false,"medium":false,"medium_large":false,"large":false,"1536x1536":false,"2048x2048":false},"uagb_author_info":{"display_name":"sylvialee","author_link":"https:\/\/newjfglobal.com\/fr\/author\/sylvialee\/"},"uagb_comment_info":0,"uagb_excerpt":"En r\u00e9ponse \u00e0 la demande croissante en mati\u00e8re de s\u00e9curit\u00e9 des produits laitiers, \u00e0 la n\u00e9cessit\u00e9 de trouver un \u00e9quilibre entre qualit\u00e9 et efficacit\u00e9, \u00e0 la pr\u00e9f\u00e9rence grandissante pour les emballages \u00e9cologiques et \u00e0 l&rsquo;objectif collectif de r\u00e9duction des d\u00e9chets, nous innovons en permanence afin de r\u00e9pondre aux attentes \u00e9volutives du march\u00e9. Gestion rationalis\u00e9e de\u2026","_links":{"self":[{"href":"https:\/\/newjfglobal.com\/fr\/wp-json\/wp\/v2\/pages\/3505","targetHints":{"allow":["GET"]}}],"collection":[{"href":"https:\/\/newjfglobal.com\/fr\/wp-json\/wp\/v2\/pages"}],"about":[{"href":"https:\/\/newjfglobal.com\/fr\/wp-json\/wp\/v2\/types\/page"}],"author":[{"embeddable":true,"href":"https:\/\/newjfglobal.com\/fr\/wp-json\/wp\/v2\/users\/2"}],"replies":[{"embeddable":true,"href":"https:\/\/newjfglobal.com\/fr\/wp-json\/wp\/v2\/comments?post=3505"}],"version-history":[{"count":3,"href":"https:\/\/newjfglobal.com\/fr\/wp-json\/wp\/v2\/pages\/3505\/revisions"}],"predecessor-version":[{"id":4230,"href":"https:\/\/newjfglobal.com\/fr\/wp-json\/wp\/v2\/pages\/3505\/revisions\/4230"}],"wp:attachment":[{"href":"https:\/\/newjfglobal.com\/fr\/wp-json\/wp\/v2\/media?parent=3505"}],"curies":[{"name":"wp","href":"https:\/\/api.w.org\/{rel}","templated":true}]}}