{"id":3547,"date":"2025-10-14T06:10:52","date_gmt":"2025-10-14T06:10:52","guid":{"rendered":"https:\/\/newjfglobal.com\/?page_id=3547"},"modified":"2025-10-19T10:33:19","modified_gmt":"2025-10-19T10:33:19","slug":"packaging-effect-material","status":"publish","type":"page","link":"https:\/\/newjfglobal.com\/fr\/packaging-effect-material\/","title":{"rendered":"Packaging Effect Material"},"content":{"rendered":"\n<div class=\"wp-block-uagb-container uagb-block-iaajtzen alignfull uagb-is-root-container\"><div class=\"uagb-container-inner-blocks-wrap\">\n<div class=\"wp-block-uagb-info-box uagb-block-zqatx0km uagb-infobox__content-wrap  uagb-infobox-icon-above-title uagb-infobox-image-valign-top\"><div class=\"uagb-ifb-content\"><div class=\"uagb-ifb-title-wrap\"><h1 class=\"uagb-ifb-title\">mat\u00e9riaux d&#8217;emballage<\/h1><\/div><\/div><\/div>\n<\/div><\/div>\n\n\n\n<div class=\"wp-block-uagb-container uagb-block-aaa9eadd alignfull uagb-is-root-container\"><div class=\"uagb-container-inner-blocks-wrap\">\n<div class=\"wp-block-uagb-advanced-heading uagb-block-d7a82915\"><p class=\"uagb-heading-text\">Pour aider votre marque \u00e0 communiquer une identit\u00e9 unique, NJF a introduit une gamme d&rsquo;effets d\u00e9coratifs attrayants, ajoutant une touche visuelle qui aide vos produits \u00e0 se d\u00e9marquer.<\/p><\/div>\n<\/div><\/div>\n\n\n\n<div class=\"wp-block-uagb-container uagb-block-219fa353 alignfull uagb-is-root-container\"><div class=\"uagb-container-inner-blocks-wrap\">\n<div class=\"wp-block-uagb-container uagb-block-4ef183ec\">\n<div class=\"wp-block-uagb-advanced-heading uagb-block-9d9bbe3a\"><h4 class=\"uagb-heading-text\"><strong>NJF Brilliance<\/strong><\/h4><\/div>\n\n\n\n<div class=\"wp-block-uagb-advanced-heading uagb-block-a2ed8bfe\"><p class=\"uagb-heading-text\">projette des couleurs dynamiques qui scintillent au gr\u00e9 des mouvements<\/p><\/div>\n\n\n\n<div class=\"wp-block-uagb-advanced-heading uagb-block-5ee985d6\"><h4 class=\"uagb-heading-text\"><strong>NJF Shine<\/strong><\/h4><\/div>\n\n\n\n<div class=\"wp-block-uagb-advanced-heading uagb-block-2fe69c34\"><p class=\"uagb-heading-text\">donne \u00e0 votre emballage des couleurs \u00e9clatantes et une finition brillante tr\u00e8s r\u00e9fl\u00e9chissante<\/p><\/div>\n\n\n\n<div class=\"wp-block-uagb-advanced-heading uagb-block-120edd79\"><h4 class=\"uagb-heading-text\"><strong><strong>NJF Luster<\/strong><\/strong><\/h4><\/div>\n\n\n\n<div class=\"wp-block-uagb-advanced-heading uagb-block-9c68925c\"><p class=\"uagb-heading-text\">papier avec une finition m\u00e9tallique sobre<\/p><\/div>\n<\/div>\n\n\n\n<div class=\"wp-block-uagb-container uagb-block-09b9b99d\">\n<figure class=\"wp-block-image size-large\"><img loading=\"lazy\" decoding=\"async\" width=\"1024\" height=\"485\" src=\"https:\/\/newjfglobal.com\/wp-content\/uploads\/2025\/10\/packaging-effect-1024x485.png\" alt=\"\" class=\"wp-image-2143\" srcset=\"https:\/\/newjfglobal.com\/wp-content\/uploads\/2025\/10\/packaging-effect-1024x485.png 1024w, https:\/\/newjfglobal.com\/wp-content\/uploads\/2025\/10\/packaging-effect-300x142.png 300w, https:\/\/newjfglobal.com\/wp-content\/uploads\/2025\/10\/packaging-effect-768x364.png 768w, https:\/\/newjfglobal.com\/wp-content\/uploads\/2025\/10\/packaging-effect-1536x727.png 1536w, https:\/\/newjfglobal.com\/wp-content\/uploads\/2025\/10\/packaging-effect-2048x970.png 2048w\" sizes=\"auto, (max-width: 1024px) 100vw, 1024px\" \/><\/figure>\n<\/div>\n<\/div><\/div>\n\n\n\n<div class=\"wp-block-uagb-container uagb-block-nhmyhbgx alignfull uagb-is-root-container\"><div class=\"uagb-container-inner-blocks-wrap\">\n<div class=\"wp-block-uagb-info-box uagb-block-5vqvjezi uagb-infobox__content-wrap  uagb-infobox-icon-above-title uagb-infobox-image-valign-top get-started-container\"><div class=\"uagb-ifb-content\"><div class=\"uagb-ifb-title-wrap\"><h2 class=\"uagb-ifb-title\">Commencer<\/h2><\/div><p class=\"uagb-ifb-desc\">Contactez-nous pour d\u00e9couvrir comment NewJF peut r\u00e9pondre aux besoins de votre entreprise gr\u00e2ce \u00e0 nos solutions.<br><a href=\"mailto:enquiry@newjfglobal.com\"><\/a><\/p><\/div><\/div>\n\n\n\n<div class=\"wp-block-uagb-buttons uagb-buttons__outer-wrap uagb-btn__default-btn uagb-btn-tablet__default-btn uagb-btn-mobile__default-btn uagb-block-90071695\"><div class=\"uagb-buttons__wrap uagb-buttons-layout-wrap \">\n<div class=\"wp-block-uagb-buttons-child uagb-buttons__outer-wrap uagb-block-71dbbd49 wp-block-button\"><div class=\"uagb-button__wrapper\"><a class=\"uagb-buttons-repeater wp-block-button__link\" aria-label=\"\" href=\"https:\/\/newjfglobal.com\/fr\/contact\/\" rel=\"follow noopener\" target=\"_self\" role=\"button\"><div class=\"uagb-button__link\">Contactez-nous<\/div><\/a><\/div><\/div>\n<\/div><\/div>\n<\/div><\/div>\n","protected":false},"excerpt":{"rendered":"<p>Pour aider votre marque \u00e0 communiquer une identit\u00e9 unique, NJF a introduit une gamme d&rsquo;effets d\u00e9coratifs attrayants, ajoutant une touche visuelle qui aide vos produits \u00e0 se d\u00e9marquer. NJF Brilliance projette des couleurs dynamiques qui scintillent au gr\u00e9 des mouvements NJF Shine donne \u00e0 votre emballage des couleurs \u00e9clatantes et une finition brillante tr\u00e8s r\u00e9fl\u00e9chissante [&hellip;]<\/p>\n","protected":false},"author":2,"featured_media":0,"parent":0,"menu_order":0,"comment_status":"closed","ping_status":"closed","template":"","meta":{"_coblocks_attr":"","_coblocks_dimensions":"","_coblocks_responsive_height":"","_coblocks_accordion_ie_support":"","_uag_custom_page_level_css":"","_swt_meta_header_display":false,"_swt_meta_footer_display":false,"_swt_meta_site_title_display":false,"_swt_meta_sticky_header":false,"_swt_meta_transparent_header":false,"footnotes":""},"class_list":["post-3547","page","type-page","status-publish","hentry"],"yoast_head":"<!-- This site is optimized with the Yoast SEO plugin v27.4 - https:\/\/yoast.com\/product\/yoast-seo-wordpress\/ -->\n<title>Packaging Effect Material - NewJF Packaging<\/title>\n<meta name=\"robots\" content=\"index, follow, max-snippet:-1, max-image-preview:large, max-video-preview:-1\" \/>\n<link rel=\"canonical\" href=\"https:\/\/newjfglobal.com\/fr\/packaging-effect-material\/\" \/>\n<meta property=\"og:locale\" content=\"fr_FR\" \/>\n<meta property=\"og:type\" content=\"article\" \/>\n<meta property=\"og:title\" content=\"Packaging Effect Material - NewJF Packaging\" \/>\n<meta property=\"og:description\" content=\"Pour aider votre marque \u00e0 communiquer une identit\u00e9 unique, NJF a introduit une gamme d&rsquo;effets d\u00e9coratifs attrayants, ajoutant une touche visuelle qui aide vos produits \u00e0 se d\u00e9marquer. NJF Brilliance projette des couleurs dynamiques qui scintillent au gr\u00e9 des mouvements NJF Shine donne \u00e0 votre emballage des couleurs \u00e9clatantes et une finition brillante tr\u00e8s r\u00e9fl\u00e9chissante [&hellip;]\" \/>\n<meta property=\"og:url\" content=\"https:\/\/newjfglobal.com\/fr\/packaging-effect-material\/\" \/>\n<meta property=\"og:site_name\" content=\"NewJF Packaging\" \/>\n<meta property=\"article:modified_time\" content=\"2025-10-19T10:33:19+00:00\" \/>\n<meta property=\"og:image\" content=\"https:\/\/newjfglobal.com\/wp-content\/uploads\/2025\/10\/packaging-effect-scaled.png\" \/>\n\t<meta property=\"og:image:width\" content=\"2560\" \/>\n\t<meta property=\"og:image:height\" content=\"1212\" \/>\n\t<meta property=\"og:image:type\" content=\"image\/png\" \/>\n<meta name=\"twitter:card\" content=\"summary_large_image\" \/>\n<meta name=\"twitter:label1\" content=\"Dur\u00e9e de lecture estim\u00e9e\" \/>\n\t<meta name=\"twitter:data1\" content=\"1 minute\" \/>\n<script type=\"application\/ld+json\" class=\"yoast-schema-graph\">{\"@context\":\"https:\\\/\\\/schema.org\",\"@graph\":[{\"@type\":\"WebPage\",\"@id\":\"https:\\\/\\\/newjfglobal.com\\\/fr\\\/packaging-effect-material\\\/\",\"url\":\"https:\\\/\\\/newjfglobal.com\\\/fr\\\/packaging-effect-material\\\/\",\"name\":\"Packaging Effect Material - NewJF Packaging\",\"isPartOf\":{\"@id\":\"https:\\\/\\\/newjfglobal.com\\\/fr\\\/#website\"},\"primaryImageOfPage\":{\"@id\":\"https:\\\/\\\/newjfglobal.com\\\/fr\\\/packaging-effect-material\\\/#primaryimage\"},\"image\":{\"@id\":\"https:\\\/\\\/newjfglobal.com\\\/fr\\\/packaging-effect-material\\\/#primaryimage\"},\"thumbnailUrl\":\"https:\\\/\\\/newjfglobal.com\\\/wp-content\\\/uploads\\\/2025\\\/10\\\/packaging-effect-1024x485.png\",\"datePublished\":\"2025-10-14T06:10:52+00:00\",\"dateModified\":\"2025-10-19T10:33:19+00:00\",\"breadcrumb\":{\"@id\":\"https:\\\/\\\/newjfglobal.com\\\/fr\\\/packaging-effect-material\\\/#breadcrumb\"},\"inLanguage\":\"fr-FR\",\"potentialAction\":[{\"@type\":\"ReadAction\",\"target\":[\"https:\\\/\\\/newjfglobal.com\\\/fr\\\/packaging-effect-material\\\/\"]}]},{\"@type\":\"ImageObject\",\"inLanguage\":\"fr-FR\",\"@id\":\"https:\\\/\\\/newjfglobal.com\\\/fr\\\/packaging-effect-material\\\/#primaryimage\",\"url\":\"https:\\\/\\\/newjfglobal.com\\\/wp-content\\\/uploads\\\/2025\\\/10\\\/packaging-effect-1024x485.png\",\"contentUrl\":\"https:\\\/\\\/newjfglobal.com\\\/wp-content\\\/uploads\\\/2025\\\/10\\\/packaging-effect-1024x485.png\"},{\"@type\":\"BreadcrumbList\",\"@id\":\"https:\\\/\\\/newjfglobal.com\\\/fr\\\/packaging-effect-material\\\/#breadcrumb\",\"itemListElement\":[{\"@type\":\"ListItem\",\"position\":1,\"name\":\"Home\",\"item\":\"https:\\\/\\\/newjfglobal.com\\\/fr\\\/\"},{\"@type\":\"ListItem\",\"position\":2,\"name\":\"Packaging Effect Material\"}]},{\"@type\":\"WebSite\",\"@id\":\"https:\\\/\\\/newjfglobal.com\\\/fr\\\/#website\",\"url\":\"https:\\\/\\\/newjfglobal.com\\\/fr\\\/\",\"name\":\"NewJF Packaging\",\"description\":\"\",\"publisher\":{\"@id\":\"https:\\\/\\\/newjfglobal.com\\\/fr\\\/#organization\"},\"potentialAction\":[{\"@type\":\"SearchAction\",\"target\":{\"@type\":\"EntryPoint\",\"urlTemplate\":\"https:\\\/\\\/newjfglobal.com\\\/fr\\\/?s={search_term_string}\"},\"query-input\":{\"@type\":\"PropertyValueSpecification\",\"valueRequired\":true,\"valueName\":\"search_term_string\"}}],\"inLanguage\":\"fr-FR\"},{\"@type\":\"Organization\",\"@id\":\"https:\\\/\\\/newjfglobal.com\\\/fr\\\/#organization\",\"name\":\"NewJF Packaging\",\"url\":\"https:\\\/\\\/newjfglobal.com\\\/fr\\\/\",\"logo\":{\"@type\":\"ImageObject\",\"inLanguage\":\"fr-FR\",\"@id\":\"https:\\\/\\\/newjfglobal.com\\\/fr\\\/#\\\/schema\\\/logo\\\/image\\\/\",\"url\":\"https:\\\/\\\/newjfglobal.com\\\/wp-content\\\/uploads\\\/2024\\\/10\\\/logo.png\",\"contentUrl\":\"https:\\\/\\\/newjfglobal.com\\\/wp-content\\\/uploads\\\/2024\\\/10\\\/logo.png\",\"width\":276,\"height\":73,\"caption\":\"NewJF Packaging\"},\"image\":{\"@id\":\"https:\\\/\\\/newjfglobal.com\\\/fr\\\/#\\\/schema\\\/logo\\\/image\\\/\"}}]}<\/script>\n<!-- \/ Yoast SEO plugin. -->","yoast_head_json":{"title":"Packaging Effect Material - NewJF Packaging","robots":{"index":"index","follow":"follow","max-snippet":"max-snippet:-1","max-image-preview":"max-image-preview:large","max-video-preview":"max-video-preview:-1"},"canonical":"https:\/\/newjfglobal.com\/fr\/packaging-effect-material\/","og_locale":"fr_FR","og_type":"article","og_title":"Packaging Effect Material - NewJF Packaging","og_description":"Pour aider votre marque \u00e0 communiquer une identit\u00e9 unique, NJF a introduit une gamme d&rsquo;effets d\u00e9coratifs attrayants, ajoutant une touche visuelle qui aide vos produits \u00e0 se d\u00e9marquer. NJF Brilliance projette des couleurs dynamiques qui scintillent au gr\u00e9 des mouvements NJF Shine donne \u00e0 votre emballage des couleurs \u00e9clatantes et une finition brillante tr\u00e8s r\u00e9fl\u00e9chissante [&hellip;]","og_url":"https:\/\/newjfglobal.com\/fr\/packaging-effect-material\/","og_site_name":"NewJF Packaging","article_modified_time":"2025-10-19T10:33:19+00:00","og_image":[{"width":2560,"height":1212,"url":"https:\/\/newjfglobal.com\/wp-content\/uploads\/2025\/10\/packaging-effect-scaled.png","type":"image\/png"}],"twitter_card":"summary_large_image","twitter_misc":{"Dur\u00e9e de lecture estim\u00e9e":"1 minute"},"schema":{"@context":"https:\/\/schema.org","@graph":[{"@type":"WebPage","@id":"https:\/\/newjfglobal.com\/fr\/packaging-effect-material\/","url":"https:\/\/newjfglobal.com\/fr\/packaging-effect-material\/","name":"Packaging Effect Material - NewJF Packaging","isPartOf":{"@id":"https:\/\/newjfglobal.com\/fr\/#website"},"primaryImageOfPage":{"@id":"https:\/\/newjfglobal.com\/fr\/packaging-effect-material\/#primaryimage"},"image":{"@id":"https:\/\/newjfglobal.com\/fr\/packaging-effect-material\/#primaryimage"},"thumbnailUrl":"https:\/\/newjfglobal.com\/wp-content\/uploads\/2025\/10\/packaging-effect-1024x485.png","datePublished":"2025-10-14T06:10:52+00:00","dateModified":"2025-10-19T10:33:19+00:00","breadcrumb":{"@id":"https:\/\/newjfglobal.com\/fr\/packaging-effect-material\/#breadcrumb"},"inLanguage":"fr-FR","potentialAction":[{"@type":"ReadAction","target":["https:\/\/newjfglobal.com\/fr\/packaging-effect-material\/"]}]},{"@type":"ImageObject","inLanguage":"fr-FR","@id":"https:\/\/newjfglobal.com\/fr\/packaging-effect-material\/#primaryimage","url":"https:\/\/newjfglobal.com\/wp-content\/uploads\/2025\/10\/packaging-effect-1024x485.png","contentUrl":"https:\/\/newjfglobal.com\/wp-content\/uploads\/2025\/10\/packaging-effect-1024x485.png"},{"@type":"BreadcrumbList","@id":"https:\/\/newjfglobal.com\/fr\/packaging-effect-material\/#breadcrumb","itemListElement":[{"@type":"ListItem","position":1,"name":"Home","item":"https:\/\/newjfglobal.com\/fr\/"},{"@type":"ListItem","position":2,"name":"Packaging Effect Material"}]},{"@type":"WebSite","@id":"https:\/\/newjfglobal.com\/fr\/#website","url":"https:\/\/newjfglobal.com\/fr\/","name":"NewJF Packaging","description":"","publisher":{"@id":"https:\/\/newjfglobal.com\/fr\/#organization"},"potentialAction":[{"@type":"SearchAction","target":{"@type":"EntryPoint","urlTemplate":"https:\/\/newjfglobal.com\/fr\/?s={search_term_string}"},"query-input":{"@type":"PropertyValueSpecification","valueRequired":true,"valueName":"search_term_string"}}],"inLanguage":"fr-FR"},{"@type":"Organization","@id":"https:\/\/newjfglobal.com\/fr\/#organization","name":"NewJF Packaging","url":"https:\/\/newjfglobal.com\/fr\/","logo":{"@type":"ImageObject","inLanguage":"fr-FR","@id":"https:\/\/newjfglobal.com\/fr\/#\/schema\/logo\/image\/","url":"https:\/\/newjfglobal.com\/wp-content\/uploads\/2024\/10\/logo.png","contentUrl":"https:\/\/newjfglobal.com\/wp-content\/uploads\/2024\/10\/logo.png","width":276,"height":73,"caption":"NewJF Packaging"},"image":{"@id":"https:\/\/newjfglobal.com\/fr\/#\/schema\/logo\/image\/"}}]}},"uagb_featured_image_src":{"full":false,"thumbnail":false,"medium":false,"medium_large":false,"large":false,"1536x1536":false,"2048x2048":false},"uagb_author_info":{"display_name":"sylvialee","author_link":"https:\/\/newjfglobal.com\/fr\/author\/sylvialee\/"},"uagb_comment_info":0,"uagb_excerpt":"Pour aider votre marque \u00e0 communiquer une identit\u00e9 unique, NJF a introduit une gamme d&rsquo;effets d\u00e9coratifs attrayants, ajoutant une touche visuelle qui aide vos produits \u00e0 se d\u00e9marquer. NJF Brilliance projette des couleurs dynamiques qui scintillent au gr\u00e9 des mouvements NJF Shine donne \u00e0 votre emballage des couleurs \u00e9clatantes et une finition brillante tr\u00e8s r\u00e9fl\u00e9chissante\u2026","_links":{"self":[{"href":"https:\/\/newjfglobal.com\/fr\/wp-json\/wp\/v2\/pages\/3547","targetHints":{"allow":["GET"]}}],"collection":[{"href":"https:\/\/newjfglobal.com\/fr\/wp-json\/wp\/v2\/pages"}],"about":[{"href":"https:\/\/newjfglobal.com\/fr\/wp-json\/wp\/v2\/types\/page"}],"author":[{"embeddable":true,"href":"https:\/\/newjfglobal.com\/fr\/wp-json\/wp\/v2\/users\/2"}],"replies":[{"embeddable":true,"href":"https:\/\/newjfglobal.com\/fr\/wp-json\/wp\/v2\/comments?post=3547"}],"version-history":[{"count":3,"href":"https:\/\/newjfglobal.com\/fr\/wp-json\/wp\/v2\/pages\/3547\/revisions"}],"predecessor-version":[{"id":4222,"href":"https:\/\/newjfglobal.com\/fr\/wp-json\/wp\/v2\/pages\/3547\/revisions\/4222"}],"wp:attachment":[{"href":"https:\/\/newjfglobal.com\/fr\/wp-json\/wp\/v2\/media?parent=3547"}],"curies":[{"name":"wp","href":"https:\/\/api.w.org\/{rel}","templated":true}]}}