{"id":3573,"date":"2025-10-14T06:31:05","date_gmt":"2025-10-14T06:31:05","guid":{"rendered":"https:\/\/newjfglobal.com\/?page_id=3573"},"modified":"2025-10-19T10:33:28","modified_gmt":"2025-10-19T10:33:28","slug":"smart-packaging","status":"publish","type":"page","link":"https:\/\/newjfglobal.com\/fr\/smart-packaging\/","title":{"rendered":"Smart Packaging"},"content":{"rendered":"\n<div class=\"wp-block-uagb-container uagb-block-iaajtzen alignfull uagb-is-root-container\"><div class=\"uagb-container-inner-blocks-wrap\">\n<div class=\"wp-block-uagb-info-box uagb-block-zqatx0km uagb-infobox__content-wrap  uagb-infobox-icon-above-title uagb-infobox-image-valign-top\"><div class=\"uagb-ifb-content\"><div class=\"uagb-ifb-title-wrap\"><h1 class=\"uagb-ifb-title\"><strong>Emballage intelligent<\/strong><\/h1><\/div><\/div><\/div>\n<\/div><\/div>\n\n\n\n<div class=\"wp-block-uagb-container uagb-block-aaa9eadd alignfull uagb-is-root-container\"><div class=\"uagb-container-inner-blocks-wrap\">\n<div class=\"wp-block-uagb-advanced-heading uagb-block-d7a82915\"><p class=\"uagb-heading-text\">Les emballages intelligents permettent une communication bidirectionnelle riche en donn\u00e9es et en temps r\u00e9el entre les consommateurs et votre marque gr\u00e2ce \u00e0 des codes QR. Il offre d&rsquo;\u00e9normes possibilit\u00e9s en mati\u00e8re d&rsquo;activit\u00e9s marketing et de gains instantan\u00e9s, ainsi qu&rsquo;une tra\u00e7abilit\u00e9 \u00e9lectronique granulaire des produits pour les consommateurs.<\/p><\/div>\n<\/div><\/div>\n\n\n\n<div class=\"wp-block-uagb-container uagb-block-219fa353 alignfull uagb-is-root-container\"><div class=\"uagb-container-inner-blocks-wrap\">\n<div class=\"wp-block-uagb-container streamlined-production uagb-block-4ef183ec\">\n<div class=\"wp-block-uagb-advanced-heading uagb-block-9d9bbe3a\"><h2 class=\"uagb-heading-text\"><strong>Emballage intelligent NJF<\/strong><\/h2><\/div>\n\n\n\n<div class=\"wp-block-uagb-advanced-heading uagb-block-a2ed8bfe\"><p class=\"uagb-heading-text\">Cr\u00e9e des interactions, des incitations, de la confiance et une fid\u00e9lit\u00e9 \u00e0 la marque gr\u00e2ce \u00e0 des codes QR, des images et du texte uniques pour chaque paquet.<\/p><\/div>\n<\/div>\n\n\n\n<div class=\"wp-block-uagb-container uagb-block-09b9b99d\">\n<div class=\"wp-block-uagb-image uagb-block-38feb8ec wp-block-uagb-image--layout-default wp-block-uagb-image--effect-static wp-block-uagb-image--align-none\"><figure class=\"wp-block-uagb-image__figure\"><img decoding=\"async\" srcset=\"https:\/\/newjfglobal.com\/wp-content\/uploads\/2025\/10\/smart-packaging-791x1024.jpg ,https:\/\/newjfglobal.com\/wp-content\/uploads\/2025\/10\/smart-packaging.jpg 780w, https:\/\/newjfglobal.com\/wp-content\/uploads\/2025\/10\/smart-packaging.jpg 360w\" sizes=\"auto, (max-width: 480px) 150px\" src=\"https:\/\/newjfglobal.com\/wp-content\/uploads\/2025\/10\/smart-packaging-791x1024.jpg\" alt=\"\" class=\"uag-image-2149\" width=\"791\" height=\"400\" title=\"smart packaging\" loading=\"lazy\" role=\"img\"\/><\/figure><\/div>\n<\/div>\n<\/div><\/div>\n\n\n\n<div class=\"wp-block-uagb-container uagb-block-731697cd alignfull uagb-is-root-container\"><div class=\"uagb-container-inner-blocks-wrap\">\n<div class=\"wp-block-uagb-container uagb-block-5b90de61\">\n<div class=\"wp-block-uagb-image uagb-block-7f92f571 wp-block-uagb-image--layout-default wp-block-uagb-image--effect-static wp-block-uagb-image--align-none\"><figure class=\"wp-block-uagb-image__figure\"><img decoding=\"async\" srcset=\"https:\/\/newjfglobal.com\/wp-content\/uploads\/2025\/10\/NJF-discovery.png ,https:\/\/newjfglobal.com\/wp-content\/uploads\/2025\/10\/NJF-discovery.png 780w, https:\/\/newjfglobal.com\/wp-content\/uploads\/2025\/10\/NJF-discovery.png 360w\" sizes=\"auto, (max-width: 480px) 150px\" src=\"https:\/\/newjfglobal.com\/wp-content\/uploads\/2025\/10\/NJF-discovery.png\" alt=\"\" class=\"uag-image-2150\" width=\"588\" height=\"400\" title=\"NJF discovery\" loading=\"lazy\" role=\"img\"\/><\/figure><\/div>\n<\/div>\n\n\n\n<div class=\"wp-block-uagb-container uagb-block-0041238e\">\n<div class=\"wp-block-uagb-advanced-heading uagb-block-17b57cd9\"><h2 class=\"uagb-heading-text\"><strong>NJF Discovery<\/strong><\/h2><\/div>\n\n\n\n<div class=\"wp-block-uagb-advanced-heading uagb-block-e536c587\"><p class=\"uagb-heading-text\">Stimule les consommateurs gr\u00e2ce \u00e0 un rev\u00eatement \u00e0 gratter et \u00e0 d\u00e9couvrir recouvrant un contenu variable et des codes QR s\u00e9curis\u00e9s, afin d&#8217;emp\u00eacher toute lecture sans achat.<\/p><\/div>\n<\/div>\n<\/div><\/div>\n\n\n\n<div class=\"wp-block-uagb-container uagb-block-nhmyhbgx alignfull uagb-is-root-container\"><div class=\"uagb-container-inner-blocks-wrap\">\n<div class=\"wp-block-uagb-info-box uagb-block-5vqvjezi uagb-infobox__content-wrap  uagb-infobox-icon-above-title uagb-infobox-image-valign-top get-started-container\"><div class=\"uagb-ifb-content\"><div class=\"uagb-ifb-title-wrap\"><h2 class=\"uagb-ifb-title\">Commencer<\/h2><\/div><p class=\"uagb-ifb-desc\">Contactez-nous pour d\u00e9couvrir comment NewJF peut r\u00e9pondre aux besoins de votre entreprise gr\u00e2ce \u00e0 nos solutions.<br><a href=\"mailto:enquiry@newjfglobal.com\"><\/a><\/p><\/div><\/div>\n\n\n\n<div class=\"wp-block-uagb-buttons uagb-buttons__outer-wrap uagb-btn__default-btn uagb-btn-tablet__default-btn uagb-btn-mobile__default-btn uagb-block-90071695\"><div class=\"uagb-buttons__wrap uagb-buttons-layout-wrap \">\n<div class=\"wp-block-uagb-buttons-child uagb-buttons__outer-wrap uagb-block-71dbbd49 wp-block-button\"><div class=\"uagb-button__wrapper\"><a class=\"uagb-buttons-repeater wp-block-button__link\" aria-label=\"\" href=\"https:\/\/newjfglobal.com\/fr\/contact\/\" rel=\"follow noopener\" target=\"_self\" role=\"button\"><div class=\"uagb-button__link\">Contactez-nous<\/div><\/a><\/div><\/div>\n<\/div><\/div>\n<\/div><\/div>\n","protected":false},"excerpt":{"rendered":"<p>Les emballages intelligents permettent une communication bidirectionnelle riche en donn\u00e9es et en temps r\u00e9el entre les consommateurs et votre marque gr\u00e2ce \u00e0 des codes QR. Il offre d&rsquo;\u00e9normes possibilit\u00e9s en mati\u00e8re d&rsquo;activit\u00e9s marketing et de gains instantan\u00e9s, ainsi qu&rsquo;une tra\u00e7abilit\u00e9 \u00e9lectronique granulaire des produits pour les consommateurs. Emballage intelligent NJF Cr\u00e9e des interactions, des incitations, [&hellip;]<\/p>\n","protected":false},"author":2,"featured_media":0,"parent":0,"menu_order":0,"comment_status":"closed","ping_status":"closed","template":"","meta":{"_coblocks_attr":"","_coblocks_dimensions":"","_coblocks_responsive_height":"","_coblocks_accordion_ie_support":"","_uag_custom_page_level_css":"","_swt_meta_header_display":false,"_swt_meta_footer_display":false,"_swt_meta_site_title_display":false,"_swt_meta_sticky_header":false,"_swt_meta_transparent_header":false,"footnotes":""},"class_list":["post-3573","page","type-page","status-publish","hentry"],"yoast_head":"<!-- This site is optimized with the Yoast SEO plugin v27.4 - https:\/\/yoast.com\/product\/yoast-seo-wordpress\/ -->\n<title>Smart Packaging - NewJF Packaging<\/title>\n<meta name=\"robots\" content=\"index, follow, max-snippet:-1, max-image-preview:large, max-video-preview:-1\" \/>\n<link rel=\"canonical\" href=\"https:\/\/newjfglobal.com\/fr\/smart-packaging\/\" \/>\n<meta property=\"og:locale\" content=\"fr_FR\" \/>\n<meta property=\"og:type\" content=\"article\" \/>\n<meta property=\"og:title\" content=\"Smart Packaging - NewJF Packaging\" \/>\n<meta property=\"og:description\" content=\"Les emballages intelligents permettent une communication bidirectionnelle riche en donn\u00e9es et en temps r\u00e9el entre les consommateurs et votre marque gr\u00e2ce \u00e0 des codes QR. Il offre d&rsquo;\u00e9normes possibilit\u00e9s en mati\u00e8re d&rsquo;activit\u00e9s marketing et de gains instantan\u00e9s, ainsi qu&rsquo;une tra\u00e7abilit\u00e9 \u00e9lectronique granulaire des produits pour les consommateurs. Emballage intelligent NJF Cr\u00e9e des interactions, des incitations, [&hellip;]\" \/>\n<meta property=\"og:url\" content=\"https:\/\/newjfglobal.com\/fr\/smart-packaging\/\" \/>\n<meta property=\"og:site_name\" content=\"NewJF Packaging\" \/>\n<meta property=\"article:modified_time\" content=\"2025-10-19T10:33:28+00:00\" \/>\n<meta property=\"og:image\" content=\"https:\/\/newjfglobal.com\/wp-content\/uploads\/2025\/10\/smart-packaging-791x1024.jpg\" \/>\n<meta name=\"twitter:card\" content=\"summary_large_image\" \/>\n<meta name=\"twitter:label1\" content=\"Dur\u00e9e de lecture estim\u00e9e\" \/>\n\t<meta name=\"twitter:data1\" content=\"1 minute\" \/>\n<script type=\"application\/ld+json\" class=\"yoast-schema-graph\">{\"@context\":\"https:\\\/\\\/schema.org\",\"@graph\":[{\"@type\":\"WebPage\",\"@id\":\"https:\\\/\\\/newjfglobal.com\\\/fr\\\/smart-packaging\\\/\",\"url\":\"https:\\\/\\\/newjfglobal.com\\\/fr\\\/smart-packaging\\\/\",\"name\":\"Smart Packaging - NewJF Packaging\",\"isPartOf\":{\"@id\":\"https:\\\/\\\/newjfglobal.com\\\/fr\\\/#website\"},\"primaryImageOfPage\":{\"@id\":\"https:\\\/\\\/newjfglobal.com\\\/fr\\\/smart-packaging\\\/#primaryimage\"},\"image\":{\"@id\":\"https:\\\/\\\/newjfglobal.com\\\/fr\\\/smart-packaging\\\/#primaryimage\"},\"thumbnailUrl\":\"https:\\\/\\\/newjfglobal.com\\\/wp-content\\\/uploads\\\/2025\\\/10\\\/smart-packaging-791x1024.jpg\",\"datePublished\":\"2025-10-14T06:31:05+00:00\",\"dateModified\":\"2025-10-19T10:33:28+00:00\",\"breadcrumb\":{\"@id\":\"https:\\\/\\\/newjfglobal.com\\\/fr\\\/smart-packaging\\\/#breadcrumb\"},\"inLanguage\":\"fr-FR\",\"potentialAction\":[{\"@type\":\"ReadAction\",\"target\":[\"https:\\\/\\\/newjfglobal.com\\\/fr\\\/smart-packaging\\\/\"]}]},{\"@type\":\"ImageObject\",\"inLanguage\":\"fr-FR\",\"@id\":\"https:\\\/\\\/newjfglobal.com\\\/fr\\\/smart-packaging\\\/#primaryimage\",\"url\":\"https:\\\/\\\/newjfglobal.com\\\/wp-content\\\/uploads\\\/2025\\\/10\\\/smart-packaging-791x1024.jpg\",\"contentUrl\":\"https:\\\/\\\/newjfglobal.com\\\/wp-content\\\/uploads\\\/2025\\\/10\\\/smart-packaging-791x1024.jpg\"},{\"@type\":\"BreadcrumbList\",\"@id\":\"https:\\\/\\\/newjfglobal.com\\\/fr\\\/smart-packaging\\\/#breadcrumb\",\"itemListElement\":[{\"@type\":\"ListItem\",\"position\":1,\"name\":\"Home\",\"item\":\"https:\\\/\\\/newjfglobal.com\\\/fr\\\/\"},{\"@type\":\"ListItem\",\"position\":2,\"name\":\"Smart Packaging\"}]},{\"@type\":\"WebSite\",\"@id\":\"https:\\\/\\\/newjfglobal.com\\\/fr\\\/#website\",\"url\":\"https:\\\/\\\/newjfglobal.com\\\/fr\\\/\",\"name\":\"NewJF Packaging\",\"description\":\"\",\"publisher\":{\"@id\":\"https:\\\/\\\/newjfglobal.com\\\/fr\\\/#organization\"},\"potentialAction\":[{\"@type\":\"SearchAction\",\"target\":{\"@type\":\"EntryPoint\",\"urlTemplate\":\"https:\\\/\\\/newjfglobal.com\\\/fr\\\/?s={search_term_string}\"},\"query-input\":{\"@type\":\"PropertyValueSpecification\",\"valueRequired\":true,\"valueName\":\"search_term_string\"}}],\"inLanguage\":\"fr-FR\"},{\"@type\":\"Organization\",\"@id\":\"https:\\\/\\\/newjfglobal.com\\\/fr\\\/#organization\",\"name\":\"NewJF Packaging\",\"url\":\"https:\\\/\\\/newjfglobal.com\\\/fr\\\/\",\"logo\":{\"@type\":\"ImageObject\",\"inLanguage\":\"fr-FR\",\"@id\":\"https:\\\/\\\/newjfglobal.com\\\/fr\\\/#\\\/schema\\\/logo\\\/image\\\/\",\"url\":\"https:\\\/\\\/newjfglobal.com\\\/wp-content\\\/uploads\\\/2024\\\/10\\\/logo.png\",\"contentUrl\":\"https:\\\/\\\/newjfglobal.com\\\/wp-content\\\/uploads\\\/2024\\\/10\\\/logo.png\",\"width\":276,\"height\":73,\"caption\":\"NewJF Packaging\"},\"image\":{\"@id\":\"https:\\\/\\\/newjfglobal.com\\\/fr\\\/#\\\/schema\\\/logo\\\/image\\\/\"}}]}<\/script>\n<!-- \/ Yoast SEO plugin. -->","yoast_head_json":{"title":"Smart Packaging - NewJF Packaging","robots":{"index":"index","follow":"follow","max-snippet":"max-snippet:-1","max-image-preview":"max-image-preview:large","max-video-preview":"max-video-preview:-1"},"canonical":"https:\/\/newjfglobal.com\/fr\/smart-packaging\/","og_locale":"fr_FR","og_type":"article","og_title":"Smart Packaging - NewJF Packaging","og_description":"Les emballages intelligents permettent une communication bidirectionnelle riche en donn\u00e9es et en temps r\u00e9el entre les consommateurs et votre marque gr\u00e2ce \u00e0 des codes QR. Il offre d&rsquo;\u00e9normes possibilit\u00e9s en mati\u00e8re d&rsquo;activit\u00e9s marketing et de gains instantan\u00e9s, ainsi qu&rsquo;une tra\u00e7abilit\u00e9 \u00e9lectronique granulaire des produits pour les consommateurs. Emballage intelligent NJF Cr\u00e9e des interactions, des incitations, [&hellip;]","og_url":"https:\/\/newjfglobal.com\/fr\/smart-packaging\/","og_site_name":"NewJF Packaging","article_modified_time":"2025-10-19T10:33:28+00:00","og_image":[{"url":"https:\/\/newjfglobal.com\/wp-content\/uploads\/2025\/10\/smart-packaging-791x1024.jpg","type":"","width":"","height":""}],"twitter_card":"summary_large_image","twitter_misc":{"Dur\u00e9e de lecture estim\u00e9e":"1 minute"},"schema":{"@context":"https:\/\/schema.org","@graph":[{"@type":"WebPage","@id":"https:\/\/newjfglobal.com\/fr\/smart-packaging\/","url":"https:\/\/newjfglobal.com\/fr\/smart-packaging\/","name":"Smart Packaging - NewJF Packaging","isPartOf":{"@id":"https:\/\/newjfglobal.com\/fr\/#website"},"primaryImageOfPage":{"@id":"https:\/\/newjfglobal.com\/fr\/smart-packaging\/#primaryimage"},"image":{"@id":"https:\/\/newjfglobal.com\/fr\/smart-packaging\/#primaryimage"},"thumbnailUrl":"https:\/\/newjfglobal.com\/wp-content\/uploads\/2025\/10\/smart-packaging-791x1024.jpg","datePublished":"2025-10-14T06:31:05+00:00","dateModified":"2025-10-19T10:33:28+00:00","breadcrumb":{"@id":"https:\/\/newjfglobal.com\/fr\/smart-packaging\/#breadcrumb"},"inLanguage":"fr-FR","potentialAction":[{"@type":"ReadAction","target":["https:\/\/newjfglobal.com\/fr\/smart-packaging\/"]}]},{"@type":"ImageObject","inLanguage":"fr-FR","@id":"https:\/\/newjfglobal.com\/fr\/smart-packaging\/#primaryimage","url":"https:\/\/newjfglobal.com\/wp-content\/uploads\/2025\/10\/smart-packaging-791x1024.jpg","contentUrl":"https:\/\/newjfglobal.com\/wp-content\/uploads\/2025\/10\/smart-packaging-791x1024.jpg"},{"@type":"BreadcrumbList","@id":"https:\/\/newjfglobal.com\/fr\/smart-packaging\/#breadcrumb","itemListElement":[{"@type":"ListItem","position":1,"name":"Home","item":"https:\/\/newjfglobal.com\/fr\/"},{"@type":"ListItem","position":2,"name":"Smart Packaging"}]},{"@type":"WebSite","@id":"https:\/\/newjfglobal.com\/fr\/#website","url":"https:\/\/newjfglobal.com\/fr\/","name":"NewJF Packaging","description":"","publisher":{"@id":"https:\/\/newjfglobal.com\/fr\/#organization"},"potentialAction":[{"@type":"SearchAction","target":{"@type":"EntryPoint","urlTemplate":"https:\/\/newjfglobal.com\/fr\/?s={search_term_string}"},"query-input":{"@type":"PropertyValueSpecification","valueRequired":true,"valueName":"search_term_string"}}],"inLanguage":"fr-FR"},{"@type":"Organization","@id":"https:\/\/newjfglobal.com\/fr\/#organization","name":"NewJF Packaging","url":"https:\/\/newjfglobal.com\/fr\/","logo":{"@type":"ImageObject","inLanguage":"fr-FR","@id":"https:\/\/newjfglobal.com\/fr\/#\/schema\/logo\/image\/","url":"https:\/\/newjfglobal.com\/wp-content\/uploads\/2024\/10\/logo.png","contentUrl":"https:\/\/newjfglobal.com\/wp-content\/uploads\/2024\/10\/logo.png","width":276,"height":73,"caption":"NewJF Packaging"},"image":{"@id":"https:\/\/newjfglobal.com\/fr\/#\/schema\/logo\/image\/"}}]}},"uagb_featured_image_src":{"full":false,"thumbnail":false,"medium":false,"medium_large":false,"large":false,"1536x1536":false,"2048x2048":false},"uagb_author_info":{"display_name":"sylvialee","author_link":"https:\/\/newjfglobal.com\/fr\/author\/sylvialee\/"},"uagb_comment_info":0,"uagb_excerpt":"Les emballages intelligents permettent une communication bidirectionnelle riche en donn\u00e9es et en temps r\u00e9el entre les consommateurs et votre marque gr\u00e2ce \u00e0 des codes QR. Il offre d&rsquo;\u00e9normes possibilit\u00e9s en mati\u00e8re d&rsquo;activit\u00e9s marketing et de gains instantan\u00e9s, ainsi qu&rsquo;une tra\u00e7abilit\u00e9 \u00e9lectronique granulaire des produits pour les consommateurs. Emballage intelligent NJF Cr\u00e9e des interactions, des incitations,\u2026","_links":{"self":[{"href":"https:\/\/newjfglobal.com\/fr\/wp-json\/wp\/v2\/pages\/3573","targetHints":{"allow":["GET"]}}],"collection":[{"href":"https:\/\/newjfglobal.com\/fr\/wp-json\/wp\/v2\/pages"}],"about":[{"href":"https:\/\/newjfglobal.com\/fr\/wp-json\/wp\/v2\/types\/page"}],"author":[{"embeddable":true,"href":"https:\/\/newjfglobal.com\/fr\/wp-json\/wp\/v2\/users\/2"}],"replies":[{"embeddable":true,"href":"https:\/\/newjfglobal.com\/fr\/wp-json\/wp\/v2\/comments?post=3573"}],"version-history":[{"count":2,"href":"https:\/\/newjfglobal.com\/fr\/wp-json\/wp\/v2\/pages\/3573\/revisions"}],"predecessor-version":[{"id":4224,"href":"https:\/\/newjfglobal.com\/fr\/wp-json\/wp\/v2\/pages\/3573\/revisions\/4224"}],"wp:attachment":[{"href":"https:\/\/newjfglobal.com\/fr\/wp-json\/wp\/v2\/media?parent=3573"}],"curies":[{"name":"wp","href":"https:\/\/api.w.org\/{rel}","templated":true}]}}