{"id":3618,"date":"2025-10-14T06:46:28","date_gmt":"2025-10-14T06:46:28","guid":{"rendered":"https:\/\/newjfglobal.com\/?page_id=3618"},"modified":"2025-10-19T07:41:52","modified_gmt":"2025-10-19T07:41:52","slug":"our-factories","status":"publish","type":"page","link":"https:\/\/newjfglobal.com\/fr\/our-factories\/","title":{"rendered":"Our Factories"},"content":{"rendered":"\n<div class=\"wp-block-uagb-container uagb-block-iaajtzen alignfull uagb-is-root-container\"><div class=\"uagb-container-inner-blocks-wrap\">\n<div class=\"wp-block-uagb-info-box uagb-block-zqatx0km uagb-infobox__content-wrap  uagb-infobox-icon-above-title uagb-infobox-image-valign-top\"><div class=\"uagb-ifb-content\"><div class=\"uagb-ifb-title-wrap\"><h1 class=\"uagb-ifb-title\">Nos usines<\/h1><\/div><\/div><\/div>\n<\/div><\/div>\n\n\n\n<div class=\"wp-block-uagb-container uagb-block-aaa9eadd alignfull uagb-is-root-container\"><div class=\"uagb-container-inner-blocks-wrap\">\n<div class=\"wp-block-uagb-advanced-heading uagb-block-d7a82915\"><p class=\"uagb-heading-text\">Notre groupe propose une gamme compl\u00e8te de produits con\u00e7us pour r\u00e9pondre aux divers besoins des clients de l&rsquo;industrie agroalimentaire. Avec 11 usines en propri\u00e9t\u00e9, nous sommes fiers de fabriquer \u00e0 la fois des mat\u00e9riaux d&#8217;emballage aseptiques et des machines de remplissage, ainsi qu&rsquo;une gamme compl\u00e8te de pi\u00e8ces de rechange et de services d&rsquo;assistance. Notre structure verticalement int\u00e9gr\u00e9e nous permet de garantir une qualit\u00e9 constante, des d\u00e9lais de livraison plus courts et des solutions personnalis\u00e9es, offrant ainsi \u00e0 nos clients fiabilit\u00e9 et innovation \u00e0 chaque \u00e9tape.<\/p><\/div>\n<\/div><\/div>\n\n\n\n<div class=\"wp-block-uagb-advanced-heading uagb-block-84dcad4c\"><h2 class=\"uagb-heading-text\">Usines de mat\u00e9riaux d&#8217;emballage<\/h2><\/div>\n\n\n\n<div class=\"wp-block-uagb-advanced-heading uagb-block-5e97f923\"><h3 class=\"uagb-heading-text\">Usine Greatview Shandong, Chine<\/h3><\/div>\n\n\n\n<div class=\"wp-block-uagb-container uagb-block-219fa353 alignfull uagb-is-root-container\"><div class=\"uagb-container-inner-blocks-wrap\">\n<div class=\"wp-block-uagb-container uagb-block-09b9b99d\">\n<div class=\"wp-block-uagb-image uagb-block-38feb8ec wp-block-uagb-image--layout-default wp-block-uagb-image--effect-static wp-block-uagb-image--align-none\"><figure class=\"wp-block-uagb-image__figure\"><img decoding=\"async\" srcset=\"https:\/\/newjfglobal.com\/wp-content\/uploads\/2025\/10\/Greatview-shandong-factory-packaging-material-1.jpg ,https:\/\/newjfglobal.com\/wp-content\/uploads\/2025\/10\/Greatview-shandong-factory-packaging-material-1.jpg 780w, https:\/\/newjfglobal.com\/wp-content\/uploads\/2025\/10\/Greatview-shandong-factory-packaging-material-1.jpg 360w\" sizes=\"auto, (max-width: 480px) 150px\" src=\"https:\/\/newjfglobal.com\/wp-content\/uploads\/2025\/10\/Greatview-shandong-factory-packaging-material-1.jpg\" alt=\"\" class=\"uag-image-2117\" width=\"550\" height=\"427\" title=\"Greatview shandong factory (packaging material) 1\" loading=\"lazy\" role=\"img\"\/><\/figure><\/div>\n<\/div>\n\n\n\n<div class=\"wp-block-uagb-container uagb-block-4ef183ec\">\n<div class=\"wp-block-uagb-advanced-heading uagb-block-a2ed8bfe\"><p class=\"uagb-heading-text\">Premier site de Greatview et notre plus grande usine de transformation, avec un total de trois lignes de production \u00e0 la pointe de la technologie. L&rsquo;usine fournit toute la gamme de formats d&#8217;emballages aseptiques du groupe \u00e0 des clients en Chine, dans le reste de l&rsquo;Asie et en Oc\u00e9anie.<\/p><\/div>\n<\/div>\n<\/div><\/div>\n\n\n\n<div class=\"wp-block-uagb-advanced-heading uagb-block-06219a5d\"><h3 class=\"uagb-heading-text\">Usine Greatview en Mongolie int\u00e9rieure, Chine<\/h3><\/div>\n\n\n\n<div class=\"wp-block-uagb-container uagb-block-c5a58b4c alignfull uagb-is-root-container\"><div class=\"uagb-container-inner-blocks-wrap\">\n<div class=\"wp-block-uagb-container uagb-block-c953ff14\">\n<div class=\"wp-block-uagb-image uagb-block-ff35d3f7 wp-block-uagb-image--layout-default wp-block-uagb-image--effect-static wp-block-uagb-image--align-none\"><figure class=\"wp-block-uagb-image__figure\"><img decoding=\"async\" srcset=\"https:\/\/newjfglobal.com\/wp-content\/uploads\/2025\/10\/greatview-inner-mongolia-factory-packaging-material-1.jpg ,https:\/\/newjfglobal.com\/wp-content\/uploads\/2025\/10\/greatview-inner-mongolia-factory-packaging-material-1.jpg 780w, https:\/\/newjfglobal.com\/wp-content\/uploads\/2025\/10\/greatview-inner-mongolia-factory-packaging-material-1.jpg 360w\" sizes=\"auto, (max-width: 480px) 150px\" src=\"https:\/\/newjfglobal.com\/wp-content\/uploads\/2025\/10\/greatview-inner-mongolia-factory-packaging-material-1.jpg\" alt=\"\" class=\"uag-image-2120\" width=\"550\" height=\"427\" title=\"greatview inner mongolia factory (packaging material) 1\" loading=\"lazy\" role=\"img\"\/><\/figure><\/div>\n<\/div>\n\n\n\n<div class=\"wp-block-uagb-container streamlined-production uagb-block-68395c9f\">\n<div class=\"wp-block-uagb-advanced-heading uagb-block-96df6b64\"><p class=\"uagb-heading-text\">L&rsquo;usine est situ\u00e9e \u00e0 Horinger, dans la ceinture laiti\u00e8re du nord de la Chine, \u00e0 proximit\u00e9 de certaines des plus grandes usines laiti\u00e8res UHT au monde. L&rsquo;usine a \u00e9t\u00e9 achev\u00e9e en 2010 et dispose actuellement de deux lignes de production de cartons de classe mondiale ainsi que d&rsquo;une ligne de production de bandes LS. Des solutions d&rsquo;\u00e9conomie d&rsquo;\u00e9nergie et des mat\u00e9riaux recycl\u00e9s sont utilis\u00e9s dans toute l&rsquo;usine.<\/p><\/div>\n<\/div>\n<\/div><\/div>\n\n\n\n<div class=\"wp-block-uagb-advanced-heading uagb-block-61026531\"><h3 class=\"uagb-heading-text\">Usine Greatview Qingdao, Chine<\/h3><\/div>\n\n\n\n<div class=\"wp-block-uagb-container uagb-block-fd665e03 alignfull uagb-is-root-container\"><div class=\"uagb-container-inner-blocks-wrap\">\n<div class=\"wp-block-uagb-container uagb-block-50dedaea\">\n<div class=\"wp-block-uagb-image uagb-block-d43130d2 wp-block-uagb-image--layout-default wp-block-uagb-image--effect-static wp-block-uagb-image--align-none\"><figure class=\"wp-block-uagb-image__figure\"><img decoding=\"async\" srcset=\"https:\/\/newjfglobal.com\/wp-content\/uploads\/2025\/10\/greatview-qingdao-factory-packaging-material-1.jpg ,https:\/\/newjfglobal.com\/wp-content\/uploads\/2025\/10\/greatview-qingdao-factory-packaging-material-1.jpg 780w, https:\/\/newjfglobal.com\/wp-content\/uploads\/2025\/10\/greatview-qingdao-factory-packaging-material-1.jpg 360w\" sizes=\"auto, (max-width: 480px) 150px\" src=\"https:\/\/newjfglobal.com\/wp-content\/uploads\/2025\/10\/greatview-qingdao-factory-packaging-material-1.jpg\" alt=\"\" class=\"uag-image-2121\" width=\"550\" height=\"427\" title=\"greatview qingdao factory (packaging material) 1\" loading=\"lazy\" role=\"img\"\/><\/figure><\/div>\n<\/div>\n\n\n\n<div class=\"wp-block-uagb-container streamlined-production uagb-block-fdef5643\">\n<div class=\"wp-block-uagb-advanced-heading uagb-block-4675ef10\"><p class=\"uagb-heading-text\">L&rsquo;usine est sp\u00e9cialis\u00e9e dans la production de mat\u00e9riaux d&#8217;emballage pour aliments liquides depuis 2001. Elle est un partenaire cl\u00e9 des grandes entreprises de boissons en Chine et fournit des clients en Europe, en Afrique, en Asie du Sud-Est et au Moyen-Orient.<\/p><\/div>\n<\/div>\n<\/div><\/div>\n\n\n\n<div class=\"wp-block-uagb-advanced-heading uagb-block-5d067827\"><h3 class=\"uagb-heading-text\">Nouvelle usine JF Xintai, Chine<\/h3><\/div>\n\n\n\n<div class=\"wp-block-uagb-container uagb-block-dee38f2a alignfull uagb-is-root-container\"><div class=\"uagb-container-inner-blocks-wrap\">\n<div class=\"wp-block-uagb-container uagb-block-947cec83\">\n<div class=\"wp-block-uagb-image uagb-block-bb3611d9 wp-block-uagb-image--layout-default wp-block-uagb-image--effect-static wp-block-uagb-image--align-none\"><figure class=\"wp-block-uagb-image__figure\"><img decoding=\"async\" srcset=\"https:\/\/newjfglobal.com\/wp-content\/uploads\/2025\/10\/Newjf-Xintai-factory-packaging-material-1.jpg ,https:\/\/newjfglobal.com\/wp-content\/uploads\/2025\/10\/Newjf-Xintai-factory-packaging-material-1.jpg 780w, https:\/\/newjfglobal.com\/wp-content\/uploads\/2025\/10\/Newjf-Xintai-factory-packaging-material-1.jpg 360w\" sizes=\"auto, (max-width: 480px) 150px\" src=\"https:\/\/newjfglobal.com\/wp-content\/uploads\/2025\/10\/Newjf-Xintai-factory-packaging-material-1.jpg\" alt=\"\" class=\"uag-image-2122\" width=\"550\" height=\"427\" title=\"Newjf Xintai factory (packaging material) 1\" loading=\"lazy\" role=\"img\"\/><\/figure><\/div>\n<\/div>\n\n\n\n<div class=\"wp-block-uagb-container streamlined-production uagb-block-0f19a0a5\">\n<div class=\"wp-block-uagb-advanced-heading uagb-block-e4b050fb\"><p class=\"uagb-heading-text\">NJF poss\u00e8de trois autres sites de production dans la province du Shandong, d&rsquo;une superficie totale de 260 000 m\u00e8tres carr\u00e9s, et d&rsquo;une capacit\u00e9 de production totale de 18 milliards d&#8217;emballages. La premi\u00e8re usine a d\u00e9marr\u00e9 sa production en 2007.<\/p><\/div>\n<\/div>\n<\/div><\/div>\n\n\n\n<div class=\"wp-block-uagb-advanced-heading uagb-block-15c44245\"><h3 class=\"uagb-heading-text\">Nouvelle usine JF Perugia, Italie<\/h3><\/div>\n\n\n\n<div class=\"wp-block-uagb-container uagb-block-150ddf19 alignfull uagb-is-root-container\"><div class=\"uagb-container-inner-blocks-wrap\">\n<div class=\"wp-block-uagb-container uagb-block-7e27f9bc\">\n<div class=\"wp-block-uagb-image uagb-block-2d33d03b wp-block-uagb-image--layout-default wp-block-uagb-image--effect-static wp-block-uagb-image--align-none\"><figure class=\"wp-block-uagb-image__figure\"><img decoding=\"async\" srcset=\"https:\/\/newjfglobal.com\/wp-content\/uploads\/2025\/10\/NewJF-perugia-factory-packaging-material-1.jpg ,https:\/\/newjfglobal.com\/wp-content\/uploads\/2025\/10\/NewJF-perugia-factory-packaging-material-1.jpg 780w, https:\/\/newjfglobal.com\/wp-content\/uploads\/2025\/10\/NewJF-perugia-factory-packaging-material-1.jpg 360w\" sizes=\"auto, (max-width: 480px) 150px\" src=\"https:\/\/newjfglobal.com\/wp-content\/uploads\/2025\/10\/NewJF-perugia-factory-packaging-material-1.jpg\" alt=\"\" class=\"uag-image-2123\" width=\"550\" height=\"427\" title=\"NewJF perugia factory (packaging material) 1\" loading=\"lazy\" role=\"img\"\/><\/figure><\/div>\n<\/div>\n\n\n\n<div class=\"wp-block-uagb-container streamlined-production uagb-block-8c06086b\">\n<div class=\"wp-block-uagb-advanced-heading uagb-block-32a46e1a\"><p class=\"uagb-heading-text\">Premi\u00e8re usine de production de NJF en Europe, strat\u00e9giquement situ\u00e9e en Italie, d\u00e9di\u00e9e \u00e0 servir nos clients internationaux. L&rsquo;usine est sp\u00e9cialis\u00e9e dans la production de cartons minces de 200 ml. Elle utilise des mati\u00e8res premi\u00e8res europ\u00e9ennes, avec du carton provenant de for\u00eats certifi\u00e9es et g\u00e9r\u00e9es de mani\u00e8re durable.<\/p><\/div>\n<\/div>\n<\/div><\/div>\n\n\n\n<div class=\"wp-block-uagb-advanced-heading uagb-block-1b9d8845\"><h2 class=\"uagb-heading-text\">Usines de fabrication de machines de remplissage et de pi\u00e8ces d\u00e9tach\u00e9es<\/h2><\/div>\n\n\n\n<div class=\"wp-block-uagb-advanced-heading uagb-block-fb435c46\"><h3 class=\"uagb-heading-text\">Usine Greatview Shandong<\/h3><\/div>\n\n\n\n<div class=\"wp-block-uagb-container uagb-block-5ee7e308 alignfull uagb-is-root-container\"><div class=\"uagb-container-inner-blocks-wrap\">\n<div class=\"wp-block-uagb-container uagb-block-4bb2b24a\">\n<div class=\"wp-block-uagb-image uagb-block-934e0f94 wp-block-uagb-image--layout-default wp-block-uagb-image--effect-static wp-block-uagb-image--align-none\"><figure class=\"wp-block-uagb-image__figure\"><img decoding=\"async\" srcset=\"https:\/\/newjfglobal.com\/wp-content\/uploads\/2025\/10\/greatview-shandong-factory-filling-machine-1-1.jpg ,https:\/\/newjfglobal.com\/wp-content\/uploads\/2025\/10\/greatview-shandong-factory-filling-machine-1-1.jpg 780w, https:\/\/newjfglobal.com\/wp-content\/uploads\/2025\/10\/greatview-shandong-factory-filling-machine-1-1.jpg 360w\" sizes=\"auto, (max-width: 480px) 150px\" src=\"https:\/\/newjfglobal.com\/wp-content\/uploads\/2025\/10\/greatview-shandong-factory-filling-machine-1-1.jpg\" alt=\"\" class=\"uag-image-2124\" width=\"550\" height=\"427\" title=\"greatview shandong factory (filling machine) 1 (1)\" loading=\"lazy\" role=\"img\"\/><\/figure><\/div>\n<\/div>\n\n\n\n<div class=\"wp-block-uagb-container streamlined-production uagb-block-3e3bd352\">\n<div class=\"wp-block-uagb-advanced-heading uagb-block-30b1675d\"><p class=\"uagb-heading-text\">Les usines couvrent la recherche et le d\u00e9veloppement, la conception, la transformation, la fabrication, la vente et le service apr\u00e8s-vente d&rsquo;\u00e9quipements et de pi\u00e8ces d\u00e9tach\u00e9es pour machines de remplissage aseptique.<\/p><\/div>\n<\/div>\n<\/div><\/div>\n\n\n\n<div class=\"wp-block-uagb-advanced-heading uagb-block-a52e9f03\"><h3 class=\"uagb-heading-text\">Nouvelle usine JF \u00e0 Kunshan, Chine<\/h3><\/div>\n\n\n\n<div class=\"wp-block-uagb-container uagb-block-aa55272c alignfull uagb-is-root-container\"><div class=\"uagb-container-inner-blocks-wrap\">\n<div class=\"wp-block-uagb-container uagb-block-a42d8012\">\n<div class=\"wp-block-uagb-image uagb-block-8d4dcaa7 wp-block-uagb-image--layout-default wp-block-uagb-image--effect-static wp-block-uagb-image--align-none\"><figure class=\"wp-block-uagb-image__figure\"><img decoding=\"async\" srcset=\"https:\/\/newjfglobal.com\/wp-content\/uploads\/2025\/10\/NewJF-Kunshan-Factory-filling-machine-1.jpg ,https:\/\/newjfglobal.com\/wp-content\/uploads\/2025\/10\/NewJF-Kunshan-Factory-filling-machine-1.jpg 780w, https:\/\/newjfglobal.com\/wp-content\/uploads\/2025\/10\/NewJF-Kunshan-Factory-filling-machine-1.jpg 360w\" sizes=\"auto, (max-width: 480px) 150px\" src=\"https:\/\/newjfglobal.com\/wp-content\/uploads\/2025\/10\/NewJF-Kunshan-Factory-filling-machine-1.jpg\" alt=\"\" class=\"uag-image-2125\" width=\"550\" height=\"427\" title=\"NewJF Kunshan Factory (filling machine) 1\" loading=\"lazy\" role=\"img\"\/><\/figure><\/div>\n<\/div>\n\n\n\n<div class=\"wp-block-uagb-container streamlined-production uagb-block-e1dd71aa\">\n<div class=\"wp-block-uagb-advanced-heading uagb-block-f70d11ff\"><p class=\"uagb-heading-text\">Grand One Company Limited est le centre de recherche et d\u00e9veloppement et le fournisseur de solutions de remplissage, d\u00e9tenu \u00e0 100 % par NewJF. Les solutions actuelles comprennent l&rsquo;ing\u00e9nierie des lignes de remplissage, les machines de remplissage remises \u00e0 neuf, les \u00e9quipements en aval et les pi\u00e8ces de rechange.<\/p><\/div>\n<\/div>\n<\/div><\/div>\n\n\n\n<div class=\"wp-block-uagb-container uagb-block-nhmyhbgx alignfull uagb-is-root-container\"><div class=\"uagb-container-inner-blocks-wrap\">\n<div class=\"wp-block-uagb-info-box uagb-block-5vqvjezi uagb-infobox__content-wrap  uagb-infobox-icon-above-title uagb-infobox-image-valign-top get-started-container\"><div class=\"uagb-ifb-content\"><div class=\"uagb-ifb-title-wrap\"><h2 class=\"uagb-ifb-title\">Commencer<\/h2><\/div><p class=\"uagb-ifb-desc\">Contactez-nous pour d\u00e9couvrir comment NewJF peut r\u00e9pondre aux besoins de votre entreprise gr\u00e2ce \u00e0 nos solutions.<br><a href=\"mailto:enquiry@newjfglobal.com\"><\/a><\/p><\/div><\/div>\n\n\n\n<div class=\"wp-block-uagb-buttons uagb-buttons__outer-wrap uagb-btn__default-btn uagb-btn-tablet__default-btn uagb-btn-mobile__default-btn uagb-block-90071695\"><div class=\"uagb-buttons__wrap uagb-buttons-layout-wrap \">\n<div class=\"wp-block-uagb-buttons-child uagb-buttons__outer-wrap uagb-block-71dbbd49 wp-block-button\"><div class=\"uagb-button__wrapper\"><a class=\"uagb-buttons-repeater wp-block-button__link\" aria-label=\"\" href=\"https:\/\/newjfglobal.com\/fr\/contact\/\" rel=\"follow noopener\" target=\"_self\" role=\"button\"><div class=\"uagb-button__link\">Contactez-nous<\/div><\/a><\/div><\/div>\n<\/div><\/div>\n<\/div><\/div>\n","protected":false},"excerpt":{"rendered":"<p>Notre groupe propose une gamme compl\u00e8te de produits con\u00e7us pour r\u00e9pondre aux divers besoins des clients de l&rsquo;industrie agroalimentaire. Avec 11 usines en propri\u00e9t\u00e9, nous sommes fiers de fabriquer \u00e0 la fois des mat\u00e9riaux d&#8217;emballage aseptiques et des machines de remplissage, ainsi qu&rsquo;une gamme compl\u00e8te de pi\u00e8ces de rechange et de services d&rsquo;assistance. Notre structure [&hellip;]<\/p>\n","protected":false},"author":2,"featured_media":0,"parent":0,"menu_order":0,"comment_status":"closed","ping_status":"closed","template":"","meta":{"_coblocks_attr":"","_coblocks_dimensions":"","_coblocks_responsive_height":"","_coblocks_accordion_ie_support":"","_uag_custom_page_level_css":"","_swt_meta_header_display":false,"_swt_meta_footer_display":false,"_swt_meta_site_title_display":false,"_swt_meta_sticky_header":false,"_swt_meta_transparent_header":false,"footnotes":""},"class_list":["post-3618","page","type-page","status-publish","hentry"],"yoast_head":"<!-- This site is optimized with the Yoast SEO plugin v27.4 - https:\/\/yoast.com\/product\/yoast-seo-wordpress\/ -->\n<title>Our Factories - NewJF Packaging<\/title>\n<meta name=\"robots\" content=\"index, follow, max-snippet:-1, max-image-preview:large, max-video-preview:-1\" \/>\n<link rel=\"canonical\" href=\"https:\/\/newjfglobal.com\/fr\/our-factories\/\" \/>\n<meta property=\"og:locale\" content=\"fr_FR\" \/>\n<meta property=\"og:type\" content=\"article\" \/>\n<meta property=\"og:title\" content=\"Our Factories - NewJF Packaging\" \/>\n<meta property=\"og:description\" content=\"Notre groupe propose une gamme compl\u00e8te de produits con\u00e7us pour r\u00e9pondre aux divers besoins des clients de l&rsquo;industrie agroalimentaire. Avec 11 usines en propri\u00e9t\u00e9, nous sommes fiers de fabriquer \u00e0 la fois des mat\u00e9riaux d&#8217;emballage aseptiques et des machines de remplissage, ainsi qu&rsquo;une gamme compl\u00e8te de pi\u00e8ces de rechange et de services d&rsquo;assistance. Notre structure [&hellip;]\" \/>\n<meta property=\"og:url\" content=\"https:\/\/newjfglobal.com\/fr\/our-factories\/\" \/>\n<meta property=\"og:site_name\" content=\"NewJF Packaging\" \/>\n<meta property=\"article:modified_time\" content=\"2025-10-19T07:41:52+00:00\" \/>\n<meta property=\"og:image\" content=\"https:\/\/newjfglobal.com\/wp-content\/uploads\/2025\/10\/Greatview-shandong-factory-packaging-material-1.jpg\" \/>\n<meta name=\"twitter:card\" content=\"summary_large_image\" \/>\n<meta name=\"twitter:label1\" content=\"Dur\u00e9e de lecture estim\u00e9e\" \/>\n\t<meta name=\"twitter:data1\" content=\"4 minutes\" \/>\n<script type=\"application\/ld+json\" class=\"yoast-schema-graph\">{\"@context\":\"https:\\\/\\\/schema.org\",\"@graph\":[{\"@type\":\"WebPage\",\"@id\":\"https:\\\/\\\/newjfglobal.com\\\/fr\\\/our-factories\\\/\",\"url\":\"https:\\\/\\\/newjfglobal.com\\\/fr\\\/our-factories\\\/\",\"name\":\"Our Factories - NewJF Packaging\",\"isPartOf\":{\"@id\":\"https:\\\/\\\/newjfglobal.com\\\/fr\\\/#website\"},\"primaryImageOfPage\":{\"@id\":\"https:\\\/\\\/newjfglobal.com\\\/fr\\\/our-factories\\\/#primaryimage\"},\"image\":{\"@id\":\"https:\\\/\\\/newjfglobal.com\\\/fr\\\/our-factories\\\/#primaryimage\"},\"thumbnailUrl\":\"https:\\\/\\\/newjfglobal.com\\\/wp-content\\\/uploads\\\/2025\\\/10\\\/Greatview-shandong-factory-packaging-material-1.jpg\",\"datePublished\":\"2025-10-14T06:46:28+00:00\",\"dateModified\":\"2025-10-19T07:41:52+00:00\",\"breadcrumb\":{\"@id\":\"https:\\\/\\\/newjfglobal.com\\\/fr\\\/our-factories\\\/#breadcrumb\"},\"inLanguage\":\"fr-FR\",\"potentialAction\":[{\"@type\":\"ReadAction\",\"target\":[\"https:\\\/\\\/newjfglobal.com\\\/fr\\\/our-factories\\\/\"]}]},{\"@type\":\"ImageObject\",\"inLanguage\":\"fr-FR\",\"@id\":\"https:\\\/\\\/newjfglobal.com\\\/fr\\\/our-factories\\\/#primaryimage\",\"url\":\"https:\\\/\\\/newjfglobal.com\\\/wp-content\\\/uploads\\\/2025\\\/10\\\/Greatview-shandong-factory-packaging-material-1.jpg\",\"contentUrl\":\"https:\\\/\\\/newjfglobal.com\\\/wp-content\\\/uploads\\\/2025\\\/10\\\/Greatview-shandong-factory-packaging-material-1.jpg\"},{\"@type\":\"BreadcrumbList\",\"@id\":\"https:\\\/\\\/newjfglobal.com\\\/fr\\\/our-factories\\\/#breadcrumb\",\"itemListElement\":[{\"@type\":\"ListItem\",\"position\":1,\"name\":\"Home\",\"item\":\"https:\\\/\\\/newjfglobal.com\\\/fr\\\/\"},{\"@type\":\"ListItem\",\"position\":2,\"name\":\"Our Factories\"}]},{\"@type\":\"WebSite\",\"@id\":\"https:\\\/\\\/newjfglobal.com\\\/fr\\\/#website\",\"url\":\"https:\\\/\\\/newjfglobal.com\\\/fr\\\/\",\"name\":\"NewJF Packaging\",\"description\":\"\",\"publisher\":{\"@id\":\"https:\\\/\\\/newjfglobal.com\\\/fr\\\/#organization\"},\"potentialAction\":[{\"@type\":\"SearchAction\",\"target\":{\"@type\":\"EntryPoint\",\"urlTemplate\":\"https:\\\/\\\/newjfglobal.com\\\/fr\\\/?s={search_term_string}\"},\"query-input\":{\"@type\":\"PropertyValueSpecification\",\"valueRequired\":true,\"valueName\":\"search_term_string\"}}],\"inLanguage\":\"fr-FR\"},{\"@type\":\"Organization\",\"@id\":\"https:\\\/\\\/newjfglobal.com\\\/fr\\\/#organization\",\"name\":\"NewJF Packaging\",\"url\":\"https:\\\/\\\/newjfglobal.com\\\/fr\\\/\",\"logo\":{\"@type\":\"ImageObject\",\"inLanguage\":\"fr-FR\",\"@id\":\"https:\\\/\\\/newjfglobal.com\\\/fr\\\/#\\\/schema\\\/logo\\\/image\\\/\",\"url\":\"https:\\\/\\\/newjfglobal.com\\\/wp-content\\\/uploads\\\/2024\\\/10\\\/logo.png\",\"contentUrl\":\"https:\\\/\\\/newjfglobal.com\\\/wp-content\\\/uploads\\\/2024\\\/10\\\/logo.png\",\"width\":276,\"height\":73,\"caption\":\"NewJF Packaging\"},\"image\":{\"@id\":\"https:\\\/\\\/newjfglobal.com\\\/fr\\\/#\\\/schema\\\/logo\\\/image\\\/\"}}]}<\/script>\n<!-- \/ Yoast SEO plugin. -->","yoast_head_json":{"title":"Our Factories - NewJF Packaging","robots":{"index":"index","follow":"follow","max-snippet":"max-snippet:-1","max-image-preview":"max-image-preview:large","max-video-preview":"max-video-preview:-1"},"canonical":"https:\/\/newjfglobal.com\/fr\/our-factories\/","og_locale":"fr_FR","og_type":"article","og_title":"Our Factories - NewJF Packaging","og_description":"Notre groupe propose une gamme compl\u00e8te de produits con\u00e7us pour r\u00e9pondre aux divers besoins des clients de l&rsquo;industrie agroalimentaire. Avec 11 usines en propri\u00e9t\u00e9, nous sommes fiers de fabriquer \u00e0 la fois des mat\u00e9riaux d&#8217;emballage aseptiques et des machines de remplissage, ainsi qu&rsquo;une gamme compl\u00e8te de pi\u00e8ces de rechange et de services d&rsquo;assistance. Notre structure [&hellip;]","og_url":"https:\/\/newjfglobal.com\/fr\/our-factories\/","og_site_name":"NewJF Packaging","article_modified_time":"2025-10-19T07:41:52+00:00","og_image":[{"url":"https:\/\/newjfglobal.com\/wp-content\/uploads\/2025\/10\/Greatview-shandong-factory-packaging-material-1.jpg","type":"","width":"","height":""}],"twitter_card":"summary_large_image","twitter_misc":{"Dur\u00e9e de lecture estim\u00e9e":"4 minutes"},"schema":{"@context":"https:\/\/schema.org","@graph":[{"@type":"WebPage","@id":"https:\/\/newjfglobal.com\/fr\/our-factories\/","url":"https:\/\/newjfglobal.com\/fr\/our-factories\/","name":"Our Factories - NewJF Packaging","isPartOf":{"@id":"https:\/\/newjfglobal.com\/fr\/#website"},"primaryImageOfPage":{"@id":"https:\/\/newjfglobal.com\/fr\/our-factories\/#primaryimage"},"image":{"@id":"https:\/\/newjfglobal.com\/fr\/our-factories\/#primaryimage"},"thumbnailUrl":"https:\/\/newjfglobal.com\/wp-content\/uploads\/2025\/10\/Greatview-shandong-factory-packaging-material-1.jpg","datePublished":"2025-10-14T06:46:28+00:00","dateModified":"2025-10-19T07:41:52+00:00","breadcrumb":{"@id":"https:\/\/newjfglobal.com\/fr\/our-factories\/#breadcrumb"},"inLanguage":"fr-FR","potentialAction":[{"@type":"ReadAction","target":["https:\/\/newjfglobal.com\/fr\/our-factories\/"]}]},{"@type":"ImageObject","inLanguage":"fr-FR","@id":"https:\/\/newjfglobal.com\/fr\/our-factories\/#primaryimage","url":"https:\/\/newjfglobal.com\/wp-content\/uploads\/2025\/10\/Greatview-shandong-factory-packaging-material-1.jpg","contentUrl":"https:\/\/newjfglobal.com\/wp-content\/uploads\/2025\/10\/Greatview-shandong-factory-packaging-material-1.jpg"},{"@type":"BreadcrumbList","@id":"https:\/\/newjfglobal.com\/fr\/our-factories\/#breadcrumb","itemListElement":[{"@type":"ListItem","position":1,"name":"Home","item":"https:\/\/newjfglobal.com\/fr\/"},{"@type":"ListItem","position":2,"name":"Our Factories"}]},{"@type":"WebSite","@id":"https:\/\/newjfglobal.com\/fr\/#website","url":"https:\/\/newjfglobal.com\/fr\/","name":"NewJF Packaging","description":"","publisher":{"@id":"https:\/\/newjfglobal.com\/fr\/#organization"},"potentialAction":[{"@type":"SearchAction","target":{"@type":"EntryPoint","urlTemplate":"https:\/\/newjfglobal.com\/fr\/?s={search_term_string}"},"query-input":{"@type":"PropertyValueSpecification","valueRequired":true,"valueName":"search_term_string"}}],"inLanguage":"fr-FR"},{"@type":"Organization","@id":"https:\/\/newjfglobal.com\/fr\/#organization","name":"NewJF Packaging","url":"https:\/\/newjfglobal.com\/fr\/","logo":{"@type":"ImageObject","inLanguage":"fr-FR","@id":"https:\/\/newjfglobal.com\/fr\/#\/schema\/logo\/image\/","url":"https:\/\/newjfglobal.com\/wp-content\/uploads\/2024\/10\/logo.png","contentUrl":"https:\/\/newjfglobal.com\/wp-content\/uploads\/2024\/10\/logo.png","width":276,"height":73,"caption":"NewJF Packaging"},"image":{"@id":"https:\/\/newjfglobal.com\/fr\/#\/schema\/logo\/image\/"}}]}},"uagb_featured_image_src":{"full":false,"thumbnail":false,"medium":false,"medium_large":false,"large":false,"1536x1536":false,"2048x2048":false},"uagb_author_info":{"display_name":"sylvialee","author_link":"https:\/\/newjfglobal.com\/fr\/author\/sylvialee\/"},"uagb_comment_info":0,"uagb_excerpt":"Notre groupe propose une gamme compl\u00e8te de produits con\u00e7us pour r\u00e9pondre aux divers besoins des clients de l&rsquo;industrie agroalimentaire. Avec 11 usines en propri\u00e9t\u00e9, nous sommes fiers de fabriquer \u00e0 la fois des mat\u00e9riaux d&#8217;emballage aseptiques et des machines de remplissage, ainsi qu&rsquo;une gamme compl\u00e8te de pi\u00e8ces de rechange et de services d&rsquo;assistance. Notre structure\u2026","_links":{"self":[{"href":"https:\/\/newjfglobal.com\/fr\/wp-json\/wp\/v2\/pages\/3618","targetHints":{"allow":["GET"]}}],"collection":[{"href":"https:\/\/newjfglobal.com\/fr\/wp-json\/wp\/v2\/pages"}],"about":[{"href":"https:\/\/newjfglobal.com\/fr\/wp-json\/wp\/v2\/types\/page"}],"author":[{"embeddable":true,"href":"https:\/\/newjfglobal.com\/fr\/wp-json\/wp\/v2\/users\/2"}],"replies":[{"embeddable":true,"href":"https:\/\/newjfglobal.com\/fr\/wp-json\/wp\/v2\/comments?post=3618"}],"version-history":[{"count":2,"href":"https:\/\/newjfglobal.com\/fr\/wp-json\/wp\/v2\/pages\/3618\/revisions"}],"predecessor-version":[{"id":4202,"href":"https:\/\/newjfglobal.com\/fr\/wp-json\/wp\/v2\/pages\/3618\/revisions\/4202"}],"wp:attachment":[{"href":"https:\/\/newjfglobal.com\/fr\/wp-json\/wp\/v2\/media?parent=3618"}],"curies":[{"name":"wp","href":"https:\/\/api.w.org\/{rel}","templated":true}]}}