{"id":3635,"date":"2025-10-14T09:13:14","date_gmt":"2025-10-14T09:13:14","guid":{"rendered":"https:\/\/newjfglobal.com\/?page_id=3635"},"modified":"2025-11-13T06:07:10","modified_gmt":"2025-11-13T06:07:10","slug":"local-support","status":"publish","type":"page","link":"https:\/\/newjfglobal.com\/fr\/local-support\/","title":{"rendered":"Local Support"},"content":{"rendered":"\n<div class=\"wp-block-uagb-container uagb-block-iaajtzen alignfull uagb-is-root-container\"><div class=\"uagb-container-inner-blocks-wrap\">\n<div class=\"wp-block-uagb-info-box uagb-block-zqatx0km uagb-infobox__content-wrap  uagb-infobox-icon-above-title uagb-infobox-image-valign-top\"><div class=\"uagb-ifb-content\"><div class=\"uagb-ifb-title-wrap\"><h1 class=\"uagb-ifb-title\">Assistance locale<\/h1><\/div><\/div><\/div>\n<\/div><\/div>\n\n\n\n<div class=\"wp-block-uagb-container uagb-block-731697cd alignfull uagb-is-root-container\"><div class=\"uagb-container-inner-blocks-wrap\">\n<div class=\"wp-block-uagb-container uagb-block-0041238e\">\n<div class=\"wp-block-uagb-advanced-heading uagb-block-e536c587\"><p class=\"uagb-heading-text\">Nos repr\u00e9sentants du d\u00e9veloppement commercial et nos sp\u00e9cialistes du service client offrent une assistance multilingue sur les principaux march\u00e9s et fuseaux horaires. Situ\u00e9s \u00e0 proximit\u00e9 des r\u00e9gions qu&rsquo;ils desservent, ils apportent une connaissance approfondie des besoins commerciaux locaux et des nuances culturelles. Qu&rsquo;il s&rsquo;agisse d&rsquo;une r\u00e9union en face \u00e0 face sur votre site, d&rsquo;une assistance continue ou d&rsquo;un service pour vos lignes de remplissage, notre \u00e9quipe agit comme votre principal point de contact, assurant une communication fluide entre vous et votre fournisseur.<br><br>Le traitement des commandes est g\u00e9r\u00e9 de mani\u00e8re centralis\u00e9e dans plusieurs langues, ce qui permet d&rsquo;offrir un service coh\u00e9rent et efficace dans toutes les r\u00e9gions.<\/p><\/div>\n<\/div>\n\n\n\n<div class=\"wp-block-uagb-container o-m1 uagb-block-5b90de61\">\n<div class=\"wp-block-uagb-image uagb-block-7f92f571 wp-block-uagb-image--layout-default wp-block-uagb-image--effect-static wp-block-uagb-image--align-none\"><figure class=\"wp-block-uagb-image__figure\"><img decoding=\"async\" srcset=\"https:\/\/newjfglobal.com\/wp-content\/uploads\/2025\/10\/pexels-mikhail-nilov-7682356-scaled.jpg ,https:\/\/newjfglobal.com\/wp-content\/uploads\/2025\/10\/pexels-mikhail-nilov-7682356-scaled.jpg 780w, https:\/\/newjfglobal.com\/wp-content\/uploads\/2025\/10\/pexels-mikhail-nilov-7682356-scaled.jpg 360w\" sizes=\"auto, (max-width: 480px) 150px\" src=\"https:\/\/newjfglobal.com\/wp-content\/uploads\/2025\/10\/pexels-mikhail-nilov-7682356-scaled.jpg\" alt=\"\" class=\"uag-image-2160\" width=\"2560\" height=\"400\" title=\"pexels-mikhail-nilov-7682356\" loading=\"lazy\" role=\"img\"\/><\/figure><\/div>\n<\/div>\n<\/div><\/div>\n\n\n\n<div class=\"wp-block-uagb-container uagb-block-nhmyhbgx alignfull uagb-is-root-container\"><div class=\"uagb-container-inner-blocks-wrap\">\n<div class=\"wp-block-uagb-info-box uagb-block-5vqvjezi uagb-infobox__content-wrap  uagb-infobox-icon-above-title uagb-infobox-image-valign-top get-started-container\"><div class=\"uagb-ifb-content\"><div class=\"uagb-ifb-title-wrap\"><h2 class=\"uagb-ifb-title\">Commencer<\/h2><\/div><p class=\"uagb-ifb-desc\">Contactez-nous pour d\u00e9couvrir comment NewJF peut r\u00e9pondre aux besoins de votre entreprise gr\u00e2ce \u00e0 nos solutions.<br><a href=\"mailto:enquiry@newjfglobal.com\"><\/a><\/p><\/div><\/div>\n\n\n\n<div class=\"wp-block-uagb-buttons uagb-buttons__outer-wrap uagb-btn__default-btn uagb-btn-tablet__default-btn uagb-btn-mobile__default-btn uagb-block-90071695\"><div class=\"uagb-buttons__wrap uagb-buttons-layout-wrap \">\n<div class=\"wp-block-uagb-buttons-child uagb-buttons__outer-wrap uagb-block-71dbbd49 wp-block-button\"><div class=\"uagb-button__wrapper\"><a class=\"uagb-buttons-repeater wp-block-button__link\" aria-label=\"\" href=\"https:\/\/newjfglobal.com\/fr\/contact\/\" rel=\"follow noopener\" target=\"_self\" role=\"button\"><div class=\"uagb-button__link\">Contactez-nous<\/div><\/a><\/div><\/div>\n<\/div><\/div>\n<\/div><\/div>\n","protected":false},"excerpt":{"rendered":"<p>Nos repr\u00e9sentants du d\u00e9veloppement commercial et nos sp\u00e9cialistes du service client offrent une assistance multilingue sur les principaux march\u00e9s et fuseaux horaires. Situ\u00e9s \u00e0 proximit\u00e9 des r\u00e9gions qu&rsquo;ils desservent, ils apportent une connaissance approfondie des besoins commerciaux locaux et des nuances culturelles. Qu&rsquo;il s&rsquo;agisse d&rsquo;une r\u00e9union en face \u00e0 face sur votre site, d&rsquo;une assistance [&hellip;]<\/p>\n","protected":false},"author":2,"featured_media":0,"parent":0,"menu_order":0,"comment_status":"closed","ping_status":"closed","template":"","meta":{"_coblocks_attr":"","_coblocks_dimensions":"","_coblocks_responsive_height":"","_coblocks_accordion_ie_support":"","_uag_custom_page_level_css":"","_swt_meta_header_display":false,"_swt_meta_footer_display":false,"_swt_meta_site_title_display":false,"_swt_meta_sticky_header":false,"_swt_meta_transparent_header":false,"footnotes":""},"class_list":["post-3635","page","type-page","status-publish","hentry"],"yoast_head":"<!-- This site is optimized with the Yoast SEO plugin v27.4 - https:\/\/yoast.com\/product\/yoast-seo-wordpress\/ -->\n<title>Local Support - NewJF Packaging<\/title>\n<meta name=\"robots\" content=\"index, follow, max-snippet:-1, max-image-preview:large, max-video-preview:-1\" \/>\n<link rel=\"canonical\" href=\"https:\/\/newjfglobal.com\/fr\/local-support\/\" \/>\n<meta property=\"og:locale\" content=\"fr_FR\" \/>\n<meta property=\"og:type\" content=\"article\" \/>\n<meta property=\"og:title\" content=\"Local Support - NewJF Packaging\" \/>\n<meta property=\"og:description\" content=\"Nos repr\u00e9sentants du d\u00e9veloppement commercial et nos sp\u00e9cialistes du service client offrent une assistance multilingue sur les principaux march\u00e9s et fuseaux horaires. Situ\u00e9s \u00e0 proximit\u00e9 des r\u00e9gions qu&rsquo;ils desservent, ils apportent une connaissance approfondie des besoins commerciaux locaux et des nuances culturelles. Qu&rsquo;il s&rsquo;agisse d&rsquo;une r\u00e9union en face \u00e0 face sur votre site, d&rsquo;une assistance [&hellip;]\" \/>\n<meta property=\"og:url\" content=\"https:\/\/newjfglobal.com\/fr\/local-support\/\" \/>\n<meta property=\"og:site_name\" content=\"NewJF Packaging\" \/>\n<meta property=\"article:modified_time\" content=\"2025-11-13T06:07:10+00:00\" \/>\n<meta property=\"og:image\" content=\"https:\/\/newjfglobal.com\/wp-content\/uploads\/2025\/10\/pexels-mikhail-nilov-7682356-scaled.jpg\" \/>\n<meta name=\"twitter:card\" content=\"summary_large_image\" \/>\n<meta name=\"twitter:label1\" content=\"Dur\u00e9e de lecture estim\u00e9e\" \/>\n\t<meta name=\"twitter:data1\" content=\"2 minutes\" \/>\n<script type=\"application\/ld+json\" class=\"yoast-schema-graph\">{\"@context\":\"https:\\\/\\\/schema.org\",\"@graph\":[{\"@type\":\"WebPage\",\"@id\":\"https:\\\/\\\/newjfglobal.com\\\/fr\\\/local-support\\\/\",\"url\":\"https:\\\/\\\/newjfglobal.com\\\/fr\\\/local-support\\\/\",\"name\":\"Local Support - NewJF Packaging\",\"isPartOf\":{\"@id\":\"https:\\\/\\\/newjfglobal.com\\\/fr\\\/#website\"},\"primaryImageOfPage\":{\"@id\":\"https:\\\/\\\/newjfglobal.com\\\/fr\\\/local-support\\\/#primaryimage\"},\"image\":{\"@id\":\"https:\\\/\\\/newjfglobal.com\\\/fr\\\/local-support\\\/#primaryimage\"},\"thumbnailUrl\":\"https:\\\/\\\/newjfglobal.com\\\/wp-content\\\/uploads\\\/2025\\\/10\\\/pexels-mikhail-nilov-7682356-scaled.jpg\",\"datePublished\":\"2025-10-14T09:13:14+00:00\",\"dateModified\":\"2025-11-13T06:07:10+00:00\",\"breadcrumb\":{\"@id\":\"https:\\\/\\\/newjfglobal.com\\\/fr\\\/local-support\\\/#breadcrumb\"},\"inLanguage\":\"fr-FR\",\"potentialAction\":[{\"@type\":\"ReadAction\",\"target\":[\"https:\\\/\\\/newjfglobal.com\\\/fr\\\/local-support\\\/\"]}]},{\"@type\":\"ImageObject\",\"inLanguage\":\"fr-FR\",\"@id\":\"https:\\\/\\\/newjfglobal.com\\\/fr\\\/local-support\\\/#primaryimage\",\"url\":\"https:\\\/\\\/newjfglobal.com\\\/wp-content\\\/uploads\\\/2025\\\/10\\\/pexels-mikhail-nilov-7682356-scaled.jpg\",\"contentUrl\":\"https:\\\/\\\/newjfglobal.com\\\/wp-content\\\/uploads\\\/2025\\\/10\\\/pexels-mikhail-nilov-7682356-scaled.jpg\"},{\"@type\":\"BreadcrumbList\",\"@id\":\"https:\\\/\\\/newjfglobal.com\\\/fr\\\/local-support\\\/#breadcrumb\",\"itemListElement\":[{\"@type\":\"ListItem\",\"position\":1,\"name\":\"Home\",\"item\":\"https:\\\/\\\/newjfglobal.com\\\/fr\\\/\"},{\"@type\":\"ListItem\",\"position\":2,\"name\":\"Local Support\"}]},{\"@type\":\"WebSite\",\"@id\":\"https:\\\/\\\/newjfglobal.com\\\/fr\\\/#website\",\"url\":\"https:\\\/\\\/newjfglobal.com\\\/fr\\\/\",\"name\":\"NewJF Packaging\",\"description\":\"\",\"publisher\":{\"@id\":\"https:\\\/\\\/newjfglobal.com\\\/fr\\\/#organization\"},\"potentialAction\":[{\"@type\":\"SearchAction\",\"target\":{\"@type\":\"EntryPoint\",\"urlTemplate\":\"https:\\\/\\\/newjfglobal.com\\\/fr\\\/?s={search_term_string}\"},\"query-input\":{\"@type\":\"PropertyValueSpecification\",\"valueRequired\":true,\"valueName\":\"search_term_string\"}}],\"inLanguage\":\"fr-FR\"},{\"@type\":\"Organization\",\"@id\":\"https:\\\/\\\/newjfglobal.com\\\/fr\\\/#organization\",\"name\":\"NewJF Packaging\",\"url\":\"https:\\\/\\\/newjfglobal.com\\\/fr\\\/\",\"logo\":{\"@type\":\"ImageObject\",\"inLanguage\":\"fr-FR\",\"@id\":\"https:\\\/\\\/newjfglobal.com\\\/fr\\\/#\\\/schema\\\/logo\\\/image\\\/\",\"url\":\"https:\\\/\\\/newjfglobal.com\\\/wp-content\\\/uploads\\\/2024\\\/10\\\/logo.png\",\"contentUrl\":\"https:\\\/\\\/newjfglobal.com\\\/wp-content\\\/uploads\\\/2024\\\/10\\\/logo.png\",\"width\":276,\"height\":73,\"caption\":\"NewJF Packaging\"},\"image\":{\"@id\":\"https:\\\/\\\/newjfglobal.com\\\/fr\\\/#\\\/schema\\\/logo\\\/image\\\/\"}}]}<\/script>\n<!-- \/ Yoast SEO plugin. -->","yoast_head_json":{"title":"Local Support - NewJF Packaging","robots":{"index":"index","follow":"follow","max-snippet":"max-snippet:-1","max-image-preview":"max-image-preview:large","max-video-preview":"max-video-preview:-1"},"canonical":"https:\/\/newjfglobal.com\/fr\/local-support\/","og_locale":"fr_FR","og_type":"article","og_title":"Local Support - NewJF Packaging","og_description":"Nos repr\u00e9sentants du d\u00e9veloppement commercial et nos sp\u00e9cialistes du service client offrent une assistance multilingue sur les principaux march\u00e9s et fuseaux horaires. Situ\u00e9s \u00e0 proximit\u00e9 des r\u00e9gions qu&rsquo;ils desservent, ils apportent une connaissance approfondie des besoins commerciaux locaux et des nuances culturelles. Qu&rsquo;il s&rsquo;agisse d&rsquo;une r\u00e9union en face \u00e0 face sur votre site, d&rsquo;une assistance [&hellip;]","og_url":"https:\/\/newjfglobal.com\/fr\/local-support\/","og_site_name":"NewJF Packaging","article_modified_time":"2025-11-13T06:07:10+00:00","og_image":[{"url":"https:\/\/newjfglobal.com\/wp-content\/uploads\/2025\/10\/pexels-mikhail-nilov-7682356-scaled.jpg","type":"","width":"","height":""}],"twitter_card":"summary_large_image","twitter_misc":{"Dur\u00e9e de lecture estim\u00e9e":"2 minutes"},"schema":{"@context":"https:\/\/schema.org","@graph":[{"@type":"WebPage","@id":"https:\/\/newjfglobal.com\/fr\/local-support\/","url":"https:\/\/newjfglobal.com\/fr\/local-support\/","name":"Local Support - NewJF Packaging","isPartOf":{"@id":"https:\/\/newjfglobal.com\/fr\/#website"},"primaryImageOfPage":{"@id":"https:\/\/newjfglobal.com\/fr\/local-support\/#primaryimage"},"image":{"@id":"https:\/\/newjfglobal.com\/fr\/local-support\/#primaryimage"},"thumbnailUrl":"https:\/\/newjfglobal.com\/wp-content\/uploads\/2025\/10\/pexels-mikhail-nilov-7682356-scaled.jpg","datePublished":"2025-10-14T09:13:14+00:00","dateModified":"2025-11-13T06:07:10+00:00","breadcrumb":{"@id":"https:\/\/newjfglobal.com\/fr\/local-support\/#breadcrumb"},"inLanguage":"fr-FR","potentialAction":[{"@type":"ReadAction","target":["https:\/\/newjfglobal.com\/fr\/local-support\/"]}]},{"@type":"ImageObject","inLanguage":"fr-FR","@id":"https:\/\/newjfglobal.com\/fr\/local-support\/#primaryimage","url":"https:\/\/newjfglobal.com\/wp-content\/uploads\/2025\/10\/pexels-mikhail-nilov-7682356-scaled.jpg","contentUrl":"https:\/\/newjfglobal.com\/wp-content\/uploads\/2025\/10\/pexels-mikhail-nilov-7682356-scaled.jpg"},{"@type":"BreadcrumbList","@id":"https:\/\/newjfglobal.com\/fr\/local-support\/#breadcrumb","itemListElement":[{"@type":"ListItem","position":1,"name":"Home","item":"https:\/\/newjfglobal.com\/fr\/"},{"@type":"ListItem","position":2,"name":"Local Support"}]},{"@type":"WebSite","@id":"https:\/\/newjfglobal.com\/fr\/#website","url":"https:\/\/newjfglobal.com\/fr\/","name":"NewJF Packaging","description":"","publisher":{"@id":"https:\/\/newjfglobal.com\/fr\/#organization"},"potentialAction":[{"@type":"SearchAction","target":{"@type":"EntryPoint","urlTemplate":"https:\/\/newjfglobal.com\/fr\/?s={search_term_string}"},"query-input":{"@type":"PropertyValueSpecification","valueRequired":true,"valueName":"search_term_string"}}],"inLanguage":"fr-FR"},{"@type":"Organization","@id":"https:\/\/newjfglobal.com\/fr\/#organization","name":"NewJF Packaging","url":"https:\/\/newjfglobal.com\/fr\/","logo":{"@type":"ImageObject","inLanguage":"fr-FR","@id":"https:\/\/newjfglobal.com\/fr\/#\/schema\/logo\/image\/","url":"https:\/\/newjfglobal.com\/wp-content\/uploads\/2024\/10\/logo.png","contentUrl":"https:\/\/newjfglobal.com\/wp-content\/uploads\/2024\/10\/logo.png","width":276,"height":73,"caption":"NewJF Packaging"},"image":{"@id":"https:\/\/newjfglobal.com\/fr\/#\/schema\/logo\/image\/"}}]}},"uagb_featured_image_src":{"full":false,"thumbnail":false,"medium":false,"medium_large":false,"large":false,"1536x1536":false,"2048x2048":false},"uagb_author_info":{"display_name":"sylvialee","author_link":"https:\/\/newjfglobal.com\/fr\/author\/sylvialee\/"},"uagb_comment_info":0,"uagb_excerpt":"Nos repr\u00e9sentants du d\u00e9veloppement commercial et nos sp\u00e9cialistes du service client offrent une assistance multilingue sur les principaux march\u00e9s et fuseaux horaires. Situ\u00e9s \u00e0 proximit\u00e9 des r\u00e9gions qu&rsquo;ils desservent, ils apportent une connaissance approfondie des besoins commerciaux locaux et des nuances culturelles. Qu&rsquo;il s&rsquo;agisse d&rsquo;une r\u00e9union en face \u00e0 face sur votre site, d&rsquo;une assistance\u2026","_links":{"self":[{"href":"https:\/\/newjfglobal.com\/fr\/wp-json\/wp\/v2\/pages\/3635","targetHints":{"allow":["GET"]}}],"collection":[{"href":"https:\/\/newjfglobal.com\/fr\/wp-json\/wp\/v2\/pages"}],"about":[{"href":"https:\/\/newjfglobal.com\/fr\/wp-json\/wp\/v2\/types\/page"}],"author":[{"embeddable":true,"href":"https:\/\/newjfglobal.com\/fr\/wp-json\/wp\/v2\/users\/2"}],"replies":[{"embeddable":true,"href":"https:\/\/newjfglobal.com\/fr\/wp-json\/wp\/v2\/comments?post=3635"}],"version-history":[{"count":3,"href":"https:\/\/newjfglobal.com\/fr\/wp-json\/wp\/v2\/pages\/3635\/revisions"}],"predecessor-version":[{"id":4643,"href":"https:\/\/newjfglobal.com\/fr\/wp-json\/wp\/v2\/pages\/3635\/revisions\/4643"}],"wp:attachment":[{"href":"https:\/\/newjfglobal.com\/fr\/wp-json\/wp\/v2\/media?parent=3635"}],"curies":[{"name":"wp","href":"https:\/\/api.w.org\/{rel}","templated":true}]}}