{"id":3661,"date":"2025-10-01T07:59:05","date_gmt":"2025-10-01T07:59:05","guid":{"rendered":"https:\/\/newjfglobal.com\/?page_id=3661"},"modified":"2025-10-28T08:33:37","modified_gmt":"2025-10-28T08:33:37","slug":"careers","status":"publish","type":"page","link":"https:\/\/newjfglobal.com\/fr\/careers\/","title":{"rendered":"Careers"},"content":{"rendered":"\n<div class=\"wp-block-uagb-container uagb-layout-grid uagb-block-4c0a71a7 alignfull uagb-is-root-container\"><div class=\"uagb-container-inner-blocks-wrap\">\n<div class=\"wp-block-uagb-info-box uagb-block-437cbf3d uagb-infobox__content-wrap  uagb-infobox-icon-above-title uagb-infobox-image-valign-top\"><div class=\"uagb-ifb-content\"><div class=\"uagb-ifb-title-wrap\"><h1 class=\"uagb-ifb-title\">carri\u00e8res<\/h1><\/div><\/div><\/div>\n<\/div><\/div>\n\n\n\n<div class=\"wp-block-uagb-container uagb-block-12b67a7c alignfull uagb-is-root-container\"><div class=\"uagb-container-inner-blocks-wrap\">\n<div class=\"wp-block-uagb-advanced-heading uagb-block-1b8d124a\"><h2 class=\"uagb-heading-text\"><strong><strong>Travailler chez NJF<\/strong><\/strong><\/h2><\/div>\n\n\n\n<p class=\"has-text-align-left has-poppins-font-family has-custom-font\" style=\"font-size:20px;line-height:1.3;font-family:poppins\">Chez NJF, notre succ\u00e8s repose sur nos collaborateurs. Nous sommes une \u00e9quipe internationale compos\u00e9e de personnes motiv\u00e9es, comp\u00e9tentes et passionn\u00e9es, issues de milieux divers, d&rsquo;\u00e2ges, de cultures, de langues, de croyances et d&rsquo;exp\u00e9riences diff\u00e9rents. Nous sommes jeunes, ambitieux et en pleine croissance. Nous nous engageons \u00e0 apporter une valeur ajout\u00e9e aux producteurs d&rsquo;aliments liquides, aux consommateurs et \u00e0 la soci\u00e9t\u00e9, en utilisant les meilleures technologies et en agissant de mani\u00e8re responsable envers la nature.<\/p>\n\n\n\n<p class=\"has-text-align-left has-poppins-font-family has-custom-font\" style=\"font-size:20px;line-height:1.3;font-family:poppins\">Nous sommes unis dans un seul objectif : pr\u00e9parer un avenir meilleur.<\/p>\n\n\n\n<p class=\"has-text-align-left has-poppins-font-family has-custom-font\" style=\"font-size:20px;line-height:1.3;font-family:poppins\">NJF est un employeur garantissant l&rsquo;\u00e9galit\u00e9 des chances et s&rsquo;engage pleinement \u00e0 cr\u00e9er et \u00e0 maintenir un environnement exempt de discrimination. Nous recrutons, formons, promouvons, affectons, r\u00e9mun\u00e9rons et traitons les personnes sans distinction de race, de couleur, de religion, de sexe, d&rsquo;origine nationale, de citoyennet\u00e9, d&rsquo;orientation sexuelle, d&rsquo;\u00e2ge, de handicap ou de situation matrimoniale.<\/p>\n\n\n\n<div class=\"wp-block-uagb-advanced-heading uagb-block-9fdf5d14\"><h2 class=\"uagb-heading-text\"><strong>NJF propose:<\/strong><\/h2><\/div>\n\n\n\n<ul style=\"font-size:20px;font-family:poppins\" class=\"wp-block-list has-poppins-font-family has-custom-font\">\n<li>Environnement de travail \u2013 Un environnement professionnel v\u00e9ritablement international, ind\u00e9pendant du genre et fond\u00e9 sur le m\u00e9rite.<\/li>\n\n\n\n<li>R\u00e9mun\u00e9ration comp\u00e9titive et conditions de travail flexibles.<\/li>\n\n\n\n<li>Formation et \u00e9valuation des comp\u00e9tences pour favoriser le d\u00e9veloppement personnel.<\/li>\n\n\n\n<li>D\u00e9veloppement de carri\u00e8re \u2013 Planification, s\u00e9lection et mise en ad\u00e9quation des comp\u00e9tences pour la promotion au sein d&rsquo;une organisation dynamique et en pleine croissance.<\/li>\n<\/ul>\n\n\n\n<p class=\"has-text-align-left has-poppins-font-family has-custom-font\" style=\"font-size:20px;line-height:1.3;font-family:poppins\">Nous nous engageons \u00e0 constituer et \u00e0 entretenir des \u00e9quipes inclusives, car nous sommes convaincus que la v\u00e9ritable innovation na\u00eet lorsque des perspectives diverses se rejoignent pour atteindre un objectif commun.<\/p>\n\n\n\n<p class=\"has-text-align-left has-poppins-font-family has-custom-font\" style=\"font-size:20px;line-height:1.3;font-family:poppins\">Bas\u00e9e en Chine, mais offrant des opportunit\u00e9s dans le monde entier, NJF emploie plus de 2 200 professionnels dans des domaines tels que la vente, le d\u00e9veloppement commercial, le marketing, l&rsquo;assistance technique, le service client\u00e8le, l&rsquo;assurance qualit\u00e9, les op\u00e9rations, etc.<\/p>\n\n\n\n<div class=\"wp-block-uagb-advanced-heading uagb-block-9e3dfb73\"><h2 class=\"uagb-heading-text\"><strong>Open Jobs<\/strong><\/h2><\/div>\n\n\n\n<figure class=\"wp-block-table is-style-regular\" style=\"font-size:20px\"><table class=\"has-fixed-layout\"><tbody><tr><td><strong>Market<\/strong><\/td><td><strong>Function<\/strong><\/td><td><strong>Roles<\/strong><\/td><\/tr><tr><td>Europe<\/td><td>Sales and Business Development<\/td><td>Key Account Director \/ Manager &#8211; Germany<\/td><\/tr><tr><td>Europe<\/td><td>Sales and Business Development<\/td><td>Key Account Director \/ Manager &#8211; Central and Eastern Europe<\/td><\/tr><tr><td>Europe<\/td><td>Sales and Business Development<\/td><td>Key Account Director \/ Manager &#8211; Scandinavia<\/td><\/tr><tr><td>Europe<\/td><td>Technical Services<\/td><td>Field Engineer<\/td><\/tr><tr><td>Europe<\/td><td>Finance and Accounting<\/td><td>Finance and Accounting Manager &#8211; Swiss based<\/td><\/tr><tr><td>Europe<\/td><td>Marketing<\/td><td>Marketing Manager &#8211; International<\/td><\/tr><tr><td>The Americas<\/td><td>Project Management Office<\/td><td>Project Management &#8211; Latin America<\/td><\/tr><tr><td>The Americas<\/td><td>Sales and Business Development<\/td><td>Key Account Director \/ Manager &#8211; North America<\/td><\/tr><tr><td>Middle East<\/td><td>Project Manager Office<\/td><td>Project Manager<\/td><\/tr><tr><td>Middle East<\/td><td>Technical Services<\/td><td>Field Engineer<\/td><\/tr><tr><td>Middle East<\/td><td>Technical Services<\/td><td>MMI Specialist<\/td><\/tr><tr><td>Africa<\/td><td>Technical Services<\/td><td>Field Engineer &#8211; North Africa<\/td><\/tr><tr><td>Africa<\/td><td>Sales and Business Development<\/td><td>Key Account Director &#8211; Central Africa<\/td><\/tr><tr><td>South East Asia<\/td><td>Sales and Business Development<\/td><td>Key Account Director &#8211; Indonesia<\/td><\/tr><tr><td>South East Asia<\/td><td>Sales and Business Development<\/td><td>Key Account Director &#8211; Thailand<\/td><\/tr><tr><td>South East Asia<\/td><td>Technical Services<\/td><td>Field Engineer &#8211; The Philippines<\/td><\/tr><tr><td>South East Asia<\/td><td>Technical Services<\/td><td>Field Engineer &#8211; Thailand<\/td><\/tr><tr><td>South East Asia<\/td><td>Marketing<\/td><td>Marketing Manager &#8211; South East Asia<\/td><\/tr><tr><td>South East Asia<\/td><td>Finance and Accounting<\/td><td>Finance and Accounting Manager &#8211; Singapore based<\/td><\/tr><tr><td>Global<\/td><td>Project Management Office<\/td><td>Project Director &#8211; to be based in either Hong Kong, Thailand, Abu Dhabi or Switzerland<\/td><\/tr><tr><td>Global<\/td><td>Expansion<\/td><td>Global Expansion Manager &#8211; to be based in either Hong Kong, Thailand, Abu Dhabi or Switzerland<\/td><\/tr><\/tbody><\/table><\/figure>\n\n\n\n<p class=\"has-text-align-left has-poppins-font-family has-custom-font\" style=\"font-size:20px;line-height:1.3;font-family:poppins\">Vous souhaitez nous rejoindre ? D\u00e9couvrez les postes actuellement disponibles en nous envoyant un e-mail \u00e0 l&rsquo;adresse : <a href=\"mailto:enquiry@newjfglobal.com\" rel=\"sponsored nofollow\">enquiry@newjfglobal.com<\/a>.<\/p>\n\n\n\n<p class=\"has-text-align-left has-poppins-font-family has-custom-font\" style=\"font-size:20px;line-height:1.3;font-family:poppins\">Pour en savoir plus sur NJF, cliquez ici :<a href=\"https:\/\/newjfglobal.com\/about\/\">https:\/\/newjfglobal.com\/about\/<\/a><\/p>\n<\/div><\/div>\n\n\n\n<div class=\"wp-block-uagb-container uagb-block-nhmyhbgx alignfull uagb-is-root-container\"><div class=\"uagb-container-inner-blocks-wrap\">\n<div class=\"wp-block-uagb-info-box uagb-block-5vqvjezi uagb-infobox__content-wrap  uagb-infobox-icon-above-title uagb-infobox-image-valign-top get-started-container\"><div class=\"uagb-ifb-content\"><div class=\"uagb-ifb-title-wrap\"><h2 class=\"uagb-ifb-title\">Commencer<\/h2><\/div><p class=\"uagb-ifb-desc\">Contactez-nous pour d\u00e9couvrir comment NewJF peut r\u00e9pondre aux besoins de votre entreprise gr\u00e2ce \u00e0 nos solutions.<br><a href=\"mailto:enquiry@newjfglobal.com\"><\/a><\/p><\/div><\/div>\n\n\n\n<div class=\"wp-block-uagb-buttons uagb-buttons__outer-wrap uagb-btn__default-btn uagb-btn-tablet__default-btn uagb-btn-mobile__default-btn uagb-block-90071695\"><div class=\"uagb-buttons__wrap uagb-buttons-layout-wrap \">\n<div class=\"wp-block-uagb-buttons-child uagb-buttons__outer-wrap uagb-block-71dbbd49 wp-block-button\"><div class=\"uagb-button__wrapper\"><a class=\"uagb-buttons-repeater wp-block-button__link\" aria-label=\"\" href=\"https:\/\/newjfglobal.com\/fr\/contact\/\" rel=\"follow noopener\" target=\"_self\" role=\"button\"><div class=\"uagb-button__link\">Contactez-nous<\/div><\/a><\/div><\/div>\n<\/div><\/div>\n<\/div><\/div>\n","protected":false},"excerpt":{"rendered":"<p>Travailler chez NJF Chez NJF, notre succ\u00e8s repose sur nos collaborateurs. Nous sommes une \u00e9quipe internationale compos\u00e9e de personnes motiv\u00e9es, comp\u00e9tentes et passionn\u00e9es, issues de milieux divers, d&rsquo;\u00e2ges, de cultures, de langues, de croyances et d&rsquo;exp\u00e9riences diff\u00e9rents. Nous sommes jeunes, ambitieux et en pleine croissance. Nous nous engageons \u00e0 apporter une valeur ajout\u00e9e aux producteurs [&hellip;]<\/p>\n","protected":false},"author":2,"featured_media":0,"parent":0,"menu_order":0,"comment_status":"closed","ping_status":"closed","template":"","meta":{"_coblocks_attr":"","_coblocks_dimensions":"","_coblocks_responsive_height":"","_coblocks_accordion_ie_support":"","_uag_custom_page_level_css":"","_swt_meta_header_display":false,"_swt_meta_footer_display":false,"_swt_meta_site_title_display":false,"_swt_meta_sticky_header":false,"_swt_meta_transparent_header":false,"footnotes":""},"class_list":["post-3661","page","type-page","status-publish","hentry"],"yoast_head":"<!-- This site is optimized with the Yoast SEO plugin v27.4 - https:\/\/yoast.com\/product\/yoast-seo-wordpress\/ -->\n<title>Careers - NewJF Packaging<\/title>\n<meta name=\"robots\" content=\"index, follow, max-snippet:-1, max-image-preview:large, max-video-preview:-1\" \/>\n<link rel=\"canonical\" href=\"https:\/\/newjfglobal.com\/fr\/careers\/\" \/>\n<meta property=\"og:locale\" content=\"fr_FR\" \/>\n<meta property=\"og:type\" content=\"article\" \/>\n<meta property=\"og:title\" content=\"Careers - NewJF Packaging\" \/>\n<meta property=\"og:description\" content=\"Travailler chez NJF Chez NJF, notre succ\u00e8s repose sur nos collaborateurs. Nous sommes une \u00e9quipe internationale compos\u00e9e de personnes motiv\u00e9es, comp\u00e9tentes et passionn\u00e9es, issues de milieux divers, d&rsquo;\u00e2ges, de cultures, de langues, de croyances et d&rsquo;exp\u00e9riences diff\u00e9rents. Nous sommes jeunes, ambitieux et en pleine croissance. Nous nous engageons \u00e0 apporter une valeur ajout\u00e9e aux producteurs [&hellip;]\" \/>\n<meta property=\"og:url\" content=\"https:\/\/newjfglobal.com\/fr\/careers\/\" \/>\n<meta property=\"og:site_name\" content=\"NewJF Packaging\" \/>\n<meta property=\"article:modified_time\" content=\"2025-10-28T08:33:37+00:00\" \/>\n<meta name=\"twitter:card\" content=\"summary_large_image\" \/>\n<meta name=\"twitter:label1\" content=\"Dur\u00e9e de lecture estim\u00e9e\" \/>\n\t<meta name=\"twitter:data1\" content=\"3 minutes\" \/>\n<script type=\"application\/ld+json\" class=\"yoast-schema-graph\">{\"@context\":\"https:\\\/\\\/schema.org\",\"@graph\":[{\"@type\":\"WebPage\",\"@id\":\"https:\\\/\\\/newjfglobal.com\\\/fr\\\/careers\\\/\",\"url\":\"https:\\\/\\\/newjfglobal.com\\\/fr\\\/careers\\\/\",\"name\":\"Careers - NewJF Packaging\",\"isPartOf\":{\"@id\":\"https:\\\/\\\/newjfglobal.com\\\/fr\\\/#website\"},\"datePublished\":\"2025-10-01T07:59:05+00:00\",\"dateModified\":\"2025-10-28T08:33:37+00:00\",\"breadcrumb\":{\"@id\":\"https:\\\/\\\/newjfglobal.com\\\/fr\\\/careers\\\/#breadcrumb\"},\"inLanguage\":\"fr-FR\",\"potentialAction\":[{\"@type\":\"ReadAction\",\"target\":[\"https:\\\/\\\/newjfglobal.com\\\/fr\\\/careers\\\/\"]}]},{\"@type\":\"BreadcrumbList\",\"@id\":\"https:\\\/\\\/newjfglobal.com\\\/fr\\\/careers\\\/#breadcrumb\",\"itemListElement\":[{\"@type\":\"ListItem\",\"position\":1,\"name\":\"Home\",\"item\":\"https:\\\/\\\/newjfglobal.com\\\/fr\\\/\"},{\"@type\":\"ListItem\",\"position\":2,\"name\":\"Careers\"}]},{\"@type\":\"WebSite\",\"@id\":\"https:\\\/\\\/newjfglobal.com\\\/fr\\\/#website\",\"url\":\"https:\\\/\\\/newjfglobal.com\\\/fr\\\/\",\"name\":\"NewJF Packaging\",\"description\":\"\",\"publisher\":{\"@id\":\"https:\\\/\\\/newjfglobal.com\\\/fr\\\/#organization\"},\"potentialAction\":[{\"@type\":\"SearchAction\",\"target\":{\"@type\":\"EntryPoint\",\"urlTemplate\":\"https:\\\/\\\/newjfglobal.com\\\/fr\\\/?s={search_term_string}\"},\"query-input\":{\"@type\":\"PropertyValueSpecification\",\"valueRequired\":true,\"valueName\":\"search_term_string\"}}],\"inLanguage\":\"fr-FR\"},{\"@type\":\"Organization\",\"@id\":\"https:\\\/\\\/newjfglobal.com\\\/fr\\\/#organization\",\"name\":\"NewJF Packaging\",\"url\":\"https:\\\/\\\/newjfglobal.com\\\/fr\\\/\",\"logo\":{\"@type\":\"ImageObject\",\"inLanguage\":\"fr-FR\",\"@id\":\"https:\\\/\\\/newjfglobal.com\\\/fr\\\/#\\\/schema\\\/logo\\\/image\\\/\",\"url\":\"https:\\\/\\\/newjfglobal.com\\\/wp-content\\\/uploads\\\/2024\\\/10\\\/logo.png\",\"contentUrl\":\"https:\\\/\\\/newjfglobal.com\\\/wp-content\\\/uploads\\\/2024\\\/10\\\/logo.png\",\"width\":276,\"height\":73,\"caption\":\"NewJF Packaging\"},\"image\":{\"@id\":\"https:\\\/\\\/newjfglobal.com\\\/fr\\\/#\\\/schema\\\/logo\\\/image\\\/\"}}]}<\/script>\n<!-- \/ Yoast SEO plugin. -->","yoast_head_json":{"title":"Careers - NewJF Packaging","robots":{"index":"index","follow":"follow","max-snippet":"max-snippet:-1","max-image-preview":"max-image-preview:large","max-video-preview":"max-video-preview:-1"},"canonical":"https:\/\/newjfglobal.com\/fr\/careers\/","og_locale":"fr_FR","og_type":"article","og_title":"Careers - NewJF Packaging","og_description":"Travailler chez NJF Chez NJF, notre succ\u00e8s repose sur nos collaborateurs. Nous sommes une \u00e9quipe internationale compos\u00e9e de personnes motiv\u00e9es, comp\u00e9tentes et passionn\u00e9es, issues de milieux divers, d&rsquo;\u00e2ges, de cultures, de langues, de croyances et d&rsquo;exp\u00e9riences diff\u00e9rents. Nous sommes jeunes, ambitieux et en pleine croissance. Nous nous engageons \u00e0 apporter une valeur ajout\u00e9e aux producteurs [&hellip;]","og_url":"https:\/\/newjfglobal.com\/fr\/careers\/","og_site_name":"NewJF Packaging","article_modified_time":"2025-10-28T08:33:37+00:00","twitter_card":"summary_large_image","twitter_misc":{"Dur\u00e9e de lecture estim\u00e9e":"3 minutes"},"schema":{"@context":"https:\/\/schema.org","@graph":[{"@type":"WebPage","@id":"https:\/\/newjfglobal.com\/fr\/careers\/","url":"https:\/\/newjfglobal.com\/fr\/careers\/","name":"Careers - NewJF Packaging","isPartOf":{"@id":"https:\/\/newjfglobal.com\/fr\/#website"},"datePublished":"2025-10-01T07:59:05+00:00","dateModified":"2025-10-28T08:33:37+00:00","breadcrumb":{"@id":"https:\/\/newjfglobal.com\/fr\/careers\/#breadcrumb"},"inLanguage":"fr-FR","potentialAction":[{"@type":"ReadAction","target":["https:\/\/newjfglobal.com\/fr\/careers\/"]}]},{"@type":"BreadcrumbList","@id":"https:\/\/newjfglobal.com\/fr\/careers\/#breadcrumb","itemListElement":[{"@type":"ListItem","position":1,"name":"Home","item":"https:\/\/newjfglobal.com\/fr\/"},{"@type":"ListItem","position":2,"name":"Careers"}]},{"@type":"WebSite","@id":"https:\/\/newjfglobal.com\/fr\/#website","url":"https:\/\/newjfglobal.com\/fr\/","name":"NewJF Packaging","description":"","publisher":{"@id":"https:\/\/newjfglobal.com\/fr\/#organization"},"potentialAction":[{"@type":"SearchAction","target":{"@type":"EntryPoint","urlTemplate":"https:\/\/newjfglobal.com\/fr\/?s={search_term_string}"},"query-input":{"@type":"PropertyValueSpecification","valueRequired":true,"valueName":"search_term_string"}}],"inLanguage":"fr-FR"},{"@type":"Organization","@id":"https:\/\/newjfglobal.com\/fr\/#organization","name":"NewJF Packaging","url":"https:\/\/newjfglobal.com\/fr\/","logo":{"@type":"ImageObject","inLanguage":"fr-FR","@id":"https:\/\/newjfglobal.com\/fr\/#\/schema\/logo\/image\/","url":"https:\/\/newjfglobal.com\/wp-content\/uploads\/2024\/10\/logo.png","contentUrl":"https:\/\/newjfglobal.com\/wp-content\/uploads\/2024\/10\/logo.png","width":276,"height":73,"caption":"NewJF Packaging"},"image":{"@id":"https:\/\/newjfglobal.com\/fr\/#\/schema\/logo\/image\/"}}]}},"uagb_featured_image_src":{"full":false,"thumbnail":false,"medium":false,"medium_large":false,"large":false,"1536x1536":false,"2048x2048":false},"uagb_author_info":{"display_name":"sylvialee","author_link":"https:\/\/newjfglobal.com\/fr\/author\/sylvialee\/"},"uagb_comment_info":0,"uagb_excerpt":"Travailler chez NJF Chez NJF, notre succ\u00e8s repose sur nos collaborateurs. Nous sommes une \u00e9quipe internationale compos\u00e9e de personnes motiv\u00e9es, comp\u00e9tentes et passionn\u00e9es, issues de milieux divers, d&rsquo;\u00e2ges, de cultures, de langues, de croyances et d&rsquo;exp\u00e9riences diff\u00e9rents. Nous sommes jeunes, ambitieux et en pleine croissance. Nous nous engageons \u00e0 apporter une valeur ajout\u00e9e aux producteurs\u2026","_links":{"self":[{"href":"https:\/\/newjfglobal.com\/fr\/wp-json\/wp\/v2\/pages\/3661","targetHints":{"allow":["GET"]}}],"collection":[{"href":"https:\/\/newjfglobal.com\/fr\/wp-json\/wp\/v2\/pages"}],"about":[{"href":"https:\/\/newjfglobal.com\/fr\/wp-json\/wp\/v2\/types\/page"}],"author":[{"embeddable":true,"href":"https:\/\/newjfglobal.com\/fr\/wp-json\/wp\/v2\/users\/2"}],"replies":[{"embeddable":true,"href":"https:\/\/newjfglobal.com\/fr\/wp-json\/wp\/v2\/comments?post=3661"}],"version-history":[{"count":8,"href":"https:\/\/newjfglobal.com\/fr\/wp-json\/wp\/v2\/pages\/3661\/revisions"}],"predecessor-version":[{"id":5212,"href":"https:\/\/newjfglobal.com\/fr\/wp-json\/wp\/v2\/pages\/3661\/revisions\/5212"}],"wp:attachment":[{"href":"https:\/\/newjfglobal.com\/fr\/wp-json\/wp\/v2\/media?parent=3661"}],"curies":[{"name":"wp","href":"https:\/\/api.w.org\/{rel}","templated":true}]}}